{"id":29286,"date":"2023-04-12T05:45:39","date_gmt":"2023-04-12T05:45:39","guid":{"rendered":"https:\/\/falkenbergs-batsallskap.se\/history-of-the-club"},"modified":"2024-05-31T05:48:31","modified_gmt":"2024-05-31T05:48:31","slug":"history-of-the-club","status":"publish","type":"page","link":"https:\/\/falkenbergs-batsallskap.se\/en\/history-of-the-club","title":{"rendered":"History of the club"},"content":{"rendered":"\t\t<div data-elementor-type=\"wp-page\" data-elementor-id=\"29286\" class=\"elementor elementor-29286 elementor-26133\" data-elementor-post-type=\"page\">\n\t\t\t\t<div class=\"elementor-element elementor-element-ed230fd e-con-full e-flex e-con e-parent\" data-id=\"ed230fd\" data-element_type=\"container\" data-e-type=\"container\">\n\t\t<div class=\"elementor-element elementor-element-7aba184 e-con-full e-flex e-con e-child\" data-id=\"7aba184\" data-element_type=\"container\" data-e-type=\"container\" data-settings=\"{&quot;background_background&quot;:&quot;slideshow&quot;,&quot;background_slideshow_gallery&quot;:[{&quot;id&quot;:26135,&quot;url&quot;:&quot;https:\\\/\\\/falkenbergs-batsallskap.se\\\/wp-content\\\/uploads\\\/2023\\\/04\\\/015-scaled.jpg&quot;},{&quot;id&quot;:29624,&quot;url&quot;:&quot;https:\\\/\\\/falkenbergs-batsallskap.se\\\/wp-content\\\/uploads\\\/2024\\\/03\\\/IMG_4527.jpeg&quot;}],&quot;background_slideshow_transition_duration&quot;:2000,&quot;shape_divider_bottom&quot;:&quot;waves&quot;,&quot;background_slideshow_loop&quot;:&quot;yes&quot;,&quot;background_slideshow_slide_duration&quot;:5000,&quot;background_slideshow_slide_transition&quot;:&quot;fade&quot;}\">\n\t\t\t\t<div class=\"elementor-shape elementor-shape-bottom\" aria-hidden=\"true\" data-negative=\"false\">\n\t\t\t<svg xmlns=\"http:\/\/www.w3.org\/2000\/svg\" viewBox=\"0 0 1000 100\" preserveAspectRatio=\"none\">\n\t<path class=\"elementor-shape-fill\" d=\"M421.9,6.5c22.6-2.5,51.5,0.4,75.5,5.3c23.6,4.9,70.9,23.5,100.5,35.7c75.8,32.2,133.7,44.5,192.6,49.7\n\tc23.6,2.1,48.7,3.5,103.4-2.5c54.7-6,106.2-25.6,106.2-25.6V0H0v30.3c0,0,72,32.6,158.4,30.5c39.2-0.7,92.8-6.7,134-22.4\n\tc21.2-8.1,52.2-18.2,79.7-24.2C399.3,7.9,411.6,7.5,421.9,6.5z\"\/>\n<\/svg>\t\t<\/div>\n\t\t\t\t<div class=\"elementor-element elementor-element-1d94a1d elementor-widget elementor-widget-heading\" data-id=\"1d94a1d\" data-element_type=\"widget\" data-e-type=\"widget\" data-widget_type=\"heading.default\">\n\t\t\t\t<div class=\"elementor-widget-container\">\n\t\t\t\t\t<h2 class=\"elementor-heading-title elementor-size-default\">HISTORY OF THE CLUB<\/h2>\t\t\t\t<\/div>\n\t\t\t\t<\/div>\n\t\t\t\t<\/div>\n\t\t\t\t<\/div>\n\t\t<div class=\"elementor-element elementor-element-36c0fac e-flex e-con-boxed e-con e-parent\" data-id=\"36c0fac\" data-element_type=\"container\" data-e-type=\"container\">\n\t\t\t\t\t<div class=\"e-con-inner\">\n\t\t<div class=\"elementor-element elementor-element-80b7380 e-con-full e-flex e-con e-child\" data-id=\"80b7380\" data-element_type=\"container\" data-e-type=\"container\">\n\t\t\t\t<div class=\"elementor-element elementor-element-35b7063 elementor-widget elementor-widget-heading\" data-id=\"35b7063\" data-element_type=\"widget\" data-e-type=\"widget\" data-widget_type=\"heading.default\">\n\t\t\t\t<div class=\"elementor-widget-container\">\n\t\t\t\t\t<h2 class=\"elementor-heading-title elementor-size-default\">Key events in the club's history<\/h2>\t\t\t\t<\/div>\n\t\t\t\t<\/div>\n\t\t\t\t<div class=\"elementor-element elementor-element-f423c4f elementor-widget elementor-widget-text-editor\" data-id=\"f423c4f\" data-element_type=\"widget\" data-e-type=\"widget\" data-widget_type=\"text-editor.default\">\n\t\t\t\t<div class=\"elementor-widget-container\">\n\t\t\t\t\t\t\t\t\t<div id=\"block_container_58509908\" class=\"block_container standard_text_block text_block\">\n<div id=\"block_58509908\">\n<div id=\"block_58509908_text_content\" class=\"text_content\">\n<ul>\n<li><strong>1969<\/strong> Falkenberg Boat Society is formed at a meeting on May 21.\n<\/p>\n<\/li>\n<li><strong>1973<\/strong> The clubhouse at the southern end of the railway bridge in the promenade by \u00c4tran was completed.\n<\/p>\n<\/li>\n<li><strong>1982<\/strong> The clubhouse is moved downstream to the launching ramp.<\/li>\n<li><strong>1983<\/strong> The storage area under the clubhouse is moved to the side of the clubhouse and roofed. Mast crane is manufactured and placed to the right of the launching ramp.<\/li>\n<li><strong>1984<\/strong> A toilet and shower building is built and placed next to the cabin when the marina is established.<\/li>\n<li><strong>1985<\/strong> B\u00e5ts\u00e4llskapet takes over, from the municipality, piers and related facilities and leases land and water areas in connection with these. B\u00e5ts\u00e4llskapet has hereby taken over the management of the marina on the southern side of \u00c4trans.<\/li>\n<li><strong>1986<\/strong> The B bridge with the small pool is built.<\/li>\n<li><strong>1987<\/strong> The mast shed is built and the J-bridge is rebuilt with a pontoon.<\/li>\n<li><strong>1988<\/strong> The A-bridge is rebuilt.<\/li>\n<li><strong>1989-91<\/strong> The new port is built.<\/li>\n<li><strong>1990-91<\/strong> C-bridge is rebuilt.<\/li>\n<li><strong>1992-94<\/strong> Project work on new clubhouse and storage.<\/li>\n<li><strong>1993<\/strong> The G-bridge is rebuilt.<\/li>\n<li><strong>1994<\/strong> The warehouse is built.<\/li>\n<li><strong>1996<\/strong> Municipal water and sewerage is installed.<\/li>\n<li><strong>1996-98<\/strong> The new clubhouse is built.<\/li>\n<li><strong>1999<\/strong> The R-bridge is completed with a pontoon downstream.<\/li>\n<li><strong>2000<\/strong> D-bridge is extended towards E-bridge.<\/li>\n<li><strong>2001<\/strong> Environmental station is built. The G-bridge is equipped with Y-barriers at all berths.<\/li>\n<li><strong>2002<\/strong> Replacement of the outer wooden pontoon of the M-bridge with a concrete pontoon.<\/li>\n<li><strong>2003<\/strong> New H-bridge replaces the old one and D-bridge is extended downstream.<\/li>\n<li><strong>2004<\/strong> New wooden pontoon on the inner part of the M-bridge.<\/li>\n<li><strong>2005<\/strong> New wooden pontoon on the B-bridge.<\/li>\n<li><strong>2006<\/strong> New wooden deck at B-bridge.<\/li>\n<li><strong>2007<\/strong> New K-bridge replaces the old pontoon in the den.<\/li>\n<li><strong>2009<\/strong> 10 new boathouses at K-bridge.<\/li>\n<li><strong>2010<\/strong> 8 new boathouses at pier C.<\/li>\n<li><strong>2011-12<\/strong> Toasugs plant is designed and installed at the service bridge with &#8220;LOVA&#8221; grants.<\/li>\n<li><strong>2013<\/strong> The old N pontoon is replaced by a new jetty, three sites with piles and 4 with Y barriers.<\/li>\n<li><strong>2015<\/strong> Construction of a new ramp and flushing plate. Investment in a sub-lift for picking up boats.<\/li>\n<li><strong>2016<\/strong> New masthead pier. Motorhome parking spaces<\/li>\n<li><strong>2017<\/strong> The A-bridge is rebuilt and extended. Electricity supply upgraded<\/li>\n<li><strong>2018<\/strong> Reconstruction of E-bridge and reinforcement of D-bridge.<\/li>\n<li><strong>2022<\/strong> Renovation of shower facilities<\/li>\n<li><strong>2023 <\/strong>Reconstruction of the C-bridge<\/li>\n<li><strong>2024<\/strong> D-bridge reinforced and supplied with new electricity<\/li>\n<\/ul>\n<\/div>\n<\/div>\n<\/div>\n\t\t\t\t\t\t\t\t<\/div>\n\t\t\t\t<\/div>\n\t\t\t\t<\/div>\n\t\t\t\t<div class=\"elementor-element elementor-element-ef5f712 elementor-widget elementor-widget-timeline-widget-addon\" data-id=\"ef5f712\" data-element_type=\"widget\" data-e-type=\"widget\" data-widget_type=\"timeline-widget-addon.default\">\n\t\t\t\t<div class=\"elementor-widget-container\">\n\t\t\t\t\t<!-- ========= Timeline Widget Addon For Elementor 1.6.24 ========= -->\n<div id=\"twae-wrapper-ef5f712\" class=\"twae-vertical twae-wrapper  twae-both-sided\">   \n    <div class=\"twae-start\"><\/div>    \n    <div id=\"twea-timeline-ef5f712\" class=\"twae-timeline\" ><!-- Start of Story Repeater Content --><div id=\"story-d3ab5cb\" class=\"twae-story twae-repeater-item twae-story-right twae-story-no-icon\"><!-- Story Label --><div class=\"twae-labels\"><div class=\"twae-label-big\">21 May 1969<\/div><\/div><!-- Story Icon --><div class=\"twae-icon\"><i aria-hidden=\"true\" class=\"far fa-clock\"><\/i><\/div><!-- Story Arrow --><div class=\"twae-arrow\"><\/div><!-- Start of Story Content --><div class=\"twae-content\"><!-- Story Title --><div class=\"twae-title\">The Falkenberg Boat Society was formed.<\/div><!-- Story Image --><div class=\"twae-media medium_large\"><img fetchpriority=\"high\" decoding=\"async\" width=\"768\" height=\"516\" src=\"https:\/\/falkenbergs-batsallskap.se\/wp-content\/uploads\/2023\/04\/015-768x516.jpg\" class=\"attachment-medium_large size-medium_large\" alt=\"\" srcset=\"https:\/\/falkenbergs-batsallskap.se\/wp-content\/uploads\/2023\/04\/015-768x516.jpg 768w, https:\/\/falkenbergs-batsallskap.se\/wp-content\/uploads\/2023\/04\/015-300x202.jpg 300w, https:\/\/falkenbergs-batsallskap.se\/wp-content\/uploads\/2023\/04\/015-1024x689.jpg 1024w, https:\/\/falkenbergs-batsallskap.se\/wp-content\/uploads\/2023\/04\/015-1536x1033.jpg 1536w, https:\/\/falkenbergs-batsallskap.se\/wp-content\/uploads\/2023\/04\/015-2048x1377.jpg 2048w\" sizes=\"(max-width: 768px) 100vw, 768px\" \/><\/div><!-- Story Description --><div class=\"twae-description\"><p>The club was formed by a group of enthusiasts<\/p>\n<\/div><\/div><\/div><!-- Start of Story Repeater Content --><div id=\"story-505382d\" class=\"twae-story twae-repeater-item twae-story-left twae-story-no-icon\"><!-- Story Label --><div class=\"twae-labels\"><div class=\"twae-label-big\">April 12, 1982<\/div><\/div><!-- Story Icon --><div class=\"twae-icon\"><i aria-hidden=\"true\" class=\"far fa-clock\"><\/i><\/div><!-- Story Arrow --><div class=\"twae-arrow\"><\/div><!-- Start of Story Content --><div class=\"twae-content\"><!-- Story Title --><div class=\"twae-title\">The clubhouse will be moved<\/div><!-- Story Image --><div class=\"twae-media large\"><img decoding=\"async\" width=\"800\" height=\"502\" src=\"https:\/\/falkenbergs-batsallskap.se\/wp-content\/uploads\/2023\/04\/016-1024x642.jpg\" class=\"attachment-large size-large\" alt=\"\" srcset=\"https:\/\/falkenbergs-batsallskap.se\/wp-content\/uploads\/2023\/04\/016-1024x642.jpg 1024w, https:\/\/falkenbergs-batsallskap.se\/wp-content\/uploads\/2023\/04\/016-300x188.jpg 300w, https:\/\/falkenbergs-batsallskap.se\/wp-content\/uploads\/2023\/04\/016-768x482.jpg 768w, https:\/\/falkenbergs-batsallskap.se\/wp-content\/uploads\/2023\/04\/016-1536x963.jpg 1536w, https:\/\/falkenbergs-batsallskap.se\/wp-content\/uploads\/2023\/04\/016-2048x1284.jpg 2048w\" sizes=\"(max-width: 800px) 100vw, 800px\" \/><\/div><!-- Story Description --><div class=\"twae-description\"><p>The clubhouse that was up by the railroad bridge,  <br \/>be moved to its current location.<\/p>\n<\/div><\/div><\/div><!-- Start of Story Repeater Content --><div id=\"story-138af12\" class=\"twae-story twae-repeater-item twae-story-right twae-story-no-icon\"><!-- Story Label --><div class=\"twae-labels\"><div class=\"twae-label-big\">1996-1998<\/div><\/div><!-- Story Icon --><div class=\"twae-icon\"><i aria-hidden=\"true\" class=\"far fa-clock\"><\/i><\/div><!-- Story Arrow --><div class=\"twae-arrow\"><\/div><!-- Start of Story Content --><div class=\"twae-content\"><!-- Story Title --><div class=\"twae-title\">New clubhouse being built<\/div><!-- Story Image --><div class=\"twae-media large\"><img decoding=\"async\" width=\"800\" height=\"676\" src=\"https:\/\/falkenbergs-batsallskap.se\/wp-content\/uploads\/2023\/03\/hamn-1024x865.jpg\" class=\"attachment-large size-large\" alt=\"\" srcset=\"https:\/\/falkenbergs-batsallskap.se\/wp-content\/uploads\/2023\/03\/hamn-1024x865.jpg 1024w, https:\/\/falkenbergs-batsallskap.se\/wp-content\/uploads\/2023\/03\/hamn-300x253.jpg 300w, https:\/\/falkenbergs-batsallskap.se\/wp-content\/uploads\/2023\/03\/hamn-768x649.jpg 768w, https:\/\/falkenbergs-batsallskap.se\/wp-content\/uploads\/2023\/03\/hamn-1536x1297.jpg 1536w, https:\/\/falkenbergs-batsallskap.se\/wp-content\/uploads\/2023\/03\/hamn-2048x1729.jpg 2048w, https:\/\/falkenbergs-batsallskap.se\/wp-content\/uploads\/2023\/03\/hamn-1320x1115.jpg 1320w\" sizes=\"(max-width: 800px) 100vw, 800px\" \/><\/div><!-- Story Description --><div class=\"twae-description\"><p>The old clubhouse is being renovated and the association is in good financial shape.<\/p>\n<\/div><\/div><\/div><!-- Start of Story Repeater Content --><div id=\"story-9763a78\" class=\"twae-story twae-repeater-item twae-story-left twae-story-no-icon\"><!-- Story Label --><div class=\"twae-labels\"><div class=\"twae-label-big\">21 May 2019<\/div><\/div><!-- Story Icon --><div class=\"twae-icon\"><i aria-hidden=\"true\" class=\"far fa-clock\"><\/i><\/div><!-- Story Arrow --><div class=\"twae-arrow\"><\/div><!-- Start of Story Content --><div class=\"twae-content\"><!-- Story Title --><div class=\"twae-title\">The club celebrates 50 years<\/div><!-- Story Image --><div class=\"twae-media large\"><img loading=\"lazy\" decoding=\"async\" width=\"800\" height=\"621\" src=\"https:\/\/falkenbergs-batsallskap.se\/wp-content\/uploads\/2023\/03\/kvallsbild-1024x795.jpg\" class=\"attachment-large size-large\" alt=\"\" srcset=\"https:\/\/falkenbergs-batsallskap.se\/wp-content\/uploads\/2023\/03\/kvallsbild-1024x795.jpg 1024w, https:\/\/falkenbergs-batsallskap.se\/wp-content\/uploads\/2023\/03\/kvallsbild-300x233.jpg 300w, https:\/\/falkenbergs-batsallskap.se\/wp-content\/uploads\/2023\/03\/kvallsbild-768x596.jpg 768w, https:\/\/falkenbergs-batsallskap.se\/wp-content\/uploads\/2023\/03\/kvallsbild-1536x1193.jpg 1536w, https:\/\/falkenbergs-batsallskap.se\/wp-content\/uploads\/2023\/03\/kvallsbild-2048x1590.jpg 2048w, https:\/\/falkenbergs-batsallskap.se\/wp-content\/uploads\/2023\/03\/kvallsbild-1320x1025.jpg 1320w\" sizes=\"(max-width: 800px) 100vw, 800px\" \/><\/div><!-- Story Description --><div class=\"twae-description\"><p>The club celebrates 50 years with an anniversary party for all members.  <\/p>\n<\/div><\/div><\/div><!-- Start of Story Repeater Content --><div id=\"story-03da4bb\" class=\"twae-story twae-repeater-item twae-story-right twae-story-no-icon\"><!-- Story Label --><div class=\"twae-labels\"><div class=\"twae-label-big\">2023<\/div><\/div><!-- Story Icon --><div class=\"twae-icon\"><i aria-hidden=\"true\" class=\"far fa-clock\"><\/i><\/div><!-- Story Arrow --><div class=\"twae-arrow\"><\/div><!-- Start of Story Content --><div class=\"twae-content\"><!-- Story Title --><div class=\"twae-title\">The association becomes electricity independent<\/div><!-- Story Image --><div class=\"twae-media large\"><img decoding=\"async\" src=\"https:\/\/powerregion.se\/wp-content\/uploads\/2021\/01\/solceller.jpg\" alt=\"The association becomes electricity independent\"><\/div><!-- Story Description --><div class=\"twae-description\"><p>The association makes a decision to invest in solar electricity and thus become completely self-sufficient in electricity for its activities.<\/p>\n<\/div><\/div><\/div><!-- Start of Story Repeater Content --><div id=\"story-2cd294b\" class=\"twae-story twae-repeater-item twae-story-left twae-story-no-icon\"><!-- Story Label --><div class=\"twae-labels\"><div class=\"twae-label-big\">2024<\/div><\/div><!-- Story Icon --><div class=\"twae-icon\"><i aria-hidden=\"true\" class=\"far fa-clock\"><\/i><\/div><!-- Story Arrow --><div class=\"twae-arrow\"><\/div><!-- Start of Story Content --><div class=\"twae-content\"><!-- Story Title --><div class=\"twae-title\">Renovation of piers<\/div><!-- Story Image --><div class=\"twae-media large\"><img loading=\"lazy\" decoding=\"async\" width=\"400\" height=\"300\" src=\"https:\/\/falkenbergs-batsallskap.se\/wp-content\/uploads\/2024\/03\/Resized_20240222_144429.jpeg\" class=\"attachment-large size-large\" alt=\"\" srcset=\"https:\/\/falkenbergs-batsallskap.se\/wp-content\/uploads\/2024\/03\/Resized_20240222_144429.jpeg 400w, https:\/\/falkenbergs-batsallskap.se\/wp-content\/uploads\/2024\/03\/Resized_20240222_144429-300x225.jpeg 300w\" sizes=\"(max-width: 400px) 100vw, 400px\" \/><\/div><!-- Story Description --><div class=\"twae-description\"><p>Continued refurbishment of piers with reinforcements and updating of pier electricity<\/p>\n<\/div><\/div><\/div><\/div>\n    <div class=\"twae-end\"><\/div>\n    <\/div><style type=\"text\/css\">@media (max-width: 1024px){ .twae-wrapper{--tw-ybx-size: 80px !important;}}@media (max-width: 767px){ .twae-wrapper{--tw-ybx-size: 80px !important}}<\/style>\t\t\t\t<\/div>\n\t\t\t\t<\/div>\n\t\t\t\t\t<\/div>\n\t\t\t\t<\/div>\n\t\t<div class=\"elementor-element elementor-element-c8f4d2a e-con-full e-flex e-con e-parent\" data-id=\"c8f4d2a\" data-element_type=\"container\" data-e-type=\"container\" data-settings=\"{&quot;shape_divider_bottom&quot;:&quot;waves&quot;}\">\n\t\t\t\t<div class=\"elementor-shape elementor-shape-bottom\" aria-hidden=\"true\" data-negative=\"false\">\n\t\t\t<svg xmlns=\"http:\/\/www.w3.org\/2000\/svg\" viewBox=\"0 0 1000 100\" preserveAspectRatio=\"none\">\n\t<path class=\"elementor-shape-fill\" d=\"M421.9,6.5c22.6-2.5,51.5,0.4,75.5,5.3c23.6,4.9,70.9,23.5,100.5,35.7c75.8,32.2,133.7,44.5,192.6,49.7\n\tc23.6,2.1,48.7,3.5,103.4-2.5c54.7-6,106.2-25.6,106.2-25.6V0H0v30.3c0,0,72,32.6,158.4,30.5c39.2-0.7,92.8-6.7,134-22.4\n\tc21.2-8.1,52.2-18.2,79.7-24.2C399.3,7.9,411.6,7.5,421.9,6.5z\"\/>\n<\/svg>\t\t<\/div>\n\t\t\t\t<\/div>\n\t\t\t\t<\/div>\n\t\t","protected":false},"excerpt":{"rendered":"<p>HISTORY OF THE CLUB Key events in the club&#8217;s history 1969 Falkenberg Boat Society is formed at a meeting on May 21. 1973 The clubhouse at the southern end of the railway bridge in the promenade by \u00c4tran was completed. 1982 The clubhouse is moved downstream to the launching ramp. 1983 The storage area under [&hellip;]<\/p>\n","protected":false},"author":409,"featured_media":0,"parent":0,"menu_order":0,"comment_status":"closed","ping_status":"closed","template":"","meta":{"_acf_changed":false,"footnotes":""},"class_list":["post-29286","page","type-page","status-publish","hentry"],"acf":[],"jetpack_sharing_enabled":true,"_links":{"self":[{"href":"https:\/\/falkenbergs-batsallskap.se\/en\/wp-json\/wp\/v2\/pages\/29286","targetHints":{"allow":["GET"]}}],"collection":[{"href":"https:\/\/falkenbergs-batsallskap.se\/en\/wp-json\/wp\/v2\/pages"}],"about":[{"href":"https:\/\/falkenbergs-batsallskap.se\/en\/wp-json\/wp\/v2\/types\/page"}],"author":[{"embeddable":true,"href":"https:\/\/falkenbergs-batsallskap.se\/en\/wp-json\/wp\/v2\/users\/409"}],"replies":[{"embeddable":true,"href":"https:\/\/falkenbergs-batsallskap.se\/en\/wp-json\/wp\/v2\/comments?post=29286"}],"version-history":[{"count":3,"href":"https:\/\/falkenbergs-batsallskap.se\/en\/wp-json\/wp\/v2\/pages\/29286\/revisions"}],"predecessor-version":[{"id":30105,"href":"https:\/\/falkenbergs-batsallskap.se\/en\/wp-json\/wp\/v2\/pages\/29286\/revisions\/30105"}],"wp:attachment":[{"href":"https:\/\/falkenbergs-batsallskap.se\/en\/wp-json\/wp\/v2\/media?parent=29286"}],"curies":[{"name":"wp","href":"https:\/\/api.w.org\/{rel}","templated":true}]}}