{"id":29248,"date":"2023-12-29T12:16:06","date_gmt":"2023-12-29T12:16:06","guid":{"rendered":"https:\/\/falkenbergs-batsallskap.se\/house-groups"},"modified":"2024-03-01T14:36:58","modified_gmt":"2024-03-01T14:36:58","slug":"house-groups","status":"publish","type":"page","link":"https:\/\/falkenbergs-batsallskap.se\/en\/house-groups","title":{"rendered":"house groups"},"content":{"rendered":"\t\t<div data-elementor-type=\"wp-page\" data-elementor-id=\"29248\" class=\"elementor elementor-29248 elementor-27410\" data-elementor-post-type=\"page\">\n\t\t\t\t<div class=\"elementor-element elementor-element-208d07ad e-con-full e-flex e-con e-parent\" data-id=\"208d07ad\" data-element_type=\"container\" data-e-type=\"container\">\n\t\t<div class=\"elementor-element elementor-element-6844a77 e-con-full e-flex e-con e-child\" data-id=\"6844a77\" data-element_type=\"container\" data-e-type=\"container\" data-settings=\"{&quot;background_background&quot;:&quot;slideshow&quot;,&quot;background_slideshow_gallery&quot;:[{&quot;id&quot;:27538,&quot;url&quot;:&quot;https:\\\/\\\/falkenbergs-batsallskap.se\\\/wp-content\\\/uploads\\\/2024\\\/01\\\/robert-zunikoff-yz22gsqAH0-unsplash-scaled.jpg&quot;},{&quot;id&quot;:27537,&quot;url&quot;:&quot;https:\\\/\\\/falkenbergs-batsallskap.se\\\/wp-content\\\/uploads\\\/2024\\\/01\\\/megan-menegay-_sZ3M3oFMMw-unsplash-scaled.jpg&quot;}],&quot;background_slideshow_transition_duration&quot;:2000,&quot;shape_divider_bottom&quot;:&quot;waves&quot;,&quot;background_slideshow_loop&quot;:&quot;yes&quot;,&quot;background_slideshow_slide_duration&quot;:5000,&quot;background_slideshow_slide_transition&quot;:&quot;fade&quot;}\">\n\t\t\t\t<div class=\"elementor-shape elementor-shape-bottom\" aria-hidden=\"true\" data-negative=\"false\">\n\t\t\t<svg xmlns=\"http:\/\/www.w3.org\/2000\/svg\" viewBox=\"0 0 1000 100\" preserveAspectRatio=\"none\">\n\t<path class=\"elementor-shape-fill\" d=\"M421.9,6.5c22.6-2.5,51.5,0.4,75.5,5.3c23.6,4.9,70.9,23.5,100.5,35.7c75.8,32.2,133.7,44.5,192.6,49.7\n\tc23.6,2.1,48.7,3.5,103.4-2.5c54.7-6,106.2-25.6,106.2-25.6V0H0v30.3c0,0,72,32.6,158.4,30.5c39.2-0.7,92.8-6.7,134-22.4\n\tc21.2-8.1,52.2-18.2,79.7-24.2C399.3,7.9,411.6,7.5,421.9,6.5z\"\/>\n<\/svg>\t\t<\/div>\n\t\t\t\t<\/div>\n\t\t\t\t<\/div>\n\t\t<div class=\"elementor-element elementor-element-da2e12c e-flex e-con-boxed e-con e-parent\" data-id=\"da2e12c\" data-element_type=\"container\" data-e-type=\"container\">\n\t\t\t\t\t<div class=\"e-con-inner\">\n\t\t<div class=\"elementor-element elementor-element-85c93d7 e-con-full e-flex e-con e-child\" data-id=\"85c93d7\" data-element_type=\"container\" data-e-type=\"container\">\n\t\t\t\t<div class=\"elementor-element elementor-element-5c422579 elementor-widget elementor-widget-image\" data-id=\"5c422579\" data-element_type=\"widget\" data-e-type=\"widget\" data-widget_type=\"image.default\">\n\t\t\t\t<div class=\"elementor-widget-container\">\n\t\t\t\t\t\t\t\t\t\t\t\t\t\t\t<img fetchpriority=\"high\" decoding=\"async\" width=\"800\" height=\"600\" src=\"https:\/\/falkenbergs-batsallskap.se\/wp-content\/uploads\/2023\/06\/303285023_10159206481061194_4419972082530649211_n_10159206469956194-1024x768.jpeg\" class=\"attachment-large size-large wp-image-29009\" alt=\"\" srcset=\"https:\/\/falkenbergs-batsallskap.se\/wp-content\/uploads\/2023\/06\/303285023_10159206481061194_4419972082530649211_n_10159206469956194-1024x768.jpeg 1024w, https:\/\/falkenbergs-batsallskap.se\/wp-content\/uploads\/2023\/06\/303285023_10159206481061194_4419972082530649211_n_10159206469956194-300x225.jpeg 300w, https:\/\/falkenbergs-batsallskap.se\/wp-content\/uploads\/2023\/06\/303285023_10159206481061194_4419972082530649211_n_10159206469956194-768x576.jpeg 768w, https:\/\/falkenbergs-batsallskap.se\/wp-content\/uploads\/2023\/06\/303285023_10159206481061194_4419972082530649211_n_10159206469956194-1536x1152.jpeg 1536w, https:\/\/falkenbergs-batsallskap.se\/wp-content\/uploads\/2023\/06\/303285023_10159206481061194_4419972082530649211_n_10159206469956194-600x450.jpeg 600w, https:\/\/falkenbergs-batsallskap.se\/wp-content\/uploads\/2023\/06\/303285023_10159206481061194_4419972082530649211_n_10159206469956194.jpeg 2048w\" sizes=\"(max-width: 800px) 100vw, 800px\" \/>\t\t\t\t\t\t\t\t\t\t\t\t\t\t\t<\/div>\n\t\t\t\t<\/div>\n\t\t\t\t<div class=\"elementor-element elementor-element-5d78ebbe elementor-widget elementor-widget-heading\" data-id=\"5d78ebbe\" data-element_type=\"widget\" data-e-type=\"widget\" data-widget_type=\"heading.default\">\n\t\t\t\t<div class=\"elementor-widget-container\">\n\t\t\t\t\t<h2 class=\"elementor-heading-title elementor-size-default\">Work plan 2024<\/h2>\t\t\t\t<\/div>\n\t\t\t\t<\/div>\n\t\t\t\t<div class=\"elementor-element elementor-element-208aa1ba elementor-widget elementor-widget-text-editor\" data-id=\"208aa1ba\" data-element_type=\"widget\" data-e-type=\"widget\" data-widget_type=\"text-editor.default\">\n\t\t\t\t<div class=\"elementor-widget-container\">\n\t\t\t\t\t\t\t\t\t<p>January: Aila Hoff<br \/>February: Rikard Bengtsson<br \/>March: Anna Land\u00e9n<br \/>April: G\u00f6ran Hallgren<br \/>May: Anna Land\u00e9n<br \/>June: Rikard Bengtsson<br \/>July: Ann-Kristin M\u00e5rtensson<br \/>August: G\u00f6ran Hallgren<br \/>September: Aila Hoff<br \/>October: Tom Bengtsson<br \/>November: Rikard Bengtsson<br \/>December: G\u00f6ran Hallgren<\/p>\n<p><strong>Responsibilities:<\/strong><br \/>&#8211; Cleaning of public areas, kitchen and toilets inside the clubhouse<\/p>\n<p><span style=\"text-align: var(--text-align);\">&#8211; Ordering hygiene products and cleaning equipment<\/span><\/p>\n<p><span style=\"text-align: var(--text-align);\">&#8211; Kitchen managers at meetings. Make sure that it is unpicked from the<br \/>  dishwashers and that there is not a lot of stuff in the fridge and freezer.  <br \/>  The purchase of coffee, cakes and ice cream is the responsibility of the house group.<\/span><\/p>\n<p><span style=\"text-align: var(--text-align);\">&#8211; Organize joint activities for club members.<\/span><\/p>\n\t\t\t\t\t\t\t\t<\/div>\n\t\t\t\t<\/div>\n\t\t\t\t<\/div>\n\t\t<div class=\"elementor-element elementor-element-d4f1571 e-con-full e-flex e-con e-child\" data-id=\"d4f1571\" data-element_type=\"container\" data-e-type=\"container\">\n\t\t\t\t<div class=\"elementor-element elementor-element-28e033cc elementor-widget elementor-widget-heading\" data-id=\"28e033cc\" data-element_type=\"widget\" data-e-type=\"widget\" data-widget_type=\"heading.default\">\n\t\t\t\t<div class=\"elementor-widget-container\">\n\t\t\t\t\t<h2 class=\"elementor-heading-title elementor-size-default\">Contact persons<\/h2>\t\t\t\t<\/div>\n\t\t\t\t<\/div>\n\t\t\t\t<div class=\"elementor-element elementor-element-621d774d elementor-widget elementor-widget-text-editor\" data-id=\"621d774d\" data-element_type=\"widget\" data-e-type=\"widget\" data-widget_type=\"text-editor.default\">\n\t\t\t\t<div class=\"elementor-widget-container\">\n\t\t\t\t\t\t\t\t\t<p><b>Ann-Kristin M\u00e5rtensson:&nbsp;<\/b>&nbsp; &nbsp; &nbsp; 070-200 59 81<br><b>Tom Bengtsson:&nbsp;<\/b> &nbsp; &nbsp; &nbsp; &nbsp; &nbsp; &nbsp; &nbsp; &nbsp; &nbsp; &nbsp; 076-855 23 62<br><b>Rikard Bengtsson:&nbsp;<\/b> &nbsp; &nbsp; &nbsp; &nbsp; &nbsp; &nbsp; &nbsp; &nbsp; 072-221 66 88<br><b>G\u00f6ran Hallgren:<\/b>&nbsp; &nbsp; &nbsp; &nbsp; &nbsp; &nbsp; &nbsp; &nbsp; &nbsp; &nbsp; &nbsp; &nbsp; 070-974 79 64<br><b>Aila Hoff:&nbsp; <\/b>&nbsp; &nbsp; &nbsp; &nbsp; &nbsp; &nbsp; &nbsp; &nbsp; &nbsp; &nbsp; &nbsp; &nbsp; &nbsp; &nbsp; &nbsp; &nbsp;  070-374 04 18<br><b>Anna Land\u00e9n:<\/b>&nbsp; &nbsp; &nbsp; &nbsp; &nbsp; &nbsp; &nbsp; &nbsp; &nbsp; &nbsp; &nbsp; &nbsp; &nbsp; 076-029 85 03<br><b>Helene M\u00e5nsson:&nbsp;<\/b> &nbsp; &nbsp; &nbsp; &nbsp; &nbsp; &nbsp; &nbsp; &nbsp; &nbsp; 070-557 90 05<\/p>\n<p><b>Rental of the clubhouse to mooring members<br><\/b>Contact: Ann-Kristin M\u00e5rtensson<\/p>\t\t\t\t\t\t\t\t<\/div>\n\t\t\t\t<\/div>\n\t\t\t\t<div class=\"elementor-element elementor-element-415cb373 elementor-widget elementor-widget-image\" data-id=\"415cb373\" data-element_type=\"widget\" data-e-type=\"widget\" data-widget_type=\"image.default\">\n\t\t\t\t<div class=\"elementor-widget-container\">\n\t\t\t\t\t\t\t\t\t\t\t\t\t\t\t<img decoding=\"async\" width=\"800\" height=\"800\" src=\"https:\/\/falkenbergs-batsallskap.se\/wp-content\/uploads\/2022\/04\/93504F5D-6C00-4974-A3C8-60D293FF6B0C_1_201_a-1024x1024.jpeg\" class=\"attachment-large size-large wp-image-28545\" alt=\"\" srcset=\"https:\/\/falkenbergs-batsallskap.se\/wp-content\/uploads\/2022\/04\/93504F5D-6C00-4974-A3C8-60D293FF6B0C_1_201_a-1024x1024.jpeg 1024w, https:\/\/falkenbergs-batsallskap.se\/wp-content\/uploads\/2022\/04\/93504F5D-6C00-4974-A3C8-60D293FF6B0C_1_201_a-300x300.jpeg 300w, https:\/\/falkenbergs-batsallskap.se\/wp-content\/uploads\/2022\/04\/93504F5D-6C00-4974-A3C8-60D293FF6B0C_1_201_a-150x150.jpeg 150w, https:\/\/falkenbergs-batsallskap.se\/wp-content\/uploads\/2022\/04\/93504F5D-6C00-4974-A3C8-60D293FF6B0C_1_201_a-768x768.jpeg 768w, https:\/\/falkenbergs-batsallskap.se\/wp-content\/uploads\/2022\/04\/93504F5D-6C00-4974-A3C8-60D293FF6B0C_1_201_a-1536x1536.jpeg 1536w, https:\/\/falkenbergs-batsallskap.se\/wp-content\/uploads\/2022\/04\/93504F5D-6C00-4974-A3C8-60D293FF6B0C_1_201_a-2048x2048.jpeg 2048w, https:\/\/falkenbergs-batsallskap.se\/wp-content\/uploads\/2022\/04\/93504F5D-6C00-4974-A3C8-60D293FF6B0C_1_201_a-570x570.jpeg 570w, https:\/\/falkenbergs-batsallskap.se\/wp-content\/uploads\/2022\/04\/93504F5D-6C00-4974-A3C8-60D293FF6B0C_1_201_a-500x500.jpeg 500w, https:\/\/falkenbergs-batsallskap.se\/wp-content\/uploads\/2022\/04\/93504F5D-6C00-4974-A3C8-60D293FF6B0C_1_201_a-1000x1000.jpeg 1000w, https:\/\/falkenbergs-batsallskap.se\/wp-content\/uploads\/2022\/04\/93504F5D-6C00-4974-A3C8-60D293FF6B0C_1_201_a-700x700.jpeg 700w, https:\/\/falkenbergs-batsallskap.se\/wp-content\/uploads\/2022\/04\/93504F5D-6C00-4974-A3C8-60D293FF6B0C_1_201_a-1320x1320.jpeg 1320w, https:\/\/falkenbergs-batsallskap.se\/wp-content\/uploads\/2022\/04\/93504F5D-6C00-4974-A3C8-60D293FF6B0C_1_201_a-400x400.jpeg 400w, https:\/\/falkenbergs-batsallskap.se\/wp-content\/uploads\/2022\/04\/93504F5D-6C00-4974-A3C8-60D293FF6B0C_1_201_a-600x600.jpeg 600w, https:\/\/falkenbergs-batsallskap.se\/wp-content\/uploads\/2022\/04\/93504F5D-6C00-4974-A3C8-60D293FF6B0C_1_201_a-100x100.jpeg 100w\" sizes=\"(max-width: 800px) 100vw, 800px\" \/>\t\t\t\t\t\t\t\t\t\t\t\t\t\t\t<\/div>\n\t\t\t\t<\/div>\n\t\t\t\t<\/div>\n\t\t\t\t\t<\/div>\n\t\t\t\t<\/div>\n\t\t\t\t<\/div>\n\t\t","protected":false},"excerpt":{"rendered":"<p>Work plan 2024 January: Aila HoffFebruary: Rikard BengtssonMarch: Anna Land\u00e9nApril: G\u00f6ran HallgrenMay: Anna Land\u00e9nJune: Rikard BengtssonJuly: Ann-Kristin M\u00e5rtenssonAugust: G\u00f6ran HallgrenSeptember: Aila HoffOctober: Tom BengtssonNovember: Rikard BengtssonDecember: G\u00f6ran Hallgren Responsibilities:&#8211; Cleaning of public areas, kitchen and toilets inside the clubhouse &#8211; Ordering hygiene products and cleaning equipment &#8211; Kitchen managers at meetings. Make sure that it [&hellip;]<\/p>\n","protected":false},"author":409,"featured_media":0,"parent":0,"menu_order":0,"comment_status":"closed","ping_status":"closed","template":"","meta":{"_acf_changed":false,"footnotes":""},"class_list":["post-29248","page","type-page","status-publish","hentry"],"acf":[],"jetpack_sharing_enabled":true,"_links":{"self":[{"href":"https:\/\/falkenbergs-batsallskap.se\/en\/wp-json\/wp\/v2\/pages\/29248","targetHints":{"allow":["GET"]}}],"collection":[{"href":"https:\/\/falkenbergs-batsallskap.se\/en\/wp-json\/wp\/v2\/pages"}],"about":[{"href":"https:\/\/falkenbergs-batsallskap.se\/en\/wp-json\/wp\/v2\/types\/page"}],"author":[{"embeddable":true,"href":"https:\/\/falkenbergs-batsallskap.se\/en\/wp-json\/wp\/v2\/users\/409"}],"replies":[{"embeddable":true,"href":"https:\/\/falkenbergs-batsallskap.se\/en\/wp-json\/wp\/v2\/comments?post=29248"}],"version-history":[{"count":1,"href":"https:\/\/falkenbergs-batsallskap.se\/en\/wp-json\/wp\/v2\/pages\/29248\/revisions"}],"predecessor-version":[{"id":29249,"href":"https:\/\/falkenbergs-batsallskap.se\/en\/wp-json\/wp\/v2\/pages\/29248\/revisions\/29249"}],"wp:attachment":[{"href":"https:\/\/falkenbergs-batsallskap.se\/en\/wp-json\/wp\/v2\/media?parent=29248"}],"curies":[{"name":"wp","href":"https:\/\/api.w.org\/{rel}","templated":true}]}}