{"id":29166,"date":"2024-02-19T06:18:51","date_gmt":"2024-02-19T06:18:51","guid":{"rendered":"https:\/\/falkenbergs-batsallskap.se\/apply-for-a-mooring"},"modified":"2024-03-22T08:58:57","modified_gmt":"2024-03-22T08:58:57","slug":"apply-for-a-mooring","status":"publish","type":"page","link":"https:\/\/falkenbergs-batsallskap.se\/en\/apply-for-a-mooring","title":{"rendered":"Apply for a mooring"},"content":{"rendered":"\t\t<div data-elementor-type=\"wp-page\" data-elementor-id=\"29166\" class=\"elementor elementor-29166 elementor-28314\" data-elementor-post-type=\"page\">\n\t\t\t\t<div class=\"elementor-element elementor-element-6aff6e9 e-flex e-con-boxed e-con e-parent\" data-id=\"6aff6e9\" data-element_type=\"container\" data-e-type=\"container\">\n\t\t\t\t\t<div class=\"e-con-inner\">\n\t\t<div class=\"elementor-element elementor-element-9d8566c e-flex e-con-boxed e-con e-child\" data-id=\"9d8566c\" data-element_type=\"container\" data-e-type=\"container\">\n\t\t\t\t\t<div class=\"e-con-inner\">\n\t\t\t\t<div class=\"elementor-element elementor-element-6162edb elementor-widget elementor-widget-image\" data-id=\"6162edb\" data-element_type=\"widget\" data-e-type=\"widget\" data-widget_type=\"image.default\">\n\t\t\t\t<div class=\"elementor-widget-container\">\n\t\t\t\t\t\t\t\t\t\t\t\t\t\t\t<img decoding=\"async\" width=\"150\" height=\"150\" src=\"https:\/\/falkenbergs-batsallskap.se\/wp-content\/uploads\/2023\/03\/FBS_Logo_farg-1-150x150.jpg\" class=\"attachment-thumbnail size-thumbnail wp-image-28743\" alt=\"\" srcset=\"https:\/\/falkenbergs-batsallskap.se\/wp-content\/uploads\/2023\/03\/elementor\/thumbs\/FBS_Logo_farg-1-q3s9wlenlz8as6cc2dtryiwzmor5secmrqaniyffq4.jpg 150w, https:\/\/falkenbergs-batsallskap.se\/wp-content\/uploads\/2023\/03\/FBS_Logo_farg-1-300x300.jpg 300w, https:\/\/falkenbergs-batsallskap.se\/wp-content\/uploads\/2023\/03\/FBS_Logo_farg-1-768x768.jpg 768w, https:\/\/falkenbergs-batsallskap.se\/wp-content\/uploads\/2023\/03\/elementor\/thumbs\/FBS_Logo_farg-1-q3s9wleme4fv666lngylug2mlcjj4n4wvxphdjy7p0.jpg 50w, https:\/\/falkenbergs-batsallskap.se\/wp-content\/uploads\/2023\/03\/FBS_Logo_farg-1.jpg 898w\" sizes=\"(max-width: 150px) 100vw, 150px\" \/>\t\t\t\t\t\t\t\t\t\t\t\t\t\t\t<\/div>\n\t\t\t\t<\/div>\n\t\t\t\t<div class=\"elementor-element elementor-element-58378de elementor-widget elementor-widget-heading\" data-id=\"58378de\" data-element_type=\"widget\" data-e-type=\"widget\" data-widget_type=\"heading.default\">\n\t\t\t\t<div class=\"elementor-widget-container\">\n\t\t\t\t\t<h2 class=\"elementor-heading-title elementor-size-default\">Apply for a mooring<\/h2>\t\t\t\t<\/div>\n\t\t\t\t<\/div>\n\t\t\t\t<div class=\"elementor-element elementor-element-d6f960c elementor-widget elementor-widget-text-editor\" data-id=\"d6f960c\" data-element_type=\"widget\" data-e-type=\"widget\" data-widget_type=\"text-editor.default\">\n\t\t\t\t<div class=\"elementor-widget-container\">\n\t\t\t\t\t\t\t\t\t<p>To apply for a berth, you must be a member and have a membership number.  <br \/><span style=\"text-align: var(--text-align); font-family: -apple-system, BlinkMacSystemFont, 'Segoe UI', Roboto, 'Helvetica Neue', Arial, 'Noto Sans', sans-serif, 'Apple Color Emoji', 'Segoe UI Emoji', 'Segoe UI Symbol', 'Noto Color Emoji'; font-size: 1rem;\">It is only when you have paid the membership fee that you can apply for a berth.  <br \/>Please read carefully the rules that apply to duty to work and rules of conduct.<\/span><\/p>\n\t\t\t\t\t\t\t\t<\/div>\n\t\t\t\t<\/div>\n\t\t\t\t<div class=\"elementor-element elementor-element-a5fb7e1 elementor-widget elementor-widget-text-editor\" data-id=\"a5fb7e1\" data-element_type=\"widget\" data-e-type=\"widget\" data-widget_type=\"text-editor.default\">\n\t\t\t\t<div class=\"elementor-widget-container\">\n\t\t\t\t\t\t\t\t\t<div class=\"forminator-ui forminator-custom-form forminator-custom-form-21086 forminator-design--default  forminator_ajax\" data-forminator-render=\"0\" data-form=\"forminator-module-21086\" data-uid=\"69e0201fa41a7\"><br\/><\/div><form\n\t\t\t\tid=\"forminator-module-21086\"\n\t\t\t\tclass=\"forminator-ui forminator-custom-form forminator-custom-form-21086 forminator-design--default  forminator_ajax\"\n\t\t\t\tmethod=\"post\"\n\t\t\t\tdata-forminator-render=\"0\"\n\t\t\t\tdata-form-id=\"21086\"\n\t\t\t\t data-color-option=\"default\" data-design=\"default\" data-grid=\"open\" style=\"display: none;\"\n\t\t\t\tdata-uid=\"69e0201fa41a7\"\n\t\t\t><div role=\"alert\" aria-live=\"polite\" class=\"forminator-response-message forminator-error\" aria-hidden=\"true\"><\/div><div class=\"forminator-row\"><div id=\"text-5\" class=\"forminator-field-text forminator-col forminator-col-4 \"><div class=\"forminator-field\"><label for=\"forminator-field-text-5_69e0201fa41a7\" id=\"forminator-field-text-5_69e0201fa41a7-label\" class=\"forminator-label\">Medlemsnummer <span class=\"forminator-required\">*<\/span><\/label><input type=\"text\" name=\"text-5\" value=\"\" placeholder=\"\" id=\"forminator-field-text-5_69e0201fa41a7\" class=\"forminator-input forminator-name--field\" data-required=\"1\" aria-describedby=\"forminator-field-text-5_69e0201fa41a7-description\" \/><span id=\"forminator-field-text-5_69e0201fa41a7-description\" class=\"forminator-description\">F\u00f6r att ans\u00f6ka om b\u00e5tplats kr\u00e4vs ett medlemsnummer<\/span><\/div><\/div><div id=\"name-1\" class=\"forminator-field-name forminator-col forminator-col-4 \"><div class=\"forminator-field\"><label for=\"forminator-field-name-1_69e0201fa41a7\" id=\"forminator-field-name-1_69e0201fa41a7-label\" class=\"forminator-label\">F\u00f6rnamn <span class=\"forminator-required\">*<\/span><\/label><input type=\"text\" name=\"name-1\" value=\"\" placeholder=\"\" id=\"forminator-field-name-1_69e0201fa41a7\" class=\"forminator-input forminator-name--field\" aria-required=\"true\" autocomplete=\"name\" \/><\/div><\/div><div id=\"name-2\" class=\"forminator-field-name forminator-col forminator-col-4 \"><div class=\"forminator-field\"><label for=\"forminator-field-name-2_69e0201fa41a7\" id=\"forminator-field-name-2_69e0201fa41a7-label\" class=\"forminator-label\">Efternamn <span class=\"forminator-required\">*<\/span><\/label><input type=\"text\" name=\"name-2\" value=\"\" placeholder=\"\" id=\"forminator-field-name-2_69e0201fa41a7\" class=\"forminator-input forminator-name--field\" aria-required=\"true\" autocomplete=\"name\" \/><\/div><\/div><\/div><div class=\"forminator-row\"><div id=\"phone-1\" class=\"forminator-field-phone forminator-col forminator-col-6 \"><div class=\"forminator-field\"><label for=\"forminator-field-phone-1_69e0201fa41a7\" id=\"forminator-field-phone-1_69e0201fa41a7-label\" class=\"forminator-label\">Mobilnummer <span class=\"forminator-required\">*<\/span><\/label><input type=\"text\" name=\"phone-1\" value=\"\" placeholder=\"\" id=\"forminator-field-phone-1_69e0201fa41a7\" class=\"forminator-input forminator-field--phone\" data-required=\"1\" aria-required=\"true\" autocomplete=\"off\" data-validation=\"1\" \/><\/div><\/div><div id=\"email-1\" class=\"forminator-field-email forminator-col forminator-col-6 \"><div class=\"forminator-field\"><label for=\"forminator-field-email-1_69e0201fa41a7\" id=\"forminator-field-email-1_69e0201fa41a7-label\" class=\"forminator-label\">Mailadress <span class=\"forminator-required\">*<\/span><\/label><input type=\"email\" name=\"email-1\" value=\"\" placeholder=\"T.e.x john@doe.com\" id=\"forminator-field-email-1_69e0201fa41a7\" class=\"forminator-input forminator-email--field\" data-required=\"true\" aria-required=\"true\" autocomplete=\"email\" \/><\/div><\/div><\/div><div class=\"forminator-row\"><div id=\"checkbox-1\" class=\"forminator-field-checkbox forminator-col forminator-col-12 \"><div role=\"group\" class=\"forminator-field required\" aria-labelledby=\"forminator-checkbox-group-forminator-field-checkbox-1-69e0201fa41a7-label\"><span id=\"forminator-checkbox-group-forminator-field-checkbox-1-69e0201fa41a7-label\" class=\"forminator-label\">B\u00e5ttyp <span class=\"forminator-required\">*<\/span><\/span><label id=\"forminator-field-checkbox-1-1-69e0201fa41a7-label\" for=\"forminator-field-checkbox-1-1-69e0201fa41a7\" class=\"forminator-checkbox forminator-checkbox-inline\" title=\"Motorb\u00e5t\"><input type=\"checkbox\" name=\"checkbox-1[]\" value=\"motorbt\" id=\"forminator-field-checkbox-1-1-69e0201fa41a7\" aria-labelledby=\"forminator-field-checkbox-1-1-69e0201fa41a7-label\" data-calculation=\"0\"  \/><span class=\"forminator-checkbox-box\" aria-hidden=\"true\"><\/span><span class=\"forminator-checkbox-label\">Motorb\u00e5t<\/span><\/label><label id=\"forminator-field-checkbox-1-2-69e0201fa41a7-label\" for=\"forminator-field-checkbox-1-2-69e0201fa41a7\" class=\"forminator-checkbox forminator-checkbox-inline\" title=\"Segelb\u00e5t\"><input type=\"checkbox\" name=\"checkbox-1[]\" value=\"segelbt\" id=\"forminator-field-checkbox-1-2-69e0201fa41a7\" aria-labelledby=\"forminator-field-checkbox-1-2-69e0201fa41a7-label\" data-calculation=\"0\"  \/><span class=\"forminator-checkbox-box\" aria-hidden=\"true\"><\/span><span class=\"forminator-checkbox-label\">Segelb\u00e5t<\/span><\/label><\/div><\/div><\/div><div class=\"forminator-row\"><div id=\"text-1\" class=\"forminator-field-text forminator-col forminator-col-3 \"><div class=\"forminator-field\"><label for=\"forminator-field-text-1_69e0201fa41a7\" id=\"forminator-field-text-1_69e0201fa41a7-label\" class=\"forminator-label\">Bredd <span class=\"forminator-required\">*<\/span><\/label><input type=\"text\" name=\"text-1\" value=\"\" placeholder=\"\" id=\"forminator-field-text-1_69e0201fa41a7\" class=\"forminator-input forminator-name--field\" data-required=\"1\" \/><\/div><\/div><div id=\"text-2\" class=\"forminator-field-text forminator-col forminator-col-3 \"><div class=\"forminator-field\"><label for=\"forminator-field-text-2_69e0201fa41a7\" id=\"forminator-field-text-2_69e0201fa41a7-label\" class=\"forminator-label\">L\u00e4ngd <span class=\"forminator-required\">*<\/span><\/label><input type=\"text\" name=\"text-2\" value=\"\" placeholder=\"\" id=\"forminator-field-text-2_69e0201fa41a7\" class=\"forminator-input forminator-name--field\" data-required=\"1\" \/><\/div><\/div><div id=\"text-3\" class=\"forminator-field-text forminator-col forminator-col-3 \"><div class=\"forminator-field\"><label for=\"forminator-field-text-3_69e0201fa41a7\" id=\"forminator-field-text-3_69e0201fa41a7-label\" class=\"forminator-label\">Djup <span class=\"forminator-required\">*<\/span><\/label><input type=\"text\" name=\"text-3\" value=\"\" placeholder=\"\" id=\"forminator-field-text-3_69e0201fa41a7\" class=\"forminator-input forminator-name--field\" data-required=\"1\" \/><\/div><\/div><div id=\"text-4\" class=\"forminator-field-text forminator-col forminator-col-3 \"><div class=\"forminator-field\"><label for=\"forminator-field-text-4_69e0201fa41a7\" id=\"forminator-field-text-4_69e0201fa41a7-label\" class=\"forminator-label\">Vikt <span class=\"forminator-required\">*<\/span><\/label><input type=\"text\" name=\"text-4\" value=\"\" placeholder=\"\" id=\"forminator-field-text-4_69e0201fa41a7\" class=\"forminator-input forminator-name--field\" data-required=\"1\" \/><\/div><\/div><\/div><div class=\"forminator-row\"><div id=\"textarea-1\" class=\"forminator-field-textarea forminator-col forminator-col-12 \"><div class=\"forminator-field\"><label for=\"forminator-field-textarea-1_69e0201fa41a7\" id=\"forminator-field-textarea-1_69e0201fa41a7-label\" class=\"forminator-label\">Plats<\/label><textarea name=\"textarea-1\" placeholder=\"H\u00e4r kan Du ange om du har \u00f6nskem\u00e5l om vid vilken brygga du vill ha b\u00e5ten, eller andra \u00f6nskem\u00e5l.\" id=\"forminator-field-textarea-1_69e0201fa41a7\" class=\"forminator-textarea\" rows=\"6\" style=\"min-height:140px;\" ><\/textarea><\/div><\/div><\/div><div class=\"forminator-row\"><div id=\"consent-2\" class=\"forminator-field-consent forminator-col forminator-col-4 \"><div class=\"forminator-field\"><label for=\"forminator-field-consent-2_69e0201fa41a7\" id=\"forminator-field-consent-2_69e0201fa41a7-label\" class=\"forminator-label\">Godk\u00e4nnande <span class=\"forminator-required\">*<\/span><\/label><div class=\"forminator-checkbox__wrapper\"><label id=\"forminator-field-consent-2_69e0201fa41a7__label\" class=\"forminator-checkbox forminator-consent\"><input type=\"checkbox\" name=\"consent-2\" id=\"forminator-field-consent-2_69e0201fa41a7\" value=\"checked\" aria-labelledby=\"forminator-field-consent-2_69e0201fa41a7-label\" aria-describedby=\"forminator-field-consent-2_69e0201fa41a7__description\" data-required=\"true\" aria-required=\"true\" \/><span class=\"forminator-checkbox-box\" aria-hidden=\"true\"><\/span><\/label><div id=\"forminator-field-consent-2_69e0201fa41a7__description\" class=\"forminator-checkbox__label forminator-consent__label\"><p>Ja, jag har l\u00e4st igenom vilka regler och skyldigheter jag har som medlem och godk\u00e4nner h\u00e4rmed detta.<\/p><\/div><\/div><\/div><\/div><div id=\"consent-1\" class=\"forminator-field-consent forminator-col forminator-col-4 \"><div class=\"forminator-field\"><label for=\"forminator-field-consent-1_69e0201fa41a7\" id=\"forminator-field-consent-1_69e0201fa41a7-label\" class=\"forminator-label\">Arbetsplikt <span class=\"forminator-required\">*<\/span><\/label><div class=\"forminator-checkbox__wrapper\"><label id=\"forminator-field-consent-1_69e0201fa41a7__label\" class=\"forminator-checkbox forminator-consent\"><input type=\"checkbox\" name=\"consent-1\" id=\"forminator-field-consent-1_69e0201fa41a7\" value=\"checked\" aria-labelledby=\"forminator-field-consent-1_69e0201fa41a7-label\" aria-describedby=\"forminator-field-consent-1_69e0201fa41a7__description\" data-required=\"true\" aria-required=\"true\" \/><span class=\"forminator-checkbox-box\" aria-hidden=\"true\"><\/span><\/label><div id=\"forminator-field-consent-1_69e0201fa41a7__description\" class=\"forminator-checkbox__label forminator-consent__label\"><p>Ja, jag \u00e4r medveten om att 20 timmars arbetsplikt\/s\u00e4ssong g\u00e4ller f\u00f6r medlemmar som innehar b\u00e5tplats.&nbsp;<\/p><\/div><\/div><\/div><\/div><div id=\"consent-3\" class=\"forminator-field-consent forminator-col forminator-col-4 \"><div class=\"forminator-field\"><label for=\"forminator-field-consent-3_69e0201fa41a7\" id=\"forminator-field-consent-3_69e0201fa41a7-label\" class=\"forminator-label\">GDPR <span class=\"forminator-required\">*<\/span><\/label><div class=\"forminator-checkbox__wrapper\"><label id=\"forminator-field-consent-3_69e0201fa41a7__label\" class=\"forminator-checkbox forminator-consent\"><input type=\"checkbox\" name=\"consent-3\" id=\"forminator-field-consent-3_69e0201fa41a7\" value=\"checked\" aria-labelledby=\"forminator-field-consent-3_69e0201fa41a7-label\" aria-describedby=\"forminator-field-consent-3_69e0201fa41a7__description\" data-required=\"true\" aria-required=\"true\" \/><span class=\"forminator-checkbox-box\" aria-hidden=\"true\"><\/span><\/label><div id=\"forminator-field-consent-3_69e0201fa41a7__description\" class=\"forminator-checkbox__label forminator-consent__label\"><p>Ja, jag godk\u00e4nner att mina uppgifter lagras i Svenska B\u00e5tunionens databas (BAS).&nbsp;<\/p><\/div><\/div><\/div><\/div><\/div><input type=\"hidden\" name=\"referer_url\" value=\"\" \/><div class=\"forminator-row forminator-row-last\"><div class=\"forminator-col\"><div class=\"forminator-field\"><button class=\"forminator-button forminator-button-submit\">Skicka ans&ouml;kan<\/button><\/div><\/div><\/div><input type=\"hidden\" id=\"forminator_nonce\" name=\"forminator_nonce\" value=\"054a1acf2b\" \/><input type=\"hidden\" name=\"_wp_http_referer\" value=\"\/en\/wp-json\/wp\/v2\/pages\/29166\" \/><input type=\"hidden\" name=\"form_id\" value=\"21086\"><input type=\"hidden\" name=\"page_id\" value=\"29166\"><input type=\"hidden\" name=\"form_type\" value=\"\"><input type=\"hidden\" name=\"current_url\" value=\"https:\/\/falkenbergs-batsallskap.se\/en\/apply-for-a-mooring\"><input type=\"hidden\" name=\"render_id\" value=\"0\"><input type=\"hidden\" name=\"action\" value=\"forminator_submit_form_custom-forms\"><\/form>\n\t\t\t\t\t\t\t\t<\/div>\n\t\t\t\t<\/div>\n\t\t\t\t\t<\/div>\n\t\t\t\t<\/div>\n\t\t\t\t\t<\/div>\n\t\t\t\t<\/div>\n\t\t\t\t<\/div>\n\t\t","protected":false},"excerpt":{"rendered":"<p>Apply for a mooring To apply for a berth, you must be a member and have a membership number. It is only when you have paid the membership fee that you can apply for a berth. Please read carefully the rules that apply to duty to work and rules of conduct.<\/p>\n","protected":false},"author":406,"featured_media":0,"parent":0,"menu_order":0,"comment_status":"closed","ping_status":"closed","template":"","meta":{"_acf_changed":false,"footnotes":""},"class_list":["post-29166","page","type-page","status-publish","hentry"],"acf":[],"jetpack_sharing_enabled":true,"_links":{"self":[{"href":"https:\/\/falkenbergs-batsallskap.se\/en\/wp-json\/wp\/v2\/pages\/29166","targetHints":{"allow":["GET"]}}],"collection":[{"href":"https:\/\/falkenbergs-batsallskap.se\/en\/wp-json\/wp\/v2\/pages"}],"about":[{"href":"https:\/\/falkenbergs-batsallskap.se\/en\/wp-json\/wp\/v2\/types\/page"}],"author":[{"embeddable":true,"href":"https:\/\/falkenbergs-batsallskap.se\/en\/wp-json\/wp\/v2\/users\/406"}],"replies":[{"embeddable":true,"href":"https:\/\/falkenbergs-batsallskap.se\/en\/wp-json\/wp\/v2\/comments?post=29166"}],"version-history":[{"count":3,"href":"https:\/\/falkenbergs-batsallskap.se\/en\/wp-json\/wp\/v2\/pages\/29166\/revisions"}],"predecessor-version":[{"id":29487,"href":"https:\/\/falkenbergs-batsallskap.se\/en\/wp-json\/wp\/v2\/pages\/29166\/revisions\/29487"}],"wp:attachment":[{"href":"https:\/\/falkenbergs-batsallskap.se\/en\/wp-json\/wp\/v2\/media?parent=29166"}],"curies":[{"name":"wp","href":"https:\/\/api.w.org\/{rel}","templated":true}]}}