{"id":29322,"date":"2023-04-12T05:45:39","date_gmt":"2023-04-12T05:45:39","guid":{"rendered":"https:\/\/falkenbergs-batsallskap.se\/geschichte-des-clubs"},"modified":"2024-05-31T05:48:59","modified_gmt":"2024-05-31T05:48:59","slug":"geschichte-des-clubs","status":"publish","type":"page","link":"https:\/\/falkenbergs-batsallskap.se\/de\/geschichte-des-clubs","title":{"rendered":"Geschichte des Clubs"},"content":{"rendered":"\t\t<div data-elementor-type=\"wp-page\" data-elementor-id=\"29322\" class=\"elementor elementor-29322 elementor-26133\" data-elementor-post-type=\"page\">\n\t\t\t\t<div class=\"elementor-element elementor-element-ed230fd e-con-full e-flex e-con e-parent\" data-id=\"ed230fd\" data-element_type=\"container\" data-e-type=\"container\">\n\t\t<div class=\"elementor-element elementor-element-7aba184 e-con-full e-flex e-con e-child\" data-id=\"7aba184\" data-element_type=\"container\" data-e-type=\"container\" data-settings=\"{&quot;background_background&quot;:&quot;slideshow&quot;,&quot;background_slideshow_gallery&quot;:[{&quot;id&quot;:26135,&quot;url&quot;:&quot;https:\\\/\\\/falkenbergs-batsallskap.se\\\/wp-content\\\/uploads\\\/2023\\\/04\\\/015-scaled.jpg&quot;},{&quot;id&quot;:29624,&quot;url&quot;:&quot;https:\\\/\\\/falkenbergs-batsallskap.se\\\/wp-content\\\/uploads\\\/2024\\\/03\\\/IMG_4527.jpeg&quot;}],&quot;background_slideshow_transition_duration&quot;:2000,&quot;shape_divider_bottom&quot;:&quot;waves&quot;,&quot;background_slideshow_loop&quot;:&quot;yes&quot;,&quot;background_slideshow_slide_duration&quot;:5000,&quot;background_slideshow_slide_transition&quot;:&quot;fade&quot;}\">\n\t\t\t\t<div class=\"elementor-shape elementor-shape-bottom\" aria-hidden=\"true\" data-negative=\"false\">\n\t\t\t<svg xmlns=\"http:\/\/www.w3.org\/2000\/svg\" viewBox=\"0 0 1000 100\" preserveAspectRatio=\"none\">\n\t<path class=\"elementor-shape-fill\" d=\"M421.9,6.5c22.6-2.5,51.5,0.4,75.5,5.3c23.6,4.9,70.9,23.5,100.5,35.7c75.8,32.2,133.7,44.5,192.6,49.7\n\tc23.6,2.1,48.7,3.5,103.4-2.5c54.7-6,106.2-25.6,106.2-25.6V0H0v30.3c0,0,72,32.6,158.4,30.5c39.2-0.7,92.8-6.7,134-22.4\n\tc21.2-8.1,52.2-18.2,79.7-24.2C399.3,7.9,411.6,7.5,421.9,6.5z\"\/>\n<\/svg>\t\t<\/div>\n\t\t\t\t<div class=\"elementor-element elementor-element-1d94a1d elementor-widget elementor-widget-heading\" data-id=\"1d94a1d\" data-element_type=\"widget\" data-e-type=\"widget\" data-widget_type=\"heading.default\">\n\t\t\t\t<div class=\"elementor-widget-container\">\n\t\t\t\t\t<h2 class=\"elementor-heading-title elementor-size-default\">GESCHICHTE DES CLUBS<\/h2>\t\t\t\t<\/div>\n\t\t\t\t<\/div>\n\t\t\t\t<\/div>\n\t\t\t\t<\/div>\n\t\t<div class=\"elementor-element elementor-element-36c0fac e-flex e-con-boxed e-con e-parent\" data-id=\"36c0fac\" data-element_type=\"container\" data-e-type=\"container\">\n\t\t\t\t\t<div class=\"e-con-inner\">\n\t\t<div class=\"elementor-element elementor-element-80b7380 e-con-full e-flex e-con e-child\" data-id=\"80b7380\" data-element_type=\"container\" data-e-type=\"container\">\n\t\t\t\t<div class=\"elementor-element elementor-element-35b7063 elementor-widget elementor-widget-heading\" data-id=\"35b7063\" data-element_type=\"widget\" data-e-type=\"widget\" data-widget_type=\"heading.default\">\n\t\t\t\t<div class=\"elementor-widget-container\">\n\t\t\t\t\t<h2 class=\"elementor-heading-title elementor-size-default\">Wichtige Ereignisse in der Geschichte des Clubs<\/h2>\t\t\t\t<\/div>\n\t\t\t\t<\/div>\n\t\t\t\t<div class=\"elementor-element elementor-element-f423c4f elementor-widget elementor-widget-text-editor\" data-id=\"f423c4f\" data-element_type=\"widget\" data-e-type=\"widget\" data-widget_type=\"text-editor.default\">\n\t\t\t\t<div class=\"elementor-widget-container\">\n\t\t\t\t\t\t\t\t\t<div id=\"block_container_58509908\" class=\"block_container standard_text_block text_block\">\n<div id=\"block_58509908\">\n<div id=\"block_58509908_text_content\" class=\"text_content\">\n<ul>\n<li><strong>1969<\/strong> Auf einer Versammlung am 21. Mai wird der Falkenberger Bootsverein gegr\u00fcndet.\n<\/p>\n<\/li>\n<li><strong>1973<\/strong> wurde das Klubhaus am s\u00fcdlichen Ende der Eisenbahnbr\u00fccke an der \u00c4tranpromenade fertiggestellt.\n<\/p>\n<\/li>\n<li><strong>1982<\/strong> Das Clubhaus wird flussabw\u00e4rts zur Startrampe verlegt.<\/li>\n<li><strong>1983<\/strong> Der Lagerraum unter dem Klubhaus wird an die Seite des Klubhauses verlegt und \u00fcberdacht. Der Mastkran wird hergestellt und rechts von der Startrampe platziert.<\/li>\n<li><strong>1984<\/strong> Bei der Einrichtung des G\u00e4stehafens wird ein Toiletten- und Duschgeb\u00e4ude gebaut und neben der H\u00fctte aufgestellt.<\/li>\n<li><strong>1985<\/strong> B\u00e5ts\u00e4llskapet \u00fcbernimmt von der Kommune die Anlegestellen und die dazugeh\u00f6rigen Einrichtungen und pachtet die dazugeh\u00f6rigen Grundst\u00fccke und Wasserfl\u00e4chen. B\u00e5ts\u00e4llskapet hat hiermit die Verwaltung des Jachthafens auf der S\u00fcdseite des \u00c4trans \u00fcbernommen.<\/li>\n<li><strong>1986<\/strong> Die B-Br\u00fccke mit dem kleinen Becken wird gebaut.<\/li>\n<li><strong>1987<\/strong> Der Mastschuppen wird gebaut und die J-Br\u00fccke wird durch einen Ponton ersetzt.<\/li>\n<li><strong>1988<\/strong> Die A-Br\u00fccke wird wiederaufgebaut.<\/li>\n<li><strong>1989-91<\/strong> Der neue Hafen wird gebaut.<\/li>\n<li><strong>1990-91<\/strong> Die C-Br\u00fccke wird neu gebaut.<\/li>\n<li><strong>1992-94<\/strong> Projektarbeit f\u00fcr das neue Klubhaus und das Lager.<\/li>\n<li><strong>1993<\/strong> Die G-Br\u00fccke wird wiederaufgebaut.<\/li>\n<li><strong>1994<\/strong> Das Lagerhaus wird gebaut.<\/li>\n<li><strong>1996<\/strong> St\u00e4dtische Wasser- und Abwasserversorgung wird eingerichtet.<\/li>\n<li><strong>1996-98<\/strong> Das neue Klubhaus wird gebaut.<\/li>\n<li><strong>1999<\/strong> Die R-Br\u00fccke wird mit einem Ponton flussabw\u00e4rts fertiggestellt.<\/li>\n<li><strong>2000<\/strong> Die D-Br\u00fccke wird zur E-Br\u00fccke erweitert.<\/li>\n<li><strong>2001<\/strong> Das Umweltzentrum wird gebaut. Die G-Br\u00fccke ist an allen Liegepl\u00e4tzen mit Y-Barrieren ausgestattet.<\/li>\n<li><strong>2002<\/strong> Ersetzen des \u00e4u\u00dferen Holzpontons der M-Br\u00fccke durch einen Betonponton.<\/li>\n<li><strong>2003<\/strong> Eine neue H-Br\u00fccke ersetzt die alte und die D-Br\u00fccke wird stromabw\u00e4rts verl\u00e4ngert.<\/li>\n<li><strong>2004<\/strong> Neuer Holzponton auf dem inneren Teil der M-Br\u00fccke.<\/li>\n<li><strong>2005<\/strong> Neuer Holzponton auf der B-Br\u00fccke.<\/li>\n<li><strong>2006<\/strong> Neues Holzdeck an der B-Br\u00fccke.<\/li>\n<li><strong>2007<\/strong> Die neue K-Br\u00fccke ersetzt den alten Ponton im Hafen.<\/li>\n<li><strong>2009<\/strong> 10 neue Bootsh\u00e4user an der K-Br\u00fccke.<\/li>\n<li><strong>2010<\/strong> 8 neue Bootsh\u00e4user am Steg C.<\/li>\n<li><strong>2011-12<\/strong> Die Toasugs-Installation wird mit Hilfe von &#8222;LOVA&#8220;-Zusch\u00fcssen entworfen und an der Servicebr\u00fccke gebaut.<\/li>\n<li><strong>2013<\/strong> Der alte N-Ponton wird durch einen neuen Steg ersetzt, drei Standorte mit Pf\u00e4hlen und 4 mit Y-Sperren.<\/li>\n<li><strong>2015<\/strong> Bau einer neuen Rampe und einer Sp\u00fclplatte. Investition in einen Sub-Lift f\u00fcr die Aufnahme von Booten.<\/li>\n<li><strong>2016<\/strong> Neuer Mastkopfsteg. Wohnmobilstellpl\u00e4tze<\/li>\n<li><strong>2017<\/strong> Die A-Br\u00fccke wird umgestaltet und erweitert. Verbesserung der Elektrizit\u00e4tsversorgung<\/li>\n<li><strong>2018<\/strong> Wiederaufbau der E-Br\u00fccke und Verst\u00e4rkung der D-Br\u00fccke.<\/li>\n<li><strong>2022<\/strong> Renovierung der Duschanlagen<\/li>\n<li><strong>2023 <\/strong>Wiederaufbau der C-Br\u00fccke<\/li>\n<li><strong>2024<\/strong> D-Br\u00fccke wird verst\u00e4rkt und mit neuem Strom versorgt<\/li>\n<\/ul>\n<\/div>\n<\/div>\n<\/div>\n\t\t\t\t\t\t\t\t<\/div>\n\t\t\t\t<\/div>\n\t\t\t\t<\/div>\n\t\t\t\t<div class=\"elementor-element elementor-element-ef5f712 elementor-widget elementor-widget-timeline-widget-addon\" data-id=\"ef5f712\" data-element_type=\"widget\" data-e-type=\"widget\" data-widget_type=\"timeline-widget-addon.default\">\n\t\t\t\t<div class=\"elementor-widget-container\">\n\t\t\t\t\t<!-- ========= Timeline Widget Addon For Elementor 1.6.23 ========= -->\n<div id=\"twae-wrapper-ef5f712\" class=\"twae-vertical twae-wrapper  twae-both-sided\">   \n    <div class=\"twae-start\"><\/div>    \n    <div id=\"twea-timeline-ef5f712\" class=\"twae-timeline\" ><!-- Start of Story Repeater Content --><div id=\"story-d3ab5cb\" class=\"twae-story twae-repeater-item twae-story-right twae-story-no-icon\"><!-- Story Label --><div class=\"twae-labels\"><div class=\"twae-label-big\">21. Mai 1969<\/div><\/div><!-- Story Icon --><div class=\"twae-icon\"><i aria-hidden=\"true\" class=\"far fa-clock\"><\/i><\/div><!-- Story Arrow --><div class=\"twae-arrow\"><\/div><!-- Start of Story Content --><div class=\"twae-content\"><!-- Story Title --><div class=\"twae-title\">Der Falkenberger Bootsverein wurde gegr\u00fcndet.<\/div><!-- Story Image --><div class=\"twae-media medium_large\"><img fetchpriority=\"high\" decoding=\"async\" width=\"768\" height=\"516\" src=\"https:\/\/falkenbergs-batsallskap.se\/wp-content\/uploads\/2023\/04\/015-768x516.jpg\" class=\"attachment-medium_large size-medium_large\" alt=\"\" srcset=\"https:\/\/falkenbergs-batsallskap.se\/wp-content\/uploads\/2023\/04\/015-768x516.jpg 768w, https:\/\/falkenbergs-batsallskap.se\/wp-content\/uploads\/2023\/04\/015-300x202.jpg 300w, https:\/\/falkenbergs-batsallskap.se\/wp-content\/uploads\/2023\/04\/015-1024x689.jpg 1024w, https:\/\/falkenbergs-batsallskap.se\/wp-content\/uploads\/2023\/04\/015-1536x1033.jpg 1536w, https:\/\/falkenbergs-batsallskap.se\/wp-content\/uploads\/2023\/04\/015-2048x1377.jpg 2048w\" sizes=\"(max-width: 768px) 100vw, 768px\" \/><\/div><!-- Story Description --><div class=\"twae-description\"><p>Der Club wurde von einer Gruppe von Enthusiasten gegr\u00fcndet<\/p>\n<\/div><\/div><\/div><!-- Start of Story Repeater Content --><div id=\"story-505382d\" class=\"twae-story twae-repeater-item twae-story-left twae-story-no-icon\"><!-- Story Label --><div class=\"twae-labels\"><div class=\"twae-label-big\">12. April 1982<\/div><\/div><!-- Story Icon --><div class=\"twae-icon\"><i aria-hidden=\"true\" class=\"far fa-clock\"><\/i><\/div><!-- Story Arrow --><div class=\"twae-arrow\"><\/div><!-- Start of Story Content --><div class=\"twae-content\"><!-- Story Title --><div class=\"twae-title\">Das Clubhaus wird verlegt<\/div><!-- Story Image --><div class=\"twae-media large\"><img decoding=\"async\" width=\"800\" height=\"502\" src=\"https:\/\/falkenbergs-batsallskap.se\/wp-content\/uploads\/2023\/04\/016-1024x642.jpg\" class=\"attachment-large size-large\" alt=\"\" srcset=\"https:\/\/falkenbergs-batsallskap.se\/wp-content\/uploads\/2023\/04\/016-1024x642.jpg 1024w, https:\/\/falkenbergs-batsallskap.se\/wp-content\/uploads\/2023\/04\/016-300x188.jpg 300w, https:\/\/falkenbergs-batsallskap.se\/wp-content\/uploads\/2023\/04\/016-768x482.jpg 768w, https:\/\/falkenbergs-batsallskap.se\/wp-content\/uploads\/2023\/04\/016-1536x963.jpg 1536w, https:\/\/falkenbergs-batsallskap.se\/wp-content\/uploads\/2023\/04\/016-2048x1284.jpg 2048w\" sizes=\"(max-width: 800px) 100vw, 800px\" \/><\/div><!-- Story Description --><div class=\"twae-description\"><p>Das Klubhaus, das oben an der Eisenbahnbr\u00fccke stand,  <br \/>an seinen derzeitigen Standort verlegt werden.<\/p>\n<\/div><\/div><\/div><!-- Start of Story Repeater Content --><div id=\"story-138af12\" class=\"twae-story twae-repeater-item twae-story-right twae-story-no-icon\"><!-- Story Label --><div class=\"twae-labels\"><div class=\"twae-label-big\">1996-1998<\/div><\/div><!-- Story Icon --><div class=\"twae-icon\"><i aria-hidden=\"true\" class=\"far fa-clock\"><\/i><\/div><!-- Story Arrow --><div class=\"twae-arrow\"><\/div><!-- Start of Story Content --><div class=\"twae-content\"><!-- Story Title --><div class=\"twae-title\">Neues Klubhaus wird gebaut<\/div><!-- Story Image --><div class=\"twae-media large\"><img decoding=\"async\" width=\"800\" height=\"676\" src=\"https:\/\/falkenbergs-batsallskap.se\/wp-content\/uploads\/2023\/03\/hamn-1024x865.jpg\" class=\"attachment-large size-large\" alt=\"\" srcset=\"https:\/\/falkenbergs-batsallskap.se\/wp-content\/uploads\/2023\/03\/hamn-1024x865.jpg 1024w, https:\/\/falkenbergs-batsallskap.se\/wp-content\/uploads\/2023\/03\/hamn-300x253.jpg 300w, https:\/\/falkenbergs-batsallskap.se\/wp-content\/uploads\/2023\/03\/hamn-768x649.jpg 768w, https:\/\/falkenbergs-batsallskap.se\/wp-content\/uploads\/2023\/03\/hamn-1536x1297.jpg 1536w, https:\/\/falkenbergs-batsallskap.se\/wp-content\/uploads\/2023\/03\/hamn-2048x1729.jpg 2048w, https:\/\/falkenbergs-batsallskap.se\/wp-content\/uploads\/2023\/03\/hamn-1320x1115.jpg 1320w\" sizes=\"(max-width: 800px) 100vw, 800px\" \/><\/div><!-- Story Description --><div class=\"twae-description\"><p>Das alte Klubhaus wird erweitert, und die Organisation ist in guter finanzieller Verfassung.<\/p>\n<\/div><\/div><\/div><!-- Start of Story Repeater Content --><div id=\"story-9763a78\" class=\"twae-story twae-repeater-item twae-story-left twae-story-no-icon\"><!-- Story Label --><div class=\"twae-labels\"><div class=\"twae-label-big\">21. Mai 2019<\/div><\/div><!-- Story Icon --><div class=\"twae-icon\"><i aria-hidden=\"true\" class=\"far fa-clock\"><\/i><\/div><!-- Story Arrow --><div class=\"twae-arrow\"><\/div><!-- Start of Story Content --><div class=\"twae-content\"><!-- Story Title --><div class=\"twae-title\">Der Club feiert sein 50-j\u00e4hriges Bestehen<\/div><!-- Story Image --><div class=\"twae-media large\"><img loading=\"lazy\" decoding=\"async\" width=\"800\" height=\"621\" src=\"https:\/\/falkenbergs-batsallskap.se\/wp-content\/uploads\/2023\/03\/kvallsbild-1024x795.jpg\" class=\"attachment-large size-large\" alt=\"\" srcset=\"https:\/\/falkenbergs-batsallskap.se\/wp-content\/uploads\/2023\/03\/kvallsbild-1024x795.jpg 1024w, https:\/\/falkenbergs-batsallskap.se\/wp-content\/uploads\/2023\/03\/kvallsbild-300x233.jpg 300w, https:\/\/falkenbergs-batsallskap.se\/wp-content\/uploads\/2023\/03\/kvallsbild-768x596.jpg 768w, https:\/\/falkenbergs-batsallskap.se\/wp-content\/uploads\/2023\/03\/kvallsbild-1536x1193.jpg 1536w, https:\/\/falkenbergs-batsallskap.se\/wp-content\/uploads\/2023\/03\/kvallsbild-2048x1590.jpg 2048w, https:\/\/falkenbergs-batsallskap.se\/wp-content\/uploads\/2023\/03\/kvallsbild-1320x1025.jpg 1320w\" sizes=\"(max-width: 800px) 100vw, 800px\" \/><\/div><!-- Story Description --><div class=\"twae-description\"><p>Der Club feiert sein 50-j\u00e4hriges Bestehen mit einer Jubil\u00e4umsfeier f\u00fcr alle Mitglieder.  <\/p>\n<\/div><\/div><\/div><!-- Start of Story Repeater Content --><div id=\"story-03da4bb\" class=\"twae-story twae-repeater-item twae-story-right twae-story-no-icon\"><!-- Story Label --><div class=\"twae-labels\"><div class=\"twae-label-big\">2023<\/div><\/div><!-- Story Icon --><div class=\"twae-icon\"><i aria-hidden=\"true\" class=\"far fa-clock\"><\/i><\/div><!-- Story Arrow --><div class=\"twae-arrow\"><\/div><!-- Start of Story Content --><div class=\"twae-content\"><!-- Story Title --><div class=\"twae-title\">Der Verein wird stromunabh\u00e4ngig<\/div><!-- Story Image --><div class=\"twae-media large\"><img decoding=\"async\" src=\"https:\/\/powerregion.se\/wp-content\/uploads\/2021\/01\/solceller.jpg\" alt=\"Der Verein wird stromunabh\u00e4ngig\"><\/div><!-- Story Description --><div class=\"twae-description\"><p>Die Organisation beschlie\u00dft, in Solarstrom zu investieren und sich so vollst\u00e4ndig selbst mit Strom f\u00fcr ihre T\u00e4tigkeit zu versorgen.<\/p>\n<\/div><\/div><\/div><!-- Start of Story Repeater Content --><div id=\"story-2cd294b\" class=\"twae-story twae-repeater-item twae-story-left twae-story-no-icon\"><!-- Story Label --><div class=\"twae-labels\"><div class=\"twae-label-big\">2024<\/div><\/div><!-- Story Icon --><div class=\"twae-icon\"><i aria-hidden=\"true\" class=\"far fa-clock\"><\/i><\/div><!-- Story Arrow --><div class=\"twae-arrow\"><\/div><!-- Start of Story Content --><div class=\"twae-content\"><!-- Story Title --><div class=\"twae-title\">Renovierung von Anlegestellen<\/div><!-- Story Image --><div class=\"twae-media large\"><img loading=\"lazy\" decoding=\"async\" width=\"400\" height=\"300\" src=\"https:\/\/falkenbergs-batsallskap.se\/wp-content\/uploads\/2024\/03\/Resized_20240222_144429.jpeg\" class=\"attachment-large size-large\" alt=\"\" srcset=\"https:\/\/falkenbergs-batsallskap.se\/wp-content\/uploads\/2024\/03\/Resized_20240222_144429.jpeg 400w, https:\/\/falkenbergs-batsallskap.se\/wp-content\/uploads\/2024\/03\/Resized_20240222_144429-300x225.jpeg 300w\" sizes=\"(max-width: 400px) 100vw, 400px\" \/><\/div><!-- Story Description --><div class=\"twae-description\"><p>Fortgesetzte Renovierung der Piers mit Verst\u00e4rkungen und Aktualisierung der Pierelektrik<\/p>\n<\/div><\/div><\/div><\/div>\n    <div class=\"twae-end\"><\/div>\n    <\/div><style type=\"text\/css\">@media (max-width: 1024px){ .twae-wrapper{--tw-ybx-size: 80px !important;}}@media (max-width: 767px){ .twae-wrapper{--tw-ybx-size: 80px !important}}<\/style>\t\t\t\t<\/div>\n\t\t\t\t<\/div>\n\t\t\t\t\t<\/div>\n\t\t\t\t<\/div>\n\t\t<div class=\"elementor-element elementor-element-c8f4d2a e-con-full e-flex e-con e-parent\" data-id=\"c8f4d2a\" data-element_type=\"container\" data-e-type=\"container\" data-settings=\"{&quot;shape_divider_bottom&quot;:&quot;waves&quot;}\">\n\t\t\t\t<div class=\"elementor-shape elementor-shape-bottom\" aria-hidden=\"true\" data-negative=\"false\">\n\t\t\t<svg xmlns=\"http:\/\/www.w3.org\/2000\/svg\" viewBox=\"0 0 1000 100\" preserveAspectRatio=\"none\">\n\t<path class=\"elementor-shape-fill\" d=\"M421.9,6.5c22.6-2.5,51.5,0.4,75.5,5.3c23.6,4.9,70.9,23.5,100.5,35.7c75.8,32.2,133.7,44.5,192.6,49.7\n\tc23.6,2.1,48.7,3.5,103.4-2.5c54.7-6,106.2-25.6,106.2-25.6V0H0v30.3c0,0,72,32.6,158.4,30.5c39.2-0.7,92.8-6.7,134-22.4\n\tc21.2-8.1,52.2-18.2,79.7-24.2C399.3,7.9,411.6,7.5,421.9,6.5z\"\/>\n<\/svg>\t\t<\/div>\n\t\t\t\t<\/div>\n\t\t\t\t<\/div>\n\t\t","protected":false},"excerpt":{"rendered":"<p>GESCHICHTE DES CLUBS Wichtige Ereignisse in der Geschichte des Clubs 1969 Auf einer Versammlung am 21. Mai wird der Falkenberger Bootsverein gegr\u00fcndet. 1973 wurde das Klubhaus am s\u00fcdlichen Ende der Eisenbahnbr\u00fccke an der \u00c4tranpromenade fertiggestellt. 1982 Das Clubhaus wird flussabw\u00e4rts zur Startrampe verlegt. 1983 Der Lagerraum unter dem Klubhaus wird an die Seite des Klubhauses [&hellip;]<\/p>\n","protected":false},"author":409,"featured_media":0,"parent":0,"menu_order":0,"comment_status":"closed","ping_status":"closed","template":"","meta":{"_acf_changed":false,"footnotes":""},"class_list":["post-29322","page","type-page","status-publish","hentry"],"acf":[],"jetpack_sharing_enabled":true,"_links":{"self":[{"href":"https:\/\/falkenbergs-batsallskap.se\/de\/wp-json\/wp\/v2\/pages\/29322","targetHints":{"allow":["GET"]}}],"collection":[{"href":"https:\/\/falkenbergs-batsallskap.se\/de\/wp-json\/wp\/v2\/pages"}],"about":[{"href":"https:\/\/falkenbergs-batsallskap.se\/de\/wp-json\/wp\/v2\/types\/page"}],"author":[{"embeddable":true,"href":"https:\/\/falkenbergs-batsallskap.se\/de\/wp-json\/wp\/v2\/users\/409"}],"replies":[{"embeddable":true,"href":"https:\/\/falkenbergs-batsallskap.se\/de\/wp-json\/wp\/v2\/comments?post=29322"}],"version-history":[{"count":4,"href":"https:\/\/falkenbergs-batsallskap.se\/de\/wp-json\/wp\/v2\/pages\/29322\/revisions"}],"predecessor-version":[{"id":30108,"href":"https:\/\/falkenbergs-batsallskap.se\/de\/wp-json\/wp\/v2\/pages\/29322\/revisions\/30108"}],"wp:attachment":[{"href":"https:\/\/falkenbergs-batsallskap.se\/de\/wp-json\/wp\/v2\/media?parent=29322"}],"curies":[{"name":"wp","href":"https:\/\/api.w.org\/{rel}","templated":true}]}}