{"id":29298,"date":"2023-03-31T10:09:31","date_gmt":"2023-03-31T10:09:31","guid":{"rendered":"https:\/\/falkenbergs-batsallskap.se\/bootsliegeplaetze"},"modified":"2024-03-01T14:44:52","modified_gmt":"2024-03-01T14:44:52","slug":"bootsliegeplaetze","status":"publish","type":"page","link":"https:\/\/falkenbergs-batsallskap.se\/de\/bootsliegeplaetze","title":{"rendered":"Bootsliegepl\u00e4tze"},"content":{"rendered":"\t\t<div data-elementor-type=\"wp-page\" data-elementor-id=\"29298\" class=\"elementor elementor-29298 elementor-26098\" data-elementor-post-type=\"page\">\n\t\t\t\t<div class=\"elementor-element elementor-element-c539c96 e-con-full e-flex e-con e-parent\" data-id=\"c539c96\" data-element_type=\"container\" data-e-type=\"container\" data-settings=\"{&quot;background_background&quot;:&quot;slideshow&quot;,&quot;background_slideshow_gallery&quot;:[{&quot;id&quot;:27538,&quot;url&quot;:&quot;https:\\\/\\\/falkenbergs-batsallskap.se\\\/wp-content\\\/uploads\\\/2024\\\/01\\\/robert-zunikoff-yz22gsqAH0-unsplash-scaled.jpg&quot;},{&quot;id&quot;:27537,&quot;url&quot;:&quot;https:\\\/\\\/falkenbergs-batsallskap.se\\\/wp-content\\\/uploads\\\/2024\\\/01\\\/megan-menegay-_sZ3M3oFMMw-unsplash-scaled.jpg&quot;}],&quot;background_slideshow_transition_duration&quot;:2000,&quot;shape_divider_bottom&quot;:&quot;waves&quot;,&quot;background_slideshow_loop&quot;:&quot;yes&quot;,&quot;background_slideshow_slide_duration&quot;:5000,&quot;background_slideshow_slide_transition&quot;:&quot;fade&quot;}\">\n\t\t\t\t<div class=\"elementor-shape elementor-shape-bottom\" aria-hidden=\"true\" data-negative=\"false\">\n\t\t\t<svg xmlns=\"http:\/\/www.w3.org\/2000\/svg\" viewBox=\"0 0 1000 100\" preserveAspectRatio=\"none\">\n\t<path class=\"elementor-shape-fill\" d=\"M421.9,6.5c22.6-2.5,51.5,0.4,75.5,5.3c23.6,4.9,70.9,23.5,100.5,35.7c75.8,32.2,133.7,44.5,192.6,49.7\n\tc23.6,2.1,48.7,3.5,103.4-2.5c54.7-6,106.2-25.6,106.2-25.6V0H0v30.3c0,0,72,32.6,158.4,30.5c39.2-0.7,92.8-6.7,134-22.4\n\tc21.2-8.1,52.2-18.2,79.7-24.2C399.3,7.9,411.6,7.5,421.9,6.5z\"\/>\n<\/svg>\t\t<\/div>\n\t\t\t\t<\/div>\n\t\t<div class=\"elementor-element elementor-element-26ee1d22 e-flex e-con-boxed e-con e-parent\" data-id=\"26ee1d22\" data-element_type=\"container\" data-e-type=\"container\">\n\t\t\t\t\t<div class=\"e-con-inner\">\n\t\t<div class=\"elementor-element elementor-element-6cae6f83 e-con-full e-flex e-con e-child\" data-id=\"6cae6f83\" data-element_type=\"container\" data-e-type=\"container\">\n\t\t\t\t<div class=\"elementor-element elementor-element-51c641f elementor-widget elementor-widget-heading\" data-id=\"51c641f\" data-element_type=\"widget\" data-e-type=\"widget\" data-widget_type=\"heading.default\">\n\t\t\t\t<div class=\"elementor-widget-container\">\n\t\t\t\t\t<h2 class=\"elementor-heading-title elementor-size-default\">Liegeplatzmanager<\/h2>\t\t\t\t<\/div>\n\t\t\t\t<\/div>\n\t\t<div class=\"elementor-element elementor-element-2065476 e-flex e-con-boxed e-con e-child\" data-id=\"2065476\" data-element_type=\"container\" data-e-type=\"container\">\n\t\t\t\t\t<div class=\"e-con-inner\">\n\t\t<div class=\"elementor-element elementor-element-ec7b9f3 e-flex e-con-boxed e-con e-child\" data-id=\"ec7b9f3\" data-element_type=\"container\" data-e-type=\"container\">\n\t\t\t\t\t<div class=\"e-con-inner\">\n\t\t<div class=\"elementor-element elementor-element-f6c27ea e-flex e-con-boxed e-con e-child\" data-id=\"f6c27ea\" data-element_type=\"container\" data-e-type=\"container\">\n\t\t\t\t\t<div class=\"e-con-inner\">\n\t\t\t\t<div class=\"elementor-element elementor-element-ed58da1 elementor-widget elementor-widget-image\" data-id=\"ed58da1\" data-element_type=\"widget\" data-e-type=\"widget\" data-widget_type=\"image.default\">\n\t\t\t\t<div class=\"elementor-widget-container\">\n\t\t\t\t\t\t\t\t\t\t\t\t\t\t\t<img fetchpriority=\"high\" decoding=\"async\" width=\"947\" height=\"947\" src=\"https:\/\/falkenbergs-batsallskap.se\/wp-content\/uploads\/2023\/03\/20210722_160838-scaled-1-e1683866456991.webp\" class=\"attachment-full size-full wp-image-28852\" alt=\"\" srcset=\"https:\/\/falkenbergs-batsallskap.se\/wp-content\/uploads\/2023\/03\/20210722_160838-scaled-1-e1683866456991.webp 947w, https:\/\/falkenbergs-batsallskap.se\/wp-content\/uploads\/2023\/03\/20210722_160838-scaled-1-e1683866456991-300x300.webp 300w, https:\/\/falkenbergs-batsallskap.se\/wp-content\/uploads\/2023\/03\/20210722_160838-scaled-1-e1683866456991-150x150.webp 150w, https:\/\/falkenbergs-batsallskap.se\/wp-content\/uploads\/2023\/03\/20210722_160838-scaled-1-e1683866456991-768x768.webp 768w\" sizes=\"(max-width: 947px) 100vw, 947px\" \/>\t\t\t\t\t\t\t\t\t\t\t\t\t\t\t<\/div>\n\t\t\t\t<\/div>\n\t\t\t\t<div class=\"elementor-element elementor-element-0a70d20 elementor-widget elementor-widget-text-editor\" data-id=\"0a70d20\" data-element_type=\"widget\" data-e-type=\"widget\" data-widget_type=\"text-editor.default\">\n\t\t\t\t<div class=\"elementor-widget-container\">\n\t\t\t\t\t\t\t\t\t<p>Tom Bengtsson<\/p>\n<p>076-855 23 62<\/p>\n\t\t\t\t\t\t\t\t<\/div>\n\t\t\t\t<\/div>\n\t\t\t\t\t<\/div>\n\t\t\t\t<\/div>\n\t\t<div class=\"elementor-element elementor-element-8d77480 e-flex e-con-boxed e-con e-child\" data-id=\"8d77480\" data-element_type=\"container\" data-e-type=\"container\">\n\t\t\t\t\t<div class=\"e-con-inner\">\n\t\t\t\t<div class=\"elementor-element elementor-element-31e6007 elementor-widget elementor-widget-image\" data-id=\"31e6007\" data-element_type=\"widget\" data-e-type=\"widget\" data-widget_type=\"image.default\">\n\t\t\t\t<div class=\"elementor-widget-container\">\n\t\t\t\t\t\t\t\t\t\t\t\t\t\t\t<img decoding=\"async\" width=\"800\" height=\"800\" src=\"https:\/\/falkenbergs-batsallskap.se\/wp-content\/uploads\/2023\/05\/leif-1024x1024.jpg\" class=\"attachment-large size-large wp-image-28988\" alt=\"\" srcset=\"https:\/\/falkenbergs-batsallskap.se\/wp-content\/uploads\/2023\/05\/leif-1024x1024.jpg 1024w, https:\/\/falkenbergs-batsallskap.se\/wp-content\/uploads\/2023\/05\/leif-300x300.jpg 300w, https:\/\/falkenbergs-batsallskap.se\/wp-content\/uploads\/2023\/05\/leif-150x150.jpg 150w, https:\/\/falkenbergs-batsallskap.se\/wp-content\/uploads\/2023\/05\/leif-768x768.jpg 768w, https:\/\/falkenbergs-batsallskap.se\/wp-content\/uploads\/2023\/05\/leif-1536x1536.jpg 1536w, https:\/\/falkenbergs-batsallskap.se\/wp-content\/uploads\/2023\/05\/leif-2048x2048.jpg 2048w\" sizes=\"(max-width: 800px) 100vw, 800px\" \/>\t\t\t\t\t\t\t\t\t\t\t\t\t\t\t<\/div>\n\t\t\t\t<\/div>\n\t\t\t\t<div class=\"elementor-element elementor-element-350540e elementor-widget elementor-widget-text-editor\" data-id=\"350540e\" data-element_type=\"widget\" data-e-type=\"widget\" data-widget_type=\"text-editor.default\">\n\t\t\t\t<div class=\"elementor-widget-container\">\n\t\t\t\t\t\t\t\t\t<p><span style=\"text-align: var(--text-align);\">Leif M\u00e5rtensson<\/span><\/p>\n<p><span style=\"text-align: var(--text-align);\">076-141 72 35<\/span><\/p>\n\t\t\t\t\t\t\t\t<\/div>\n\t\t\t\t<\/div>\n\t\t\t\t\t<\/div>\n\t\t\t\t<\/div>\n\t\t\t\t\t<\/div>\n\t\t\t\t<\/div>\n\t\t\t\t<div class=\"elementor-element elementor-element-f7d2e94 elementor-widget elementor-widget-text-editor\" data-id=\"f7d2e94\" data-element_type=\"widget\" data-e-type=\"widget\" data-widget_type=\"text-editor.default\">\n\t\t\t\t<div class=\"elementor-widget-container\">\n\t\t\t\t\t\t\t\t\t<p><em><span style=\"text-align: var(--text-align); font-family: -apple-system, BlinkMacSystemFont, 'Segoe UI', Roboto, 'Helvetica Neue', Arial, 'Noto Sans', sans-serif, 'Apple Color Emoji', 'Segoe UI Emoji', 'Segoe UI Symbol', 'Noto Color Emoji'; font-size: 1rem;\">Liegeplatzmanager<\/span><strong><br \/>\n  <span style=\"text-align: var(--text-align); font-family: -apple-system, BlinkMacSystemFont, 'Segoe UI', Roboto, 'Helvetica Neue', Arial, 'Noto Sans', sans-serif, 'Apple Color Emoji', 'Segoe UI Emoji', 'Segoe UI Symbol', 'Noto Color Emoji'; font-size: 1rem;\"> f\u00fcr die Sommer- und <\/span><br \/>\n  <span style=\"text-align: var(--text-align); font-family: -apple-system, BlinkMacSystemFont, 'Segoe UI', Roboto, 'Helvetica Neue', Arial, 'Noto Sans', sans-serif, 'Apple Color Emoji', 'Segoe UI Emoji', 'Segoe UI Symbol', 'Noto Color Emoji'; font-size: 1rem;\">Winterliegepl\u00e4tze.<\/span><br \/>\n<\/strong><\/em><\/p>\n<p>Bitte kontaktieren Sie uns, wenn Sie Fragen zu Liegepl\u00e4tzen haben.<\/p>\n<p>Die Zuteilung von Liegepl\u00e4tzen \u00e4ndert sich laufend. Boote werden verkauft und entsorgt, so dass sich die Situation st\u00e4ndig \u00e4ndert. W\u00e4hrend der Saison gibt es ca. 20-30 Liegepl\u00e4tze wechseln den Besitzer und neue Bootseigner erhalten die M\u00f6glichkeit, einen Liegeplatz zu bekommen. Derzeit haben wir eine Warteschlange, aber das kann sich schnell \u00e4ndern.<\/p>\n<p>Werden Sie Mitglied und beantragen Sie einen Liegeplatz, und wir werden Ihren Antrag dann entsprechend bearbeiten.<\/p>\n<p><strong><em>Herzlich willkommen!<\/em><\/strong><\/p>\n\t\t\t\t\t\t\t\t<\/div>\n\t\t\t\t<\/div>\n\t\t\t\t<div class=\"elementor-element elementor-element-24e5f741 elementor-widget elementor-widget-image\" data-id=\"24e5f741\" data-element_type=\"widget\" data-e-type=\"widget\" data-widget_type=\"image.default\">\n\t\t\t\t<div class=\"elementor-widget-container\">\n\t\t\t\t\t\t\t\t\t\t\t\t\t\t\t<img decoding=\"async\" width=\"800\" height=\"800\" src=\"https:\/\/falkenbergs-batsallskap.se\/wp-content\/uploads\/2021\/11\/BA4425BE-91E0-4B1F-A006-DE5CB844E7A9-1024x1024.jpeg\" class=\"attachment-large size-large wp-image-28488\" alt=\"\" srcset=\"https:\/\/falkenbergs-batsallskap.se\/wp-content\/uploads\/2021\/11\/BA4425BE-91E0-4B1F-A006-DE5CB844E7A9-1024x1024.jpeg 1024w, https:\/\/falkenbergs-batsallskap.se\/wp-content\/uploads\/2021\/11\/BA4425BE-91E0-4B1F-A006-DE5CB844E7A9-300x300.jpeg 300w, https:\/\/falkenbergs-batsallskap.se\/wp-content\/uploads\/2021\/11\/BA4425BE-91E0-4B1F-A006-DE5CB844E7A9-150x150.jpeg 150w, https:\/\/falkenbergs-batsallskap.se\/wp-content\/uploads\/2021\/11\/BA4425BE-91E0-4B1F-A006-DE5CB844E7A9-768x768.jpeg 768w, https:\/\/falkenbergs-batsallskap.se\/wp-content\/uploads\/2021\/11\/BA4425BE-91E0-4B1F-A006-DE5CB844E7A9-1536x1536.jpeg 1536w, https:\/\/falkenbergs-batsallskap.se\/wp-content\/uploads\/2021\/11\/BA4425BE-91E0-4B1F-A006-DE5CB844E7A9-2048x2048.jpeg 2048w, https:\/\/falkenbergs-batsallskap.se\/wp-content\/uploads\/2021\/11\/BA4425BE-91E0-4B1F-A006-DE5CB844E7A9-570x570.jpeg 570w, https:\/\/falkenbergs-batsallskap.se\/wp-content\/uploads\/2021\/11\/BA4425BE-91E0-4B1F-A006-DE5CB844E7A9-500x500.jpeg 500w, https:\/\/falkenbergs-batsallskap.se\/wp-content\/uploads\/2021\/11\/BA4425BE-91E0-4B1F-A006-DE5CB844E7A9-1000x1000.jpeg 1000w, https:\/\/falkenbergs-batsallskap.se\/wp-content\/uploads\/2021\/11\/BA4425BE-91E0-4B1F-A006-DE5CB844E7A9-700x700.jpeg 700w, https:\/\/falkenbergs-batsallskap.se\/wp-content\/uploads\/2021\/11\/BA4425BE-91E0-4B1F-A006-DE5CB844E7A9-1320x1320.jpeg 1320w, https:\/\/falkenbergs-batsallskap.se\/wp-content\/uploads\/2021\/11\/BA4425BE-91E0-4B1F-A006-DE5CB844E7A9-400x400.jpeg 400w, https:\/\/falkenbergs-batsallskap.se\/wp-content\/uploads\/2021\/11\/BA4425BE-91E0-4B1F-A006-DE5CB844E7A9-600x600.jpeg 600w, https:\/\/falkenbergs-batsallskap.se\/wp-content\/uploads\/2021\/11\/BA4425BE-91E0-4B1F-A006-DE5CB844E7A9-100x100.jpeg 100w\" sizes=\"(max-width: 800px) 100vw, 800px\" \/>\t\t\t\t\t\t\t\t\t\t\t\t\t\t\t<\/div>\n\t\t\t\t<\/div>\n\t\t\t\t<div class=\"elementor-element elementor-element-9906444 elementor-widget elementor-widget-image\" data-id=\"9906444\" data-element_type=\"widget\" data-e-type=\"widget\" data-widget_type=\"image.default\">\n\t\t\t\t<div class=\"elementor-widget-container\">\n\t\t\t\t\t\t\t\t\t\t\t\t\t\t\t<img loading=\"lazy\" decoding=\"async\" width=\"800\" height=\"480\" src=\"https:\/\/falkenbergs-batsallskap.se\/wp-content\/uploads\/2023\/03\/1900721-06p1d.webp\" class=\"attachment-large size-large wp-image-28854\" alt=\"\" srcset=\"https:\/\/falkenbergs-batsallskap.se\/wp-content\/uploads\/2023\/03\/1900721-06p1d.webp 800w, https:\/\/falkenbergs-batsallskap.se\/wp-content\/uploads\/2023\/03\/1900721-06p1d-300x180.webp 300w, https:\/\/falkenbergs-batsallskap.se\/wp-content\/uploads\/2023\/03\/1900721-06p1d-768x461.webp 768w\" sizes=\"(max-width: 800px) 100vw, 800px\" \/>\t\t\t\t\t\t\t\t\t\t\t\t\t\t\t<\/div>\n\t\t\t\t<\/div>\n\t\t\t\t<div class=\"elementor-element elementor-element-c0c9456 elementor-widget elementor-widget-image\" data-id=\"c0c9456\" data-element_type=\"widget\" data-e-type=\"widget\" data-widget_type=\"image.default\">\n\t\t\t\t<div class=\"elementor-widget-container\">\n\t\t\t\t\t\t\t\t\t\t\t\t\t\t\t<img loading=\"lazy\" decoding=\"async\" width=\"800\" height=\"600\" src=\"https:\/\/falkenbergs-batsallskap.se\/wp-content\/uploads\/img_8201-1024x768.jpg\" class=\"attachment-large size-large wp-image-28410\" alt=\"\" srcset=\"https:\/\/falkenbergs-batsallskap.se\/wp-content\/uploads\/img_8201-1024x768.jpg 1024w, https:\/\/falkenbergs-batsallskap.se\/wp-content\/uploads\/img_8201-scaled-600x450.jpg 600w, https:\/\/falkenbergs-batsallskap.se\/wp-content\/uploads\/img_8201-300x225.jpg 300w, https:\/\/falkenbergs-batsallskap.se\/wp-content\/uploads\/img_8201-768x576.jpg 768w, https:\/\/falkenbergs-batsallskap.se\/wp-content\/uploads\/img_8201-1536x1152.jpg 1536w, https:\/\/falkenbergs-batsallskap.se\/wp-content\/uploads\/img_8201-2048x1536.jpg 2048w, https:\/\/falkenbergs-batsallskap.se\/wp-content\/uploads\/img_8201-800x600.jpg 800w, https:\/\/falkenbergs-batsallskap.se\/wp-content\/uploads\/img_8201-700x525.jpg 700w, https:\/\/falkenbergs-batsallskap.se\/wp-content\/uploads\/img_8201-scaled-400x300.jpg 400w\" sizes=\"(max-width: 800px) 100vw, 800px\" \/>\t\t\t\t\t\t\t\t\t\t\t\t\t\t\t<\/div>\n\t\t\t\t<\/div>\n\t\t\t\t\t<\/div>\n\t\t\t\t<\/div>\n\t\t\t\t<\/div>\n\t\t<div class=\"elementor-element elementor-element-514ac86a e-con-full e-flex e-con e-child\" data-id=\"514ac86a\" data-element_type=\"container\" data-e-type=\"container\">\n\t\t<div class=\"elementor-element elementor-element-266ed0ff e-flex e-con-boxed e-con e-child\" data-id=\"266ed0ff\" data-element_type=\"container\" data-e-type=\"container\">\n\t\t\t\t\t<div class=\"e-con-inner\">\n\t\t\t\t<div class=\"elementor-element elementor-element-542527ed elementor-widget elementor-widget-heading\" data-id=\"542527ed\" data-element_type=\"widget\" data-e-type=\"widget\" data-widget_type=\"heading.default\">\n\t\t\t\t<div class=\"elementor-widget-container\">\n\t\t\t\t\t<h2 class=\"elementor-heading-title elementor-size-default\">Regeln f\u00fcr das Festmachen<\/h2>\t\t\t\t<\/div>\n\t\t\t\t<\/div>\n\t\t\t\t\t<\/div>\n\t\t\t\t<\/div>\n\t\t<div class=\"elementor-element elementor-element-25c55277 e-flex e-con-boxed e-con e-child\" data-id=\"25c55277\" data-element_type=\"container\" data-e-type=\"container\">\n\t\t\t\t\t<div class=\"e-con-inner\">\n\t\t\t\t<div class=\"elementor-element elementor-element-28552bfe elementor-widget elementor-widget-text-editor\" data-id=\"28552bfe\" data-element_type=\"widget\" data-e-type=\"widget\" data-widget_type=\"text-editor.default\">\n\t\t\t\t<div class=\"elementor-widget-container\">\n\t\t\t\t\t\t\t\t\t<p>Angenommen vom Rat 2016 02 15<\/p>\n\t\t\t\t\t\t\t\t<\/div>\n\t\t\t\t<\/div>\n\t\t\t\t\t<\/div>\n\t\t\t\t<\/div>\n\t\t<div class=\"elementor-element elementor-element-30261d13 e-flex e-con-boxed e-con e-child\" data-id=\"30261d13\" data-element_type=\"container\" data-e-type=\"container\">\n\t\t\t\t\t<div class=\"e-con-inner\">\n\t\t\t\t<div class=\"elementor-element elementor-element-135e35a8 elementor-widget elementor-widget-text-editor\" data-id=\"135e35a8\" data-element_type=\"widget\" data-e-type=\"widget\" data-widget_type=\"text-editor.default\">\n\t\t\t\t<div class=\"elementor-widget-container\">\n\t\t\t\t\t\t\t\t\t<p><b>1. Bootsgr\u00f6\u00dfe<\/b><\/p>\n<p>Die Stege des Clubs sind f\u00fcr das Anlegen von Sportbooten vorgesehen.<\/p>\n<p><b>2. Warteschlangensystem<\/b><\/p>\n<p>Die K\u00fchlliste gilt sowohl f\u00fcr neue Liegepl\u00e4tze als auch f\u00fcr den Wechsel von Liegepl\u00e4tzen. Wenn Sie Ihren Liegeplatz wechseln, haben Sie Vorrang in der Warteschlange. Der Club beh\u00e4lt sich das Recht vor, Liegepl\u00e4tze zuzuteilen und gegebenenfalls umzuverteilen, damit sie so effizient wie m\u00f6glich genutzt werden k\u00f6nnen.<\/p>\n<p><b>3. Festmachen<\/b><\/p>\n<p>Nur vollst\u00e4ndig seet\u00fcchtige und versicherte Boote d\u00fcrfen an den Anlegestellen des Clubs festmachen. Fender sollten immer ausgelegt werden. Liegepl\u00e4tze sollten immer so konstruiert sein, dass sie schweren Wetterbedingungen standhalten.<\/p>\n<p><b>4. geb\u00fchren<\/b><\/p>\n<p>Die Liegeplatzgeb\u00fchren werden auf der Jahresversammlung beschlossen. Die Geb\u00fchr wird am 1. M\u00e4rz erhoben und muss bis zum 31. M\u00e4rz f\u00fcr den Zeitraum vom 1. April bis zum 15. November gezahlt werden. Wird die Geb\u00fchr nicht fristgerecht bezahlt, verf\u00e4llt das Recht auf den Liegeplatz. Der Liegeplatz darf nicht untervermietet werden. In diesem Fall wird der Liegeplatz verweigert. Ein Liegeplatz, der vor\u00fcbergehend nicht belegt ist (z. B. w\u00e4hrend der Ferien), wird als Gastliegeplatz genutzt und vom Bootseigner mit einem gr\u00fcnen Leerstandsschild gekennzeichnet.<\/p>\n<p><b>5. die Stornierung eines Liegeplatzes<\/b><\/p>\n<p>Die Stornierung eines Liegeplatzes muss dem Liegeplatzverwalter mitgeteilt werden. Dies muss sofort nach Bekanntwerden geschehen, sp\u00e4testens jedoch bis zum 1. M\u00e4rz. Ist dies nicht der Fall, wird davon ausgegangen, dass der Platz in der n\u00e4chsten Saison genutzt wird, und es wird eine Geb\u00fchr erhoben.<\/p>\n<p><b>6. von der FBS organisierter Start und Bergung<\/b><\/p>\n<p>Der Zeitpunkt des Starts und der R\u00fcckholung wird auf der Jahrestagung festgelegt. Wenn jemand das Boot zu einem anderen Zeitpunkt zu Wasser lassen oder zur\u00fcckholen m\u00f6chte, muss er selbst daf\u00fcr sorgen. Alle Boote m\u00fcssen bis zum 15. November an Land sein.<\/p>\n<p><b>7 Bootsliegeplatz<\/b><\/p>\n<p>Boote d\u00fcrfen nur auf dem Clubgel\u00e4nde an einer vom Liegeplatzverwalter ausgewiesenen Stelle festgemacht werden. Wiegen und Palettiermaterial k\u00f6nnen im Sommer in dem daf\u00fcr vorgesehenen Bereich gelagert werden. F\u00fcr die Lagerung im Sommer sowie f\u00fcr den Abtransport und die Wiederherstellung von Gestellen und Paletten wird ein gesondertes Entgelt erhoben. Wagen und Paletten m\u00fcssen mit dem Namen und der Telefonnummer des Eigent\u00fcmers gekennzeichnet sein. \u00dcbersch\u00fcssiges Wiege- und Palettiermaterial, das aus verschiedenen Gr\u00fcnden nicht verwendet werden soll, wird vom Bootseigner abtransportiert. Der Bootseigner muss sich an der gemeinsamen Vorbereitung des Bootes nach dem Zuwasserlassen und vor dem Zuwasserlassen beteiligen. Die Master k\u00f6nnen in einem daf\u00fcr vorgesehenen Bereich \u00fcberwintert werden.<\/p>\n<p><b>8. Elektrischer Strom<\/b><\/p>\n<p>Die Stege des Clubs sind mit Steckdosen ausgestattet. Bootseigner k\u00f6nnen diese zum Aufladen der Batterien oder f\u00fcr elektrisch betriebene Maschinen f\u00fcr Arbeiten auf dem Boot verwenden. Es ist verboten, elektrische Heizungen oder andere gro\u00dfe Stromverbraucher zu verwenden. Elektrische Kabel d\u00fcrfen nicht an Steckdosen angeschlossen werden, wenn das Boot an Land ist, es sei denn, es wird tags\u00fcber an dem Boot gearbeitet. Wenn es Gr\u00fcnde gibt, die den Stromverbrauch \u00fcber die oben genannten hinaus erh\u00f6hen, kann der Club einen Stromz\u00e4hler mieten, und der verbrauchte Strom wird dem Bootseigner in Rechnung gestellt. Nach Anmeldung beim Liegeplatzverwalter kann auch Sommerstrom am Steg zugelassen werden, der dem Bootseigner in Rechnung gestellt wird.<\/p>\n<p><b>9. Arbeitseinsatz<\/b><\/p>\n<p>Ein Mitglied, das die Liegepl\u00e4tze des Clubs nutzt, muss j\u00e4hrlich eine pers\u00f6nliche Arbeitsleistung in einem von der Jahresversammlung festgelegten Umfang erbringen. Die Hauptversammlung entscheidet auch \u00fcber Sanktionen f\u00fcr Mitglieder, die ihren Pflichten nicht nachkommen.<\/p>\n<p>Die Arbeit wird in erster Linie durch die Teilnahme an den auf der Jahresversammlung festgelegten Tagen f\u00fcr die Reinigung und den Auf- und Abbau von Schranken geleistet. Die Arbeit kann auch durch die Teilnahme an Bereitschaftsdiensten erf\u00fcllt werden. Die Arbeit muss in einer Mappe im Clubhaus dokumentiert werden.<\/p>\n<p><b>10 Verantwortlichkeiten des Clubs<\/b><\/p>\n<p>Der Bootsclub ist daf\u00fcr verantwortlich, dass die Anlegestellen vom Zeitpunkt des Ablegens des Bootes durch den Club bis zur Abholung des Bootes in gutem Zustand sind.<\/p>\n\t\t\t\t\t\t\t\t<\/div>\n\t\t\t\t<\/div>\n\t\t\t\t\t<\/div>\n\t\t\t\t<\/div>\n\t\t\t\t<\/div>\n\t\t\t\t\t<\/div>\n\t\t\t\t<\/div>\n\t\t<div class=\"elementor-element elementor-element-041ce1d e-con-full e-flex e-con e-parent\" data-id=\"041ce1d\" data-element_type=\"container\" data-e-type=\"container\" data-settings=\"{&quot;background_background&quot;:&quot;slideshow&quot;,&quot;background_slideshow_gallery&quot;:[{&quot;id&quot;:26417,&quot;url&quot;:&quot;https:\\\/\\\/falkenbergs-batsallskap.se\\\/wp-content\\\/uploads\\\/2023\\\/05\\\/slrea-strand-2021-26-scaled.jpg&quot;},{&quot;id&quot;:26415,&quot;url&quot;:&quot;https:\\\/\\\/falkenbergs-batsallskap.se\\\/wp-content\\\/uploads\\\/2023\\\/05\\\/skrea-strand-2022-11-scaled.jpg&quot;},{&quot;id&quot;:26424,&quot;url&quot;:&quot;https:\\\/\\\/falkenbergs-batsallskap.se\\\/wp-content\\\/uploads\\\/2023\\\/05\\\/strandpromenaden-18-scaled.jpg&quot;}],&quot;background_slideshow_transition_duration&quot;:2000,&quot;shape_divider_bottom&quot;:&quot;waves&quot;,&quot;shape_divider_top&quot;:&quot;waves&quot;,&quot;background_slideshow_loop&quot;:&quot;yes&quot;,&quot;background_slideshow_slide_duration&quot;:5000,&quot;background_slideshow_slide_transition&quot;:&quot;fade&quot;}\">\n\t\t\t\t<div class=\"elementor-shape elementor-shape-top\" aria-hidden=\"true\" data-negative=\"false\">\n\t\t\t<svg xmlns=\"http:\/\/www.w3.org\/2000\/svg\" viewBox=\"0 0 1000 100\" preserveAspectRatio=\"none\">\n\t<path class=\"elementor-shape-fill\" d=\"M421.9,6.5c22.6-2.5,51.5,0.4,75.5,5.3c23.6,4.9,70.9,23.5,100.5,35.7c75.8,32.2,133.7,44.5,192.6,49.7\n\tc23.6,2.1,48.7,3.5,103.4-2.5c54.7-6,106.2-25.6,106.2-25.6V0H0v30.3c0,0,72,32.6,158.4,30.5c39.2-0.7,92.8-6.7,134-22.4\n\tc21.2-8.1,52.2-18.2,79.7-24.2C399.3,7.9,411.6,7.5,421.9,6.5z\"\/>\n<\/svg>\t\t<\/div>\n\t\t\t\t<div class=\"elementor-shape elementor-shape-bottom\" aria-hidden=\"true\" data-negative=\"false\">\n\t\t\t<svg xmlns=\"http:\/\/www.w3.org\/2000\/svg\" viewBox=\"0 0 1000 100\" preserveAspectRatio=\"none\">\n\t<path class=\"elementor-shape-fill\" d=\"M421.9,6.5c22.6-2.5,51.5,0.4,75.5,5.3c23.6,4.9,70.9,23.5,100.5,35.7c75.8,32.2,133.7,44.5,192.6,49.7\n\tc23.6,2.1,48.7,3.5,103.4-2.5c54.7-6,106.2-25.6,106.2-25.6V0H0v30.3c0,0,72,32.6,158.4,30.5c39.2-0.7,92.8-6.7,134-22.4\n\tc21.2-8.1,52.2-18.2,79.7-24.2C399.3,7.9,411.6,7.5,421.9,6.5z\"\/>\n<\/svg>\t\t<\/div>\n\t\t\t\t<\/div>\n\t\t\t\t<\/div>\n\t\t","protected":false},"excerpt":{"rendered":"<p>Liegeplatzmanager Tom Bengtsson 076-855 23 62 Leif M\u00e5rtensson 076-141 72 35 Liegeplatzmanager f\u00fcr die Sommer- und Winterliegepl\u00e4tze. Bitte kontaktieren Sie uns, wenn Sie Fragen zu Liegepl\u00e4tzen haben. Die Zuteilung von Liegepl\u00e4tzen \u00e4ndert sich laufend. Boote werden verkauft und entsorgt, so dass sich die Situation st\u00e4ndig \u00e4ndert. W\u00e4hrend der Saison gibt es ca. 20-30 Liegepl\u00e4tze wechseln [&hellip;]<\/p>\n","protected":false},"author":409,"featured_media":0,"parent":0,"menu_order":0,"comment_status":"closed","ping_status":"closed","template":"","meta":{"_acf_changed":false,"footnotes":""},"class_list":["post-29298","page","type-page","status-publish","hentry"],"acf":[],"jetpack_sharing_enabled":true,"_links":{"self":[{"href":"https:\/\/falkenbergs-batsallskap.se\/de\/wp-json\/wp\/v2\/pages\/29298","targetHints":{"allow":["GET"]}}],"collection":[{"href":"https:\/\/falkenbergs-batsallskap.se\/de\/wp-json\/wp\/v2\/pages"}],"about":[{"href":"https:\/\/falkenbergs-batsallskap.se\/de\/wp-json\/wp\/v2\/types\/page"}],"author":[{"embeddable":true,"href":"https:\/\/falkenbergs-batsallskap.se\/de\/wp-json\/wp\/v2\/users\/409"}],"replies":[{"embeddable":true,"href":"https:\/\/falkenbergs-batsallskap.se\/de\/wp-json\/wp\/v2\/comments?post=29298"}],"version-history":[{"count":2,"href":"https:\/\/falkenbergs-batsallskap.se\/de\/wp-json\/wp\/v2\/pages\/29298\/revisions"}],"predecessor-version":[{"id":29309,"href":"https:\/\/falkenbergs-batsallskap.se\/de\/wp-json\/wp\/v2\/pages\/29298\/revisions\/29309"}],"wp:attachment":[{"href":"https:\/\/falkenbergs-batsallskap.se\/de\/wp-json\/wp\/v2\/media?parent=29298"}],"curies":[{"name":"wp","href":"https:\/\/api.w.org\/{rel}","templated":true}]}}