{"id":29296,"date":"2023-04-03T09:33:37","date_gmt":"2023-04-03T09:33:37","guid":{"rendered":"https:\/\/falkenbergs-batsallskap.se\/umweltarbeit"},"modified":"2024-03-01T14:44:29","modified_gmt":"2024-03-01T14:44:29","slug":"umweltarbeit","status":"publish","type":"page","link":"https:\/\/falkenbergs-batsallskap.se\/de\/umweltarbeit","title":{"rendered":"Umweltarbeit"},"content":{"rendered":"\t\t<div data-elementor-type=\"wp-page\" data-elementor-id=\"29296\" class=\"elementor elementor-29296 elementor-26111\" data-elementor-post-type=\"page\">\n\t\t\t\t<div class=\"elementor-element elementor-element-9d95f94 e-con-full e-flex e-con e-parent\" data-id=\"9d95f94\" data-element_type=\"container\" data-e-type=\"container\">\n\t\t<div class=\"elementor-element elementor-element-a90fee1 e-con-full e-flex e-con e-child\" data-id=\"a90fee1\" data-element_type=\"container\" data-e-type=\"container\">\n\t\t<div class=\"elementor-element elementor-element-d1bb7c8 e-con-full e-flex e-con e-child\" data-id=\"d1bb7c8\" data-element_type=\"container\" data-e-type=\"container\">\n\t\t<div class=\"elementor-element elementor-element-fe04ed0 e-con-full e-flex e-con e-child\" data-id=\"fe04ed0\" data-element_type=\"container\" data-e-type=\"container\" data-settings=\"{&quot;background_background&quot;:&quot;slideshow&quot;,&quot;background_slideshow_gallery&quot;:[{&quot;id&quot;:27484,&quot;url&quot;:&quot;https:\\\/\\\/falkenbergs-batsallskap.se\\\/wp-content\\\/uploads\\\/2024\\\/01\\\/f8f43a74-98a8-4dd9-a6b6-d21118c671c5-scaled.jpg&quot;},{&quot;id&quot;:27475,&quot;url&quot;:&quot;https:\\\/\\\/falkenbergs-batsallskap.se\\\/wp-content\\\/uploads\\\/2024\\\/01\\\/01124c6f-3dea-41e5-85bb-c8899280b114-scaled.jpg&quot;},{&quot;id&quot;:26422,&quot;url&quot;:&quot;https:\\\/\\\/falkenbergs-batsallskap.se\\\/wp-content\\\/uploads\\\/2023\\\/05\\\/stan-2019-58-scaled.jpg&quot;},{&quot;id&quot;:26418,&quot;url&quot;:&quot;https:\\\/\\\/falkenbergs-batsallskap.se\\\/wp-content\\\/uploads\\\/2023\\\/05\\\/stadens-nyckar-9-scaled.jpg&quot;}],&quot;background_slideshow_transition_duration&quot;:2000,&quot;shape_divider_bottom&quot;:&quot;waves&quot;,&quot;background_slideshow_loop&quot;:&quot;yes&quot;,&quot;background_slideshow_slide_duration&quot;:5000,&quot;background_slideshow_slide_transition&quot;:&quot;fade&quot;}\">\n\t\t\t\t<div class=\"elementor-shape elementor-shape-bottom\" aria-hidden=\"true\" data-negative=\"false\">\n\t\t\t<svg xmlns=\"http:\/\/www.w3.org\/2000\/svg\" viewBox=\"0 0 1000 100\" preserveAspectRatio=\"none\">\n\t<path class=\"elementor-shape-fill\" d=\"M421.9,6.5c22.6-2.5,51.5,0.4,75.5,5.3c23.6,4.9,70.9,23.5,100.5,35.7c75.8,32.2,133.7,44.5,192.6,49.7\n\tc23.6,2.1,48.7,3.5,103.4-2.5c54.7-6,106.2-25.6,106.2-25.6V0H0v30.3c0,0,72,32.6,158.4,30.5c39.2-0.7,92.8-6.7,134-22.4\n\tc21.2-8.1,52.2-18.2,79.7-24.2C399.3,7.9,411.6,7.5,421.9,6.5z\"\/>\n<\/svg>\t\t<\/div>\n\t\t\t\t<div class=\"elementor-element elementor-element-7e7d26a elementor-widget elementor-widget-heading\" data-id=\"7e7d26a\" data-element_type=\"widget\" data-e-type=\"widget\" data-widget_type=\"heading.default\">\n\t\t\t\t<div class=\"elementor-widget-container\">\n\t\t\t\t\t<h2 class=\"elementor-heading-title elementor-size-default\">UMWELTARBEIT<\/h2>\t\t\t\t<\/div>\n\t\t\t\t<\/div>\n\t\t\t\t<\/div>\n\t\t\t\t<\/div>\n\t\t\t\t<\/div>\n\t\t\t\t<\/div>\n\t\t<div class=\"elementor-element elementor-element-c27bb44 e-flex e-con-boxed e-con e-parent\" data-id=\"c27bb44\" data-element_type=\"container\" data-e-type=\"container\">\n\t\t\t\t\t<div class=\"e-con-inner\">\n\t\t<div class=\"elementor-element elementor-element-bd1bc7f e-con-full e-flex e-con e-child\" data-id=\"bd1bc7f\" data-element_type=\"container\" data-e-type=\"container\">\n\t\t\t\t<div class=\"elementor-element elementor-element-63da7ef elementor-widget elementor-widget-image\" data-id=\"63da7ef\" data-element_type=\"widget\" data-e-type=\"widget\" data-widget_type=\"image.default\">\n\t\t\t\t<div class=\"elementor-widget-container\">\n\t\t\t\t\t\t\t\t\t\t\t\t\t\t\t<img decoding=\"async\" src=\"https:\/\/falkenbergs-batsallskap.se\/2023\/wp-content\/uploads\/2023\/04\/16BE32E3-ACE1-4B0F-99A5-E2609CB9E4EF_1_201_a-1.webp\" title=\"\" alt=\"\" loading=\"lazy\" \/>\t\t\t\t\t\t\t\t\t\t\t\t\t\t\t<\/div>\n\t\t\t\t<\/div>\n\t\t\t\t<div class=\"elementor-element elementor-element-8a28c57 elementor-widget elementor-widget-text-editor\" data-id=\"8a28c57\" data-element_type=\"widget\" data-e-type=\"widget\" data-widget_type=\"text-editor.default\">\n\t\t\t\t<div class=\"elementor-widget-container\">\n\t\t\t\t\t\t\t\t\t<p style=\"background-image: initial; background-position: 0px 0px; background-size: initial; background-repeat: initial; background-attachment: initial; background-origin: initial; background-clip: initial; border: 0px; margin-right: 0px; margin-bottom: 0px; margin-left: 0px; padding: 0px; vertical-align: baseline; outline: 0px; color: #000000; font-size: 14px; line-height: 30px; font-family: Rubik, sans-serif;\">Die Vereinigung<\/p>\n<h2 class=\"p1\" style=\"letter-spacing: 2px; font-weight: bold; color: #0066bf; background-image: initial; background-position: 0px 0px; background-size: initial; background-repeat: initial; background-attachment: initial; background-origin: initial; background-clip: initial; border: 0px; margin: 0px; padding: 0px; vertical-align: baseline; outline: 0px; font-size: 28px; line-height: 1.38462em; font-family: Rubik, sans-serif;\">Umweltkoordinator<\/h2>\n<p style=\"background-image: initial; background-position: 0px 0px; background-size: initial; background-repeat: initial; background-attachment: initial; background-origin: initial; background-clip: initial; border: 0px; margin-right: 0px; margin-bottom: 0px; margin-left: 0px; padding: 0px; vertical-align: baseline; outline: 0px; color: #000000; font-size: 14px; line-height: 30px; font-family: Rubik, sans-serif;\">Ola Hoffson 070-56 200 75<\/p>\n\t\t\t\t\t\t\t\t<\/div>\n\t\t\t\t<\/div>\n\t\t\t\t<div class=\"elementor-element elementor-element-f63a6dd elementor-align-center elementor-widget elementor-widget-button\" data-id=\"f63a6dd\" data-element_type=\"widget\" data-e-type=\"widget\" data-widget_type=\"button.default\">\n\t\t\t\t<div class=\"elementor-widget-container\">\n\t\t\t\t\t\t\t\t\t<div class=\"elementor-button-wrapper\">\n\t\t\t\t\t<a class=\"elementor-button elementor-button-link elementor-size-md\" href=\"https:\/\/falkenbergs-batsallskap.se\/de\/hintergrund\" target=\"_blank\">\n\t\t\t\t\t\t<span class=\"elementor-button-content-wrapper\">\n\t\t\t\t\t\t\t\t\t<span class=\"elementor-button-text\">VERGANGENHEIT, GEGENWART und ZUKUNFT<\/span>\n\t\t\t\t\t<\/span>\n\t\t\t\t\t<\/a>\n\t\t\t\t<\/div>\n\t\t\t\t\t\t\t\t<\/div>\n\t\t\t\t<\/div>\n\t\t\t\t<div class=\"elementor-element elementor-element-41ee0b83 elementor-widget elementor-widget-text-editor\" data-id=\"41ee0b83\" data-element_type=\"widget\" data-e-type=\"widget\" data-widget_type=\"text-editor.default\">\n\t\t\t\t<div class=\"elementor-widget-container\">\n\t\t\t\t\t\t\t\t\t<p>Die Organisation hat eine Umweltpolitik ausgearbeitet, in der wir die mit unserer T\u00e4tigkeit verbundenen Risiken \u00fcberpr\u00fcft haben. Die Beh\u00f6rden stellen h\u00f6here Anforderungen an  <br \/>uns und f\u00fcr die Schifffahrt auf See.  <\/p>\n\t\t\t\t\t\t\t\t<\/div>\n\t\t\t\t<\/div>\n\t\t\t\t<\/div>\n\t\t<div class=\"elementor-element elementor-element-dada5b4 e-con-full e-flex e-con e-child\" data-id=\"dada5b4\" data-element_type=\"container\" data-e-type=\"container\">\n\t\t\t\t<div class=\"elementor-element elementor-element-19235c42 elementor-widget elementor-widget-heading\" data-id=\"19235c42\" data-element_type=\"widget\" data-e-type=\"widget\" data-widget_type=\"heading.default\">\n\t\t\t\t<div class=\"elementor-widget-container\">\n\t\t\t\t\t<h2 class=\"elementor-heading-title elementor-size-default\">Die Umweltarbeit des Clubs<\/h2>\t\t\t\t<\/div>\n\t\t\t\t<\/div>\n\t\t\t\t<div class=\"elementor-element elementor-element-59bada6f elementor-widget elementor-widget-text-editor\" data-id=\"59bada6f\" data-element_type=\"widget\" data-e-type=\"widget\" data-widget_type=\"text-editor.default\">\n\t\t\t\t<div class=\"elementor-widget-container\">\n\t\t\t\t\t\t\t\t\t<p>Drei Punkte werden im Mittelpunkt der Arbeit der Vereinigung stehen:<\/p>\n<p><b>&#8211; Umweltplan<\/b><\/p>\n<p>Ein Ziel der Organisation<\/p>\n<p><b>&#8211; Bestandsaufnahme der Risiken<\/b><\/p>\n<p>Eine Checkliste der Personen, die als  <br \/>ein Risiko f\u00fcr unsere Arbeit in der Organisation<\/p>\n<p><b>&#8211; Liste der Ma\u00dfnahmen<\/b><\/p>\n<p>Erstellen Sie nach der Bestandsaufnahme einen Plan, was auf drei Ebenen zu tun ist  <br \/>(hohes, mittleres und geringes Risiko). Festlegung klarer Verfahren f\u00fcr die Mitglieder im Falle einer Gefahr f\u00fcr Menschen, die Umwelt usw.  <br \/>und Eigentum.<\/p>\n\t\t\t\t\t\t\t\t<\/div>\n\t\t\t\t<\/div>\n\t\t\t\t<\/div>\n\t\t<div class=\"elementor-element elementor-element-0cf364d e-con-full e-flex e-con e-child\" data-id=\"0cf364d\" data-element_type=\"container\" data-e-type=\"container\">\n\t\t\t\t<div class=\"elementor-element elementor-element-59e12d42 elementor-widget elementor-widget-image\" data-id=\"59e12d42\" data-element_type=\"widget\" data-e-type=\"widget\" data-widget_type=\"image.default\">\n\t\t\t\t<div class=\"elementor-widget-container\">\n\t\t\t\t\t\t\t\t\t\t\t\t\t\t\t<img fetchpriority=\"high\" decoding=\"async\" width=\"450\" height=\"583\" src=\"https:\/\/falkenbergs-batsallskap.se\/wp-content\/uploads\/2023\/01\/Miljoplan.jpg\" class=\"attachment-full size-full wp-image-28610\" alt=\"\" srcset=\"https:\/\/falkenbergs-batsallskap.se\/wp-content\/uploads\/2023\/01\/Miljoplan.jpg 450w, https:\/\/falkenbergs-batsallskap.se\/wp-content\/uploads\/2023\/01\/Miljoplan-232x300.jpg 232w\" sizes=\"(max-width: 450px) 100vw, 450px\" \/>\t\t\t\t\t\t\t\t\t\t\t\t\t\t\t<\/div>\n\t\t\t\t<\/div>\n\t\t\t\t<div class=\"elementor-element elementor-element-c77c46f elementor-widget elementor-widget-heading\" data-id=\"c77c46f\" data-element_type=\"widget\" data-e-type=\"widget\" data-widget_type=\"heading.default\">\n\t\t\t\t<div class=\"elementor-widget-container\">\n\t\t\t\t\t<h2 class=\"elementor-heading-title elementor-size-default\">Checkliste<\/h2>\t\t\t\t<\/div>\n\t\t\t\t<\/div>\n\t\t\t\t<div class=\"elementor-element elementor-element-364c07c elementor-widget elementor-widget-text-editor\" data-id=\"364c07c\" data-element_type=\"widget\" data-e-type=\"widget\" data-widget_type=\"text-editor.default\">\n\t\t\t\t<div class=\"elementor-widget-container\">\n\t\t\t\t\t\t\t\t\t<p style=\"text-align: center;\">Laden Sie die Checkliste der Organisation herunter.<\/p>\n\t\t\t\t\t\t\t\t<\/div>\n\t\t\t\t<\/div>\n\t\t\t\t<div class=\"elementor-element elementor-element-ae31188 elementor-align-center elementor-widget elementor-widget-button\" data-id=\"ae31188\" data-element_type=\"widget\" data-e-type=\"widget\" data-widget_type=\"button.default\">\n\t\t\t\t<div class=\"elementor-widget-container\">\n\t\t\t\t\t\t\t\t\t<div class=\"elementor-button-wrapper\">\n\t\t\t\t\t<a class=\"elementor-button elementor-button-link elementor-size-md\" href=\"https:\/\/falkenbergs-batsallskap.se\/2023\/wp-content\/uploads\/2023\/04\/Checklista.pdf\" target=\"_blank\">\n\t\t\t\t\t\t<span class=\"elementor-button-content-wrapper\">\n\t\t\t\t\t\t<span class=\"elementor-button-icon\">\n\t\t\t\t<svg aria-hidden=\"true\" class=\"e-font-icon-svg e-far-file-pdf\" viewBox=\"0 0 384 512\" xmlns=\"http:\/\/www.w3.org\/2000\/svg\"><path d=\"M369.9 97.9L286 14C277 5 264.8-.1 252.1-.1H48C21.5 0 0 21.5 0 48v416c0 26.5 21.5 48 48 48h288c26.5 0 48-21.5 48-48V131.9c0-12.7-5.1-25-14.1-34zM332.1 128H256V51.9l76.1 76.1zM48 464V48h160v104c0 13.3 10.7 24 24 24h104v288H48zm250.2-143.7c-12.2-12-47-8.7-64.4-6.5-17.2-10.5-28.7-25-36.8-46.3 3.9-16.1 10.1-40.6 5.4-56-4.2-26.2-37.8-23.6-42.6-5.9-4.4 16.1-.4 38.5 7 67.1-10 23.9-24.9 56-35.4 74.4-20 10.3-47 26.2-51 46.2-3.3 15.8 26 55.2 76.1-31.2 22.4-7.4 46.8-16.5 68.4-20.1 18.9 10.2 41 17 55.8 17 25.5 0 28-28.2 17.5-38.7zm-198.1 77.8c5.1-13.7 24.5-29.5 30.4-35-19 30.3-30.4 35.7-30.4 35zm81.6-190.6c7.4 0 6.7 32.1 1.8 40.8-4.4-13.9-4.3-40.8-1.8-40.8zm-24.4 136.6c9.7-16.9 18-37 24.7-54.7 8.3 15.1 18.9 27.2 30.1 35.5-20.8 4.3-38.9 13.1-54.8 19.2zm131.6-5s-5 6-37.3-7.8c35.1-2.6 40.9 5.4 37.3 7.8z\"><\/path><\/svg>\t\t\t<\/span>\n\t\t\t\t\t\t\t\t\t<span class=\"elementor-button-text\">  DOWNLOAD<\/span>\n\t\t\t\t\t<\/span>\n\t\t\t\t\t<\/a>\n\t\t\t\t<\/div>\n\t\t\t\t\t\t\t\t<\/div>\n\t\t\t\t<\/div>\n\t\t\t\t<\/div>\n\t\t\t\t\t<\/div>\n\t\t\t\t<\/div>\n\t\t<div class=\"elementor-element elementor-element-2af9f99 e-flex e-con-boxed e-con e-parent\" data-id=\"2af9f99\" data-element_type=\"container\" data-e-type=\"container\">\n\t\t\t\t\t<div class=\"e-con-inner\">\n\t\t\t\t<div class=\"elementor-element elementor-element-2e2379e elementor-widget elementor-widget-image\" data-id=\"2e2379e\" data-element_type=\"widget\" data-e-type=\"widget\" data-widget_type=\"image.default\">\n\t\t\t\t<div class=\"elementor-widget-container\">\n\t\t\t\t\t\t\t\t\t\t\t\t\t\t\t<img decoding=\"async\" width=\"2560\" height=\"512\" src=\"https:\/\/falkenbergs-batsallskap.se\/wp-content\/uploads\/2023\/04\/Liggande-miljomyndigheter-scaled.jpg\" class=\"attachment-full size-full wp-image-28872\" alt=\"\" srcset=\"https:\/\/falkenbergs-batsallskap.se\/wp-content\/uploads\/2023\/04\/Liggande-miljomyndigheter-scaled.jpg 2560w, https:\/\/falkenbergs-batsallskap.se\/wp-content\/uploads\/2023\/04\/Liggande-miljomyndigheter-300x60.jpg 300w, https:\/\/falkenbergs-batsallskap.se\/wp-content\/uploads\/2023\/04\/Liggande-miljomyndigheter-1024x205.jpg 1024w, https:\/\/falkenbergs-batsallskap.se\/wp-content\/uploads\/2023\/04\/Liggande-miljomyndigheter-768x154.jpg 768w, https:\/\/falkenbergs-batsallskap.se\/wp-content\/uploads\/2023\/04\/Liggande-miljomyndigheter-1536x307.jpg 1536w, https:\/\/falkenbergs-batsallskap.se\/wp-content\/uploads\/2023\/04\/Liggande-miljomyndigheter-2048x410.jpg 2048w\" sizes=\"(max-width: 2560px) 100vw, 2560px\" \/>\t\t\t\t\t\t\t\t\t\t\t\t\t\t\t<\/div>\n\t\t\t\t<\/div>\n\t\t\t\t\t<\/div>\n\t\t\t\t<\/div>\n\t\t<div class=\"elementor-element elementor-element-72fe556 e-flex e-con-boxed e-con e-parent\" data-id=\"72fe556\" data-element_type=\"container\" data-e-type=\"container\" data-settings=\"{&quot;background_background&quot;:&quot;classic&quot;}\">\n\t\t\t\t\t<div class=\"e-con-inner\">\n\t\t<div class=\"elementor-element elementor-element-1adf15f e-flex e-con-boxed e-con e-child\" data-id=\"1adf15f\" data-element_type=\"container\" data-e-type=\"container\">\n\t\t\t\t\t<div class=\"e-con-inner\">\n\t\t\t\t<div class=\"elementor-element elementor-element-ebe114f elementor-widget elementor-widget-heading\" data-id=\"ebe114f\" data-element_type=\"widget\" data-e-type=\"widget\" data-widget_type=\"heading.default\">\n\t\t\t\t<div class=\"elementor-widget-container\">\n\t\t\t\t\t<h2 class=\"elementor-heading-title elementor-size-default\">WICHTIG F\u00dcR DIE FR\u00dcHJAHRSUMR\u00dcSTUNG VON BOOTEN<\/h2>\t\t\t\t<\/div>\n\t\t\t\t<\/div>\n\t\t\t\t\t<\/div>\n\t\t\t\t<\/div>\n\t\t<div class=\"elementor-element elementor-element-d2e96ab e-flex e-con-boxed e-con e-child\" data-id=\"d2e96ab\" data-element_type=\"container\" data-e-type=\"container\">\n\t\t\t\t\t<div class=\"e-con-inner\">\n\t\t<div class=\"elementor-element elementor-element-7da7440 e-flex e-con-boxed e-con e-child\" data-id=\"7da7440\" data-element_type=\"container\" data-e-type=\"container\">\n\t\t\t\t\t<div class=\"e-con-inner\">\n\t\t\t\t<div class=\"elementor-element elementor-element-e63258e elementor-widget elementor-widget-text-editor\" data-id=\"e63258e\" data-element_type=\"widget\" data-e-type=\"widget\" data-widget_type=\"text-editor.default\">\n\t\t\t\t<div class=\"elementor-widget-container\">\n\t\t\t\t\t\t\t\t\t<div class=\"wpb_text_column wpb_content_element \">\n<div class=\"wpb_wrapper\">\n<h2><b>Kratzen, Schleifen und Wartungsarbeiten am eigenen Boot<\/b><\/h2><\/div><\/div><div class=\"wpb_text_column wpb_content_element \"><div class=\"wpb_wrapper\">\n<p class=\"p2\">Beim Abkratzen und Streichen des Bodens werden die Farbreste zur Entsorgung gesammelt. Dies gilt insbesondere f\u00fcr \u00e4ltere Holzboote, in denen Bleimonoxid vorhanden sein kann. Legen Sie eine Plane unter das Boot oder decken Sie den Boden mit Baufolie ab, um Schleif- und Farbreste aufzufangen.<\/p>\n<p class=\"p2\">Entsorgen Sie die gesammelten R\u00fcckst\u00e4nde als Sonderm\u00fcll im Umweltschuppen. Saugen Sie die Scharrierreste sofort nach dem Schaben mit einem groben Staubsauger auf.<\/p>\n<p class=\"p2\">W\u00e4hrend des Schleifens sollte das Boot abgedeckt werden, um die Verbreitung von Schleifstaub zu verhindern. Auch in diesem Fall sollte der Boden bedeckt sein. Tipp: Schleifen Sie nass oder verwenden Sie eine Schleifmaschine, die an einen groben Staubsauger angeschlossen ist. Denken Sie daran, auch pers\u00f6nliche Schutzausr\u00fcstung zu benutzen.<\/p>\n<\/div>\n<\/div>\t\t\t\t\t\t\t\t<\/div>\n\t\t\t\t<\/div>\n\t\t\t\t\t<\/div>\n\t\t\t\t<\/div>\n\t\t<div class=\"elementor-element elementor-element-bbc1aad e-con-full e-flex e-con e-child\" data-id=\"bbc1aad\" data-element_type=\"container\" data-e-type=\"container\">\n\t\t\t\t<div class=\"elementor-element elementor-element-57e1588 elementor-widget elementor-widget-image\" data-id=\"57e1588\" data-element_type=\"widget\" data-e-type=\"widget\" data-widget_type=\"image.default\">\n\t\t\t\t<div class=\"elementor-widget-container\">\n\t\t\t\t\t\t\t\t\t\t\t\t\t\t\t<img decoding=\"async\" width=\"800\" height=\"450\" src=\"https:\/\/falkenbergs-batsallskap.se\/wp-content\/uploads\/2023\/04\/Namnlost-1024x576.jpeg\" class=\"attachment-large size-large wp-image-28870\" alt=\"\" srcset=\"https:\/\/falkenbergs-batsallskap.se\/wp-content\/uploads\/2023\/04\/Namnlost-1024x576.jpeg 1024w, https:\/\/falkenbergs-batsallskap.se\/wp-content\/uploads\/2023\/04\/Namnlost-300x169.jpeg 300w, https:\/\/falkenbergs-batsallskap.se\/wp-content\/uploads\/2023\/04\/Namnlost-768x432.jpeg 768w, https:\/\/falkenbergs-batsallskap.se\/wp-content\/uploads\/2023\/04\/Namnlost-1536x863.jpeg 1536w, https:\/\/falkenbergs-batsallskap.se\/wp-content\/uploads\/2023\/04\/Namnlost-2048x1151.jpeg 2048w\" sizes=\"(max-width: 800px) 100vw, 800px\" \/>\t\t\t\t\t\t\t\t\t\t\t\t\t\t\t<\/div>\n\t\t\t\t<\/div>\n\t\t\t\t<div class=\"elementor-element elementor-element-c52aef6 elementor-widget elementor-widget-text-editor\" data-id=\"c52aef6\" data-element_type=\"widget\" data-e-type=\"widget\" data-widget_type=\"text-editor.default\">\n\t\t\t\t<div class=\"elementor-widget-container\">\n\t\t\t\t\t\t\t\t\t<p><i>Das Waschen des Bootsbodens mit Hochdruckreinigern ist nur erlaubt, wenn die Boote mit zugelassener Bodenfarbe gestrichen sind.<\/i><\/p>\n\t\t\t\t\t\t\t\t<\/div>\n\t\t\t\t<\/div>\n\t\t\t\t<\/div>\n\t\t\t\t\t<\/div>\n\t\t\t\t<\/div>\n\t\t\t\t\t<\/div>\n\t\t\t\t<\/div>\n\t\t\t\t<\/div>\n\t\t","protected":false},"excerpt":{"rendered":"<p>UMWELTARBEIT Die Vereinigung Umweltkoordinator Ola Hoffson 070-56 200 75 VERGANGENHEIT, GEGENWART und ZUKUNFT Die Organisation hat eine Umweltpolitik ausgearbeitet, in der wir die mit unserer T\u00e4tigkeit verbundenen Risiken \u00fcberpr\u00fcft haben. Die Beh\u00f6rden stellen h\u00f6here Anforderungen an uns und f\u00fcr die Schifffahrt auf See. Die Umweltarbeit des Clubs Drei Punkte werden im Mittelpunkt der Arbeit der [&hellip;]<\/p>\n","protected":false},"author":409,"featured_media":0,"parent":0,"menu_order":0,"comment_status":"closed","ping_status":"closed","template":"","meta":{"_acf_changed":false,"footnotes":""},"class_list":["post-29296","page","type-page","status-publish","hentry"],"acf":[],"jetpack_sharing_enabled":true,"_links":{"self":[{"href":"https:\/\/falkenbergs-batsallskap.se\/de\/wp-json\/wp\/v2\/pages\/29296","targetHints":{"allow":["GET"]}}],"collection":[{"href":"https:\/\/falkenbergs-batsallskap.se\/de\/wp-json\/wp\/v2\/pages"}],"about":[{"href":"https:\/\/falkenbergs-batsallskap.se\/de\/wp-json\/wp\/v2\/types\/page"}],"author":[{"embeddable":true,"href":"https:\/\/falkenbergs-batsallskap.se\/de\/wp-json\/wp\/v2\/users\/409"}],"replies":[{"embeddable":true,"href":"https:\/\/falkenbergs-batsallskap.se\/de\/wp-json\/wp\/v2\/comments?post=29296"}],"version-history":[{"count":1,"href":"https:\/\/falkenbergs-batsallskap.se\/de\/wp-json\/wp\/v2\/pages\/29296\/revisions"}],"predecessor-version":[{"id":29297,"href":"https:\/\/falkenbergs-batsallskap.se\/de\/wp-json\/wp\/v2\/pages\/29296\/revisions\/29297"}],"wp:attachment":[{"href":"https:\/\/falkenbergs-batsallskap.se\/de\/wp-json\/wp\/v2\/media?parent=29296"}],"curies":[{"name":"wp","href":"https:\/\/api.w.org\/{rel}","templated":true}]}}