{"id":29293,"date":"2023-03-31T07:24:54","date_gmt":"2023-03-31T07:24:54","guid":{"rendered":"https:\/\/falkenbergs-batsallskap.se\/arbeitseinsatz"},"modified":"2024-03-01T14:44:28","modified_gmt":"2024-03-01T14:44:28","slug":"arbeitseinsatz","status":"publish","type":"page","link":"https:\/\/falkenbergs-batsallskap.se\/de\/arbeitseinsatz","title":{"rendered":"Arbeitseinsatz"},"content":{"rendered":"\t\t<div data-elementor-type=\"wp-page\" data-elementor-id=\"29293\" class=\"elementor elementor-29293 elementor-26057\" data-elementor-post-type=\"page\">\n\t\t\t\t<div class=\"elementor-element elementor-element-baef2dd e-con-full e-flex e-con e-parent\" data-id=\"baef2dd\" data-element_type=\"container\" data-e-type=\"container\">\n\t\t<div class=\"elementor-element elementor-element-8b72879 e-con-full e-flex e-con e-child\" data-id=\"8b72879\" data-element_type=\"container\" data-e-type=\"container\">\n\t\t<div class=\"elementor-element elementor-element-3e78f62 e-con-full e-flex e-con e-child\" data-id=\"3e78f62\" data-element_type=\"container\" data-e-type=\"container\" data-settings=\"{&quot;background_background&quot;:&quot;slideshow&quot;,&quot;background_slideshow_gallery&quot;:[{&quot;id&quot;:25812,&quot;url&quot;:&quot;https:\\\/\\\/falkenbergs-batsallskap.se\\\/wp-content\\\/uploads\\\/2023\\\/03\\\/hamn-scaled.jpg&quot;},{&quot;id&quot;:24749,&quot;url&quot;:&quot;https:\\\/\\\/falkenbergs-batsallskap.se\\\/wp-content\\\/uploads\\\/2022\\\/03\\\/IMG_1309-scaled.jpg&quot;},{&quot;id&quot;:24960,&quot;url&quot;:&quot;https:\\\/\\\/falkenbergs-batsallskap.se\\\/wp-content\\\/uploads\\\/2022\\\/05\\\/BE98B9BE-ED44-4477-9CC8-E2E22C44BB88_1_201_a-scaled.jpeg&quot;}],&quot;background_slideshow_transition_duration&quot;:2000,&quot;shape_divider_bottom&quot;:&quot;waves&quot;,&quot;background_slideshow_loop&quot;:&quot;yes&quot;,&quot;background_slideshow_slide_duration&quot;:5000,&quot;background_slideshow_slide_transition&quot;:&quot;fade&quot;}\">\n\t\t\t\t<div class=\"elementor-shape elementor-shape-bottom\" aria-hidden=\"true\" data-negative=\"false\">\n\t\t\t<svg xmlns=\"http:\/\/www.w3.org\/2000\/svg\" viewBox=\"0 0 1000 100\" preserveAspectRatio=\"none\">\n\t<path class=\"elementor-shape-fill\" d=\"M421.9,6.5c22.6-2.5,51.5,0.4,75.5,5.3c23.6,4.9,70.9,23.5,100.5,35.7c75.8,32.2,133.7,44.5,192.6,49.7\n\tc23.6,2.1,48.7,3.5,103.4-2.5c54.7-6,106.2-25.6,106.2-25.6V0H0v30.3c0,0,72,32.6,158.4,30.5c39.2-0.7,92.8-6.7,134-22.4\n\tc21.2-8.1,52.2-18.2,79.7-24.2C399.3,7.9,411.6,7.5,421.9,6.5z\"\/>\n<\/svg>\t\t<\/div>\n\t\t\t\t<div class=\"elementor-element elementor-element-2db96b3 elementor-widget elementor-widget-heading\" data-id=\"2db96b3\" data-element_type=\"widget\" data-e-type=\"widget\" data-widget_type=\"heading.default\">\n\t\t\t\t<div class=\"elementor-widget-container\">\n\t\t\t\t\t<h2 class=\"elementor-heading-title elementor-size-default\">BESCH\u00c4FTIGUNG<\/h2>\t\t\t\t<\/div>\n\t\t\t\t<\/div>\n\t\t\t\t<\/div>\n\t\t\t\t<\/div>\n\t\t\t\t<\/div>\n\t\t<div class=\"elementor-element elementor-element-4982c5e e-flex e-con-boxed e-con e-parent\" data-id=\"4982c5e\" data-element_type=\"container\" data-e-type=\"container\">\n\t\t\t\t\t<div class=\"e-con-inner\">\n\t\t<div class=\"elementor-element elementor-element-d51e468 e-con-full e-flex e-con e-child\" data-id=\"d51e468\" data-element_type=\"container\" data-e-type=\"container\">\n\t\t\t\t<div class=\"elementor-element elementor-element-3989f04 elementor-widget elementor-widget-image\" data-id=\"3989f04\" data-element_type=\"widget\" data-e-type=\"widget\" data-widget_type=\"image.default\">\n\t\t\t\t<div class=\"elementor-widget-container\">\n\t\t\t\t\t\t\t\t\t\t\t\t\t\t\t<img decoding=\"async\" src=\"https:\/\/falkenbergs-batsallskap.se\/wp-content\/uploads\/elementor\/thumbs\/DD2C0967-B873-430F-9481-EE4DE2F7DE74_1_201_a-scaled-q6civ9iq954iu5dbnwoy1nfn8kvgdsy8yx2emv906k.jpeg\" title=\"DD2C0967-B873-430F-9481-EE4DE2F7DE74_1_201_a\" alt=\"DD2C0967-B873-430F-9481-EE4DE2F7DE74_1_201_a\" loading=\"lazy\" \/>\t\t\t\t\t\t\t\t\t\t\t\t\t\t\t<\/div>\n\t\t\t\t<\/div>\n\t\t\t\t<\/div>\n\t\t<div class=\"elementor-element elementor-element-ba1d144 e-con-full e-flex e-con e-child\" data-id=\"ba1d144\" data-element_type=\"container\" data-e-type=\"container\">\n\t\t<div class=\"elementor-element elementor-element-1be20b3 e-flex e-con-boxed e-con e-child\" data-id=\"1be20b3\" data-element_type=\"container\" data-e-type=\"container\">\n\t\t\t\t\t<div class=\"e-con-inner\">\n\t\t\t\t<div class=\"elementor-element elementor-element-844188d elementor-widget elementor-widget-text-editor\" data-id=\"844188d\" data-element_type=\"widget\" data-e-type=\"widget\" data-widget_type=\"text-editor.default\">\n\t\t\t\t<div class=\"elementor-widget-container\">\n\t\t\t\t\t\t\t\t\t<p>Ab 2014 hat der Club eine Arbeitsverpflichtung von 20 Stunden pro Jahr f\u00fcr Mitglieder an Land eingef\u00fchrt. Sie entscheiden sich f\u00fcr die Teilnahme an einer Freiwilligenarbeit. Wer sich nicht der Stimme enthalten kann, darf oder will, zahlt einen von der Jahresversammlung beschlossenen Aufschlag.  <\/p>\n\t\t\t\t\t\t\t\t<\/div>\n\t\t\t\t<\/div>\n\t\t\t\t\t<\/div>\n\t\t\t\t<\/div>\n\t\t<div class=\"elementor-element elementor-element-7310785 e-flex e-con-boxed e-con e-child\" data-id=\"7310785\" data-element_type=\"container\" data-e-type=\"container\">\n\t\t\t\t\t<div class=\"e-con-inner\">\n\t\t\t\t<div class=\"elementor-element elementor-element-9158539 elementor-widget elementor-widget-text-editor\" data-id=\"9158539\" data-element_type=\"widget\" data-e-type=\"widget\" data-widget_type=\"text-editor.default\">\n\t\t\t\t<div class=\"elementor-widget-container\">\n\t\t\t\t\t\t\t\t\t<p>F\u00fcr diejenigen, die im Laufe des Jahres keine 20 Arbeitsstunden geleistet haben, werden im Dezember Geb\u00fchren erhoben. Der Arbeitsaufwand erstreckt sich auf die Zeit zwischen dem Jahrestreffen und der Jahresversammlung und sollte in einem Ordner im Clubhaus dokumentiert werden.<\/p>\n<p>An der Eingangst\u00fcr und in der Mappe &#8222;Pflicht zur Arbeit&#8220; finden Sie eine Liste mit Aufgaben und Anweisungen. Vergessen Sie nicht, die geleistete Arbeit in die Mappe einzutragen.  <\/p>\n<p>Zus\u00e4tzlich zur Arbeitsverpflichtung sind die Bootseigner verpflichtet, im Fr\u00fchjahr beim Verstauen der Schlitten und Wiegen anwesend zu sein und mitzuwirken.<br \/>damit das Gebiet w\u00e4hrend der Bootssaison ordentlich aussieht. Gleiches gilt, wenn Wagen und Karren vor dem Trocknen herausgenommen werden m\u00fcssen.<\/p>\n\t\t\t\t\t\t\t\t<\/div>\n\t\t\t\t<\/div>\n\t\t\t\t\t<\/div>\n\t\t\t\t<\/div>\n\t\t\t\t<\/div>\n\t\t\t\t\t<\/div>\n\t\t\t\t<\/div>\n\t\t<div class=\"elementor-element elementor-element-872f0ca e-flex e-con-boxed e-con e-parent\" data-id=\"872f0ca\" data-element_type=\"container\" data-e-type=\"container\">\n\t\t\t\t\t<div class=\"e-con-inner\">\n\t\t<div class=\"elementor-element elementor-element-547f8f4 e-con-full e-flex e-con e-child\" data-id=\"547f8f4\" data-element_type=\"container\" data-e-type=\"container\">\n\t\t\t\t<div class=\"elementor-element elementor-element-e08c415 elementor-widget elementor-widget-image\" data-id=\"e08c415\" data-element_type=\"widget\" data-e-type=\"widget\" data-widget_type=\"image.default\">\n\t\t\t\t<div class=\"elementor-widget-container\">\n\t\t\t\t\t\t\t\t\t\t\t\t\t\t\t<img fetchpriority=\"high\" decoding=\"async\" width=\"800\" height=\"800\" src=\"https:\/\/falkenbergs-batsallskap.se\/wp-content\/uploads\/2022\/05\/2FC59E2B-6992-41D1-8596-6307C4D163AD_1_201_a-1024x1024.jpeg\" class=\"attachment-large size-large wp-image-28574\" alt=\"\" srcset=\"https:\/\/falkenbergs-batsallskap.se\/wp-content\/uploads\/2022\/05\/2FC59E2B-6992-41D1-8596-6307C4D163AD_1_201_a-1024x1024.jpeg 1024w, https:\/\/falkenbergs-batsallskap.se\/wp-content\/uploads\/2022\/05\/2FC59E2B-6992-41D1-8596-6307C4D163AD_1_201_a-300x300.jpeg 300w, https:\/\/falkenbergs-batsallskap.se\/wp-content\/uploads\/2022\/05\/2FC59E2B-6992-41D1-8596-6307C4D163AD_1_201_a-150x150.jpeg 150w, https:\/\/falkenbergs-batsallskap.se\/wp-content\/uploads\/2022\/05\/2FC59E2B-6992-41D1-8596-6307C4D163AD_1_201_a-768x768.jpeg 768w, https:\/\/falkenbergs-batsallskap.se\/wp-content\/uploads\/2022\/05\/2FC59E2B-6992-41D1-8596-6307C4D163AD_1_201_a-1536x1536.jpeg 1536w, https:\/\/falkenbergs-batsallskap.se\/wp-content\/uploads\/2022\/05\/2FC59E2B-6992-41D1-8596-6307C4D163AD_1_201_a-2048x2048.jpeg 2048w, https:\/\/falkenbergs-batsallskap.se\/wp-content\/uploads\/2022\/05\/2FC59E2B-6992-41D1-8596-6307C4D163AD_1_201_a-570x570.jpeg 570w, https:\/\/falkenbergs-batsallskap.se\/wp-content\/uploads\/2022\/05\/2FC59E2B-6992-41D1-8596-6307C4D163AD_1_201_a-500x500.jpeg 500w, https:\/\/falkenbergs-batsallskap.se\/wp-content\/uploads\/2022\/05\/2FC59E2B-6992-41D1-8596-6307C4D163AD_1_201_a-1000x1000.jpeg 1000w, https:\/\/falkenbergs-batsallskap.se\/wp-content\/uploads\/2022\/05\/2FC59E2B-6992-41D1-8596-6307C4D163AD_1_201_a-700x700.jpeg 700w, https:\/\/falkenbergs-batsallskap.se\/wp-content\/uploads\/2022\/05\/2FC59E2B-6992-41D1-8596-6307C4D163AD_1_201_a-1320x1320.jpeg 1320w, https:\/\/falkenbergs-batsallskap.se\/wp-content\/uploads\/2022\/05\/2FC59E2B-6992-41D1-8596-6307C4D163AD_1_201_a-400x400.jpeg 400w, https:\/\/falkenbergs-batsallskap.se\/wp-content\/uploads\/2022\/05\/2FC59E2B-6992-41D1-8596-6307C4D163AD_1_201_a-600x600.jpeg 600w, https:\/\/falkenbergs-batsallskap.se\/wp-content\/uploads\/2022\/05\/2FC59E2B-6992-41D1-8596-6307C4D163AD_1_201_a-100x100.jpeg 100w\" sizes=\"(max-width: 800px) 100vw, 800px\" \/>\t\t\t\t\t\t\t\t\t\t\t\t\t\t\t<\/div>\n\t\t\t\t<\/div>\n\t\t\t\t<\/div>\n\t\t<div class=\"elementor-element elementor-element-3cf215d e-con-full e-flex e-con e-child\" data-id=\"3cf215d\" data-element_type=\"container\" data-e-type=\"container\">\n\t\t\t\t<div class=\"elementor-element elementor-element-c766a32 elementor-widget elementor-widget-image\" data-id=\"c766a32\" data-element_type=\"widget\" data-e-type=\"widget\" data-widget_type=\"image.default\">\n\t\t\t\t<div class=\"elementor-widget-container\">\n\t\t\t\t\t\t\t\t\t\t\t\t\t\t\t<img decoding=\"async\" width=\"800\" height=\"800\" src=\"https:\/\/falkenbergs-batsallskap.se\/wp-content\/uploads\/2022\/05\/677EDDBC-5AD2-486B-BC2F-E01796E7E00D_1_201_a-1024x1024.jpeg\" class=\"attachment-large size-large wp-image-28556\" alt=\"\" srcset=\"https:\/\/falkenbergs-batsallskap.se\/wp-content\/uploads\/2022\/05\/677EDDBC-5AD2-486B-BC2F-E01796E7E00D_1_201_a-1024x1024.jpeg 1024w, https:\/\/falkenbergs-batsallskap.se\/wp-content\/uploads\/2022\/05\/677EDDBC-5AD2-486B-BC2F-E01796E7E00D_1_201_a-300x300.jpeg 300w, https:\/\/falkenbergs-batsallskap.se\/wp-content\/uploads\/2022\/05\/677EDDBC-5AD2-486B-BC2F-E01796E7E00D_1_201_a-150x150.jpeg 150w, https:\/\/falkenbergs-batsallskap.se\/wp-content\/uploads\/2022\/05\/677EDDBC-5AD2-486B-BC2F-E01796E7E00D_1_201_a-768x768.jpeg 768w, https:\/\/falkenbergs-batsallskap.se\/wp-content\/uploads\/2022\/05\/677EDDBC-5AD2-486B-BC2F-E01796E7E00D_1_201_a-1536x1536.jpeg 1536w, https:\/\/falkenbergs-batsallskap.se\/wp-content\/uploads\/2022\/05\/677EDDBC-5AD2-486B-BC2F-E01796E7E00D_1_201_a-2048x2048.jpeg 2048w, https:\/\/falkenbergs-batsallskap.se\/wp-content\/uploads\/2022\/05\/677EDDBC-5AD2-486B-BC2F-E01796E7E00D_1_201_a-570x570.jpeg 570w, https:\/\/falkenbergs-batsallskap.se\/wp-content\/uploads\/2022\/05\/677EDDBC-5AD2-486B-BC2F-E01796E7E00D_1_201_a-500x500.jpeg 500w, https:\/\/falkenbergs-batsallskap.se\/wp-content\/uploads\/2022\/05\/677EDDBC-5AD2-486B-BC2F-E01796E7E00D_1_201_a-1000x1000.jpeg 1000w, https:\/\/falkenbergs-batsallskap.se\/wp-content\/uploads\/2022\/05\/677EDDBC-5AD2-486B-BC2F-E01796E7E00D_1_201_a-700x700.jpeg 700w, https:\/\/falkenbergs-batsallskap.se\/wp-content\/uploads\/2022\/05\/677EDDBC-5AD2-486B-BC2F-E01796E7E00D_1_201_a-1320x1320.jpeg 1320w, https:\/\/falkenbergs-batsallskap.se\/wp-content\/uploads\/2022\/05\/677EDDBC-5AD2-486B-BC2F-E01796E7E00D_1_201_a-400x400.jpeg 400w, https:\/\/falkenbergs-batsallskap.se\/wp-content\/uploads\/2022\/05\/677EDDBC-5AD2-486B-BC2F-E01796E7E00D_1_201_a-600x600.jpeg 600w, https:\/\/falkenbergs-batsallskap.se\/wp-content\/uploads\/2022\/05\/677EDDBC-5AD2-486B-BC2F-E01796E7E00D_1_201_a-100x100.jpeg 100w\" sizes=\"(max-width: 800px) 100vw, 800px\" \/>\t\t\t\t\t\t\t\t\t\t\t\t\t\t\t<\/div>\n\t\t\t\t<\/div>\n\t\t\t\t<\/div>\n\t\t<div class=\"elementor-element elementor-element-c0fe5b5 e-con-full e-flex e-con e-child\" data-id=\"c0fe5b5\" data-element_type=\"container\" data-e-type=\"container\">\n\t\t\t\t<div class=\"elementor-element elementor-element-8c7a505 elementor-widget elementor-widget-image\" data-id=\"8c7a505\" data-element_type=\"widget\" data-e-type=\"widget\" data-widget_type=\"image.default\">\n\t\t\t\t<div class=\"elementor-widget-container\">\n\t\t\t\t\t\t\t\t\t\t\t\t\t\t\t<img decoding=\"async\" width=\"800\" height=\"800\" src=\"https:\/\/falkenbergs-batsallskap.se\/wp-content\/uploads\/2022\/05\/6F66A407-AC4F-4F83-AECB-B441D8D8723C_1_201_a-1024x1024.jpeg\" class=\"attachment-large size-large wp-image-28568\" alt=\"\" srcset=\"https:\/\/falkenbergs-batsallskap.se\/wp-content\/uploads\/2022\/05\/6F66A407-AC4F-4F83-AECB-B441D8D8723C_1_201_a-1024x1024.jpeg 1024w, https:\/\/falkenbergs-batsallskap.se\/wp-content\/uploads\/2022\/05\/6F66A407-AC4F-4F83-AECB-B441D8D8723C_1_201_a-300x300.jpeg 300w, https:\/\/falkenbergs-batsallskap.se\/wp-content\/uploads\/2022\/05\/6F66A407-AC4F-4F83-AECB-B441D8D8723C_1_201_a-150x150.jpeg 150w, https:\/\/falkenbergs-batsallskap.se\/wp-content\/uploads\/2022\/05\/6F66A407-AC4F-4F83-AECB-B441D8D8723C_1_201_a-768x768.jpeg 768w, https:\/\/falkenbergs-batsallskap.se\/wp-content\/uploads\/2022\/05\/6F66A407-AC4F-4F83-AECB-B441D8D8723C_1_201_a-1536x1536.jpeg 1536w, https:\/\/falkenbergs-batsallskap.se\/wp-content\/uploads\/2022\/05\/6F66A407-AC4F-4F83-AECB-B441D8D8723C_1_201_a-2048x2048.jpeg 2048w, https:\/\/falkenbergs-batsallskap.se\/wp-content\/uploads\/2022\/05\/6F66A407-AC4F-4F83-AECB-B441D8D8723C_1_201_a-570x570.jpeg 570w, https:\/\/falkenbergs-batsallskap.se\/wp-content\/uploads\/2022\/05\/6F66A407-AC4F-4F83-AECB-B441D8D8723C_1_201_a-500x500.jpeg 500w, https:\/\/falkenbergs-batsallskap.se\/wp-content\/uploads\/2022\/05\/6F66A407-AC4F-4F83-AECB-B441D8D8723C_1_201_a-1000x1000.jpeg 1000w, https:\/\/falkenbergs-batsallskap.se\/wp-content\/uploads\/2022\/05\/6F66A407-AC4F-4F83-AECB-B441D8D8723C_1_201_a-700x700.jpeg 700w, https:\/\/falkenbergs-batsallskap.se\/wp-content\/uploads\/2022\/05\/6F66A407-AC4F-4F83-AECB-B441D8D8723C_1_201_a-1320x1320.jpeg 1320w, https:\/\/falkenbergs-batsallskap.se\/wp-content\/uploads\/2022\/05\/6F66A407-AC4F-4F83-AECB-B441D8D8723C_1_201_a-400x400.jpeg 400w, https:\/\/falkenbergs-batsallskap.se\/wp-content\/uploads\/2022\/05\/6F66A407-AC4F-4F83-AECB-B441D8D8723C_1_201_a-600x600.jpeg 600w, https:\/\/falkenbergs-batsallskap.se\/wp-content\/uploads\/2022\/05\/6F66A407-AC4F-4F83-AECB-B441D8D8723C_1_201_a-100x100.jpeg 100w\" sizes=\"(max-width: 800px) 100vw, 800px\" \/>\t\t\t\t\t\t\t\t\t\t\t\t\t\t\t<\/div>\n\t\t\t\t<\/div>\n\t\t\t\t<\/div>\n\t\t<div class=\"elementor-element elementor-element-21fb5fb e-con-full e-flex e-con e-child\" data-id=\"21fb5fb\" data-element_type=\"container\" data-e-type=\"container\">\n\t\t\t\t<div class=\"elementor-element elementor-element-2e3b01a elementor-widget elementor-widget-image\" data-id=\"2e3b01a\" data-element_type=\"widget\" data-e-type=\"widget\" data-widget_type=\"image.default\">\n\t\t\t\t<div class=\"elementor-widget-container\">\n\t\t\t\t\t\t\t\t\t\t\t\t\t\t\t<img loading=\"lazy\" decoding=\"async\" width=\"800\" height=\"800\" src=\"https:\/\/falkenbergs-batsallskap.se\/wp-content\/uploads\/2022\/03\/IMG_1307-1024x1024.jpg\" class=\"attachment-large size-large wp-image-28536\" alt=\"\" srcset=\"https:\/\/falkenbergs-batsallskap.se\/wp-content\/uploads\/2022\/03\/IMG_1307-1024x1024.jpg 1024w, https:\/\/falkenbergs-batsallskap.se\/wp-content\/uploads\/2022\/03\/IMG_1307-300x300.jpg 300w, https:\/\/falkenbergs-batsallskap.se\/wp-content\/uploads\/2022\/03\/IMG_1307-150x150.jpg 150w, https:\/\/falkenbergs-batsallskap.se\/wp-content\/uploads\/2022\/03\/IMG_1307-768x768.jpg 768w, https:\/\/falkenbergs-batsallskap.se\/wp-content\/uploads\/2022\/03\/IMG_1307-1536x1536.jpg 1536w, https:\/\/falkenbergs-batsallskap.se\/wp-content\/uploads\/2022\/03\/IMG_1307-2048x2048.jpg 2048w, https:\/\/falkenbergs-batsallskap.se\/wp-content\/uploads\/2022\/03\/IMG_1307-570x570.jpg 570w, https:\/\/falkenbergs-batsallskap.se\/wp-content\/uploads\/2022\/03\/IMG_1307-500x500.jpg 500w, https:\/\/falkenbergs-batsallskap.se\/wp-content\/uploads\/2022\/03\/IMG_1307-1000x1000.jpg 1000w, https:\/\/falkenbergs-batsallskap.se\/wp-content\/uploads\/2022\/03\/IMG_1307-700x700.jpg 700w, https:\/\/falkenbergs-batsallskap.se\/wp-content\/uploads\/2022\/03\/IMG_1307-1320x1320.jpg 1320w, https:\/\/falkenbergs-batsallskap.se\/wp-content\/uploads\/2022\/03\/IMG_1307-400x400.jpg 400w, https:\/\/falkenbergs-batsallskap.se\/wp-content\/uploads\/2022\/03\/IMG_1307-600x600.jpg 600w, https:\/\/falkenbergs-batsallskap.se\/wp-content\/uploads\/2022\/03\/IMG_1307-100x100.jpg 100w\" sizes=\"(max-width: 800px) 100vw, 800px\" \/>\t\t\t\t\t\t\t\t\t\t\t\t\t\t\t<\/div>\n\t\t\t\t<\/div>\n\t\t\t\t<\/div>\n\t\t\t\t\t<\/div>\n\t\t\t\t<\/div>\n\t\t<div class=\"elementor-element elementor-element-d03fe8a e-flex e-con-boxed e-con e-parent\" data-id=\"d03fe8a\" data-element_type=\"container\" data-e-type=\"container\" data-settings=\"{&quot;background_background&quot;:&quot;slideshow&quot;,&quot;background_slideshow_gallery&quot;:[{&quot;id&quot;:27537,&quot;url&quot;:&quot;https:\\\/\\\/falkenbergs-batsallskap.se\\\/wp-content\\\/uploads\\\/2024\\\/01\\\/megan-menegay-_sZ3M3oFMMw-unsplash-scaled.jpg&quot;}],&quot;shape_divider_bottom&quot;:&quot;waves&quot;,&quot;shape_divider_top&quot;:&quot;waves&quot;,&quot;background_slideshow_loop&quot;:&quot;yes&quot;,&quot;background_slideshow_slide_duration&quot;:5000,&quot;background_slideshow_slide_transition&quot;:&quot;fade&quot;,&quot;background_slideshow_transition_duration&quot;:500}\">\n\t\t\t\t\t<div class=\"e-con-inner\">\n\t\t\t\t<div class=\"elementor-shape elementor-shape-top\" aria-hidden=\"true\" data-negative=\"false\">\n\t\t\t<svg xmlns=\"http:\/\/www.w3.org\/2000\/svg\" viewBox=\"0 0 1000 100\" preserveAspectRatio=\"none\">\n\t<path class=\"elementor-shape-fill\" d=\"M421.9,6.5c22.6-2.5,51.5,0.4,75.5,5.3c23.6,4.9,70.9,23.5,100.5,35.7c75.8,32.2,133.7,44.5,192.6,49.7\n\tc23.6,2.1,48.7,3.5,103.4-2.5c54.7-6,106.2-25.6,106.2-25.6V0H0v30.3c0,0,72,32.6,158.4,30.5c39.2-0.7,92.8-6.7,134-22.4\n\tc21.2-8.1,52.2-18.2,79.7-24.2C399.3,7.9,411.6,7.5,421.9,6.5z\"\/>\n<\/svg>\t\t<\/div>\n\t\t\t\t<div class=\"elementor-shape elementor-shape-bottom\" aria-hidden=\"true\" data-negative=\"false\">\n\t\t\t<svg xmlns=\"http:\/\/www.w3.org\/2000\/svg\" viewBox=\"0 0 1000 100\" preserveAspectRatio=\"none\">\n\t<path class=\"elementor-shape-fill\" d=\"M421.9,6.5c22.6-2.5,51.5,0.4,75.5,5.3c23.6,4.9,70.9,23.5,100.5,35.7c75.8,32.2,133.7,44.5,192.6,49.7\n\tc23.6,2.1,48.7,3.5,103.4-2.5c54.7-6,106.2-25.6,106.2-25.6V0H0v30.3c0,0,72,32.6,158.4,30.5c39.2-0.7,92.8-6.7,134-22.4\n\tc21.2-8.1,52.2-18.2,79.7-24.2C399.3,7.9,411.6,7.5,421.9,6.5z\"\/>\n<\/svg>\t\t<\/div>\n\t\t\t\t\t<\/div>\n\t\t\t\t<\/div>\n\t\t\t\t<\/div>\n\t\t","protected":false},"excerpt":{"rendered":"<p>BESCH\u00c4FTIGUNG Ab 2014 hat der Club eine Arbeitsverpflichtung von 20 Stunden pro Jahr f\u00fcr Mitglieder an Land eingef\u00fchrt. Sie entscheiden sich f\u00fcr die Teilnahme an einer Freiwilligenarbeit. Wer sich nicht der Stimme enthalten kann, darf oder will, zahlt einen von der Jahresversammlung beschlossenen Aufschlag. F\u00fcr diejenigen, die im Laufe des Jahres keine 20 Arbeitsstunden geleistet [&hellip;]<\/p>\n","protected":false},"author":409,"featured_media":0,"parent":0,"menu_order":0,"comment_status":"closed","ping_status":"closed","template":"","meta":{"_acf_changed":false,"footnotes":""},"class_list":["post-29293","page","type-page","status-publish","hentry"],"acf":[],"jetpack_sharing_enabled":true,"_links":{"self":[{"href":"https:\/\/falkenbergs-batsallskap.se\/de\/wp-json\/wp\/v2\/pages\/29293","targetHints":{"allow":["GET"]}}],"collection":[{"href":"https:\/\/falkenbergs-batsallskap.se\/de\/wp-json\/wp\/v2\/pages"}],"about":[{"href":"https:\/\/falkenbergs-batsallskap.se\/de\/wp-json\/wp\/v2\/types\/page"}],"author":[{"embeddable":true,"href":"https:\/\/falkenbergs-batsallskap.se\/de\/wp-json\/wp\/v2\/users\/409"}],"replies":[{"embeddable":true,"href":"https:\/\/falkenbergs-batsallskap.se\/de\/wp-json\/wp\/v2\/comments?post=29293"}],"version-history":[{"count":1,"href":"https:\/\/falkenbergs-batsallskap.se\/de\/wp-json\/wp\/v2\/pages\/29293\/revisions"}],"predecessor-version":[{"id":29295,"href":"https:\/\/falkenbergs-batsallskap.se\/de\/wp-json\/wp\/v2\/pages\/29293\/revisions\/29295"}],"wp:attachment":[{"href":"https:\/\/falkenbergs-batsallskap.se\/de\/wp-json\/wp\/v2\/media?parent=29293"}],"curies":[{"name":"wp","href":"https:\/\/api.w.org\/{rel}","templated":true}]}}