{"id":29285,"date":"2023-03-31T07:36:04","date_gmt":"2023-03-31T07:36:04","guid":{"rendered":"https:\/\/falkenbergs-batsallskap.se\/gebuehren"},"modified":"2024-03-01T14:44:28","modified_gmt":"2024-03-01T14:44:28","slug":"gebuehren","status":"publish","type":"page","link":"https:\/\/falkenbergs-batsallskap.se\/de\/gebuehren","title":{"rendered":"Geb\u00fchren"},"content":{"rendered":"\t\t<div data-elementor-type=\"wp-page\" data-elementor-id=\"29285\" class=\"elementor elementor-29285 elementor-26063\" data-elementor-post-type=\"page\">\n\t\t\t\t<div class=\"elementor-element elementor-element-d37452f e-con-full e-flex e-con e-parent\" data-id=\"d37452f\" data-element_type=\"container\" data-e-type=\"container\">\n\t\t<div class=\"elementor-element elementor-element-c7b49a2 e-con-full e-flex e-con e-child\" data-id=\"c7b49a2\" data-element_type=\"container\" data-e-type=\"container\" data-settings=\"{&quot;background_background&quot;:&quot;slideshow&quot;,&quot;background_slideshow_gallery&quot;:[{&quot;id&quot;:27541,&quot;url&quot;:&quot;https:\\\/\\\/falkenbergs-batsallskap.se\\\/wp-content\\\/uploads\\\/2024\\\/01\\\/albert-bleeker-1OvdL-CX3p0-unsplash-scaled.jpg&quot;},{&quot;id&quot;:25028,&quot;url&quot;:&quot;https:\\\/\\\/falkenbergs-batsallskap.se\\\/wp-content\\\/uploads\\\/2022\\\/08\\\/1E9A4E34-2ADF-4DBD-9B61-EB92E1D300E0.jpeg&quot;},{&quot;id&quot;:26577,&quot;url&quot;:&quot;https:\\\/\\\/falkenbergs-batsallskap.se\\\/wp-content\\\/uploads\\\/2023\\\/05\\\/IMG_3609-scaled.jpeg&quot;}],&quot;background_slideshow_transition_duration&quot;:2000,&quot;shape_divider_bottom&quot;:&quot;waves&quot;,&quot;background_slideshow_loop&quot;:&quot;yes&quot;,&quot;background_slideshow_slide_duration&quot;:5000,&quot;background_slideshow_slide_transition&quot;:&quot;fade&quot;}\">\n\t\t\t\t<div class=\"elementor-shape elementor-shape-bottom\" aria-hidden=\"true\" data-negative=\"false\">\n\t\t\t<svg xmlns=\"http:\/\/www.w3.org\/2000\/svg\" viewBox=\"0 0 1000 100\" preserveAspectRatio=\"none\">\n\t<path class=\"elementor-shape-fill\" d=\"M421.9,6.5c22.6-2.5,51.5,0.4,75.5,5.3c23.6,4.9,70.9,23.5,100.5,35.7c75.8,32.2,133.7,44.5,192.6,49.7\n\tc23.6,2.1,48.7,3.5,103.4-2.5c54.7-6,106.2-25.6,106.2-25.6V0H0v30.3c0,0,72,32.6,158.4,30.5c39.2-0.7,92.8-6.7,134-22.4\n\tc21.2-8.1,52.2-18.2,79.7-24.2C399.3,7.9,411.6,7.5,421.9,6.5z\"\/>\n<\/svg>\t\t<\/div>\n\t\t\t\t<div class=\"elementor-element elementor-element-c420e91 elementor-widget elementor-widget-heading\" data-id=\"c420e91\" data-element_type=\"widget\" data-e-type=\"widget\" data-widget_type=\"heading.default\">\n\t\t\t\t<div class=\"elementor-widget-container\">\n\t\t\t\t\t<h2 class=\"elementor-heading-title elementor-size-default\">GEB\u00dcHREN<\/h2>\t\t\t\t<\/div>\n\t\t\t\t<\/div>\n\t\t\t\t<\/div>\n\t\t\t\t<\/div>\n\t\t<div class=\"elementor-element elementor-element-e50373d e-flex e-con-boxed e-con e-parent\" data-id=\"e50373d\" data-element_type=\"container\" data-e-type=\"container\">\n\t\t\t\t\t<div class=\"e-con-inner\">\n\t\t<div class=\"elementor-element elementor-element-5c3e951 e-flex e-con-boxed e-con e-child\" data-id=\"5c3e951\" data-element_type=\"container\" data-e-type=\"container\">\n\t\t\t\t\t<div class=\"e-con-inner\">\n\t\t<div class=\"elementor-element elementor-element-af190d8 e-con-full e-flex e-con e-child\" data-id=\"af190d8\" data-element_type=\"container\" data-e-type=\"container\">\n\t\t\t\t<div class=\"elementor-element elementor-element-51d7a94 elementor-widget elementor-widget-image\" data-id=\"51d7a94\" data-element_type=\"widget\" data-e-type=\"widget\" data-widget_type=\"image.default\">\n\t\t\t\t<div class=\"elementor-widget-container\">\n\t\t\t\t\t\t\t\t\t\t\t\t\t\t\t<img decoding=\"async\" src=\"https:\/\/falkenbergs-batsallskap.se\/wp-content\/uploads\/elementor\/thumbs\/184373556_477417210040416_1375487198208312039_n-q6civ3vp44vjvzg31h5rv20utt20anz98h29ap4fbo.jpg\" title=\"184373556_477417210040416_1375487198208312039_n\" alt=\"184373556_477417210040416_1375487198208312039_n\" loading=\"lazy\" \/>\t\t\t\t\t\t\t\t\t\t\t\t\t\t\t<\/div>\n\t\t\t\t<\/div>\n\t\t\t\t<div class=\"elementor-element elementor-element-9ad825a elementor-widget elementor-widget-text-editor\" data-id=\"9ad825a\" data-element_type=\"widget\" data-e-type=\"widget\" data-widget_type=\"text-editor.default\">\n\t\t\t\t<div class=\"elementor-widget-container\">\n\t\t\t\t\t\t\t\t\t<p><span style=\"font-weight: bolder;\">Sonstige Kosten<\/span><br \/>Arbeitsverpflichtung: 20h\/Jahr.<\/p>\n<p>Mahngeb\u00fchr: \u20ac50<\/p>\n<p>Zuwasserlassen und Abholen des Bootes: 800:- pro Sitzung<\/p>\n<p>Miete f\u00fcr Privatboxen: 600:-<\/p>\n<p>Miete Schuppen: 3300:-\/Jahr<\/p>\n<p>Waschen auf dem Schleuderteller: 50:-\/Gelegenheit<\/p>\n<p>Geb\u00fchr f\u00fcr Anh\u00e4ngerrampe: 50:-\/Gelegenheit<\/p>\n<p>Rampengeb\u00fchr inkl. Schl\u00fcssel: 600:-\/Jahr<\/p>\n<p>Schl\u00fcssel zum Clubhaus: 325:-\/einmalige Geb\u00fchr  <br \/>(Absetzung)<\/p>\n<p>Winterstrom: 3:-\/kwh  <br \/>(Ablesen bei der Inbetriebnahme)<\/p>\n\t\t\t\t\t\t\t\t<\/div>\n\t\t\t\t<\/div>\n\t\t\t\t<div class=\"elementor-element elementor-element-a9cdef2 elementor-widget elementor-widget-image\" data-id=\"a9cdef2\" data-element_type=\"widget\" data-e-type=\"widget\" data-widget_type=\"image.default\">\n\t\t\t\t<div class=\"elementor-widget-container\">\n\t\t\t\t\t\t\t\t\t\t\t\t\t\t\t<img decoding=\"async\" src=\"https:\/\/falkenbergs-batsallskap.se\/wp-content\/uploads\/elementor\/thumbs\/DB63888E-9A41-4C0F-BD48-02A6A6701B39-scaled-e1678173491754-q6civ3vp44uub8rq4dt7768cchzr7b09zm6yrhypiq.jpeg\" title=\"DB63888E-9A41-4C0F-BD48-02A6A6701B39\" alt=\"DB63888E-9A41-4C0F-BD48-02A6A6701B39\" loading=\"lazy\" \/>\t\t\t\t\t\t\t\t\t\t\t\t\t\t\t<\/div>\n\t\t\t\t<\/div>\n\t\t\t\t<\/div>\n\t\t<div class=\"elementor-element elementor-element-0b7f0fe e-con-full e-flex e-con e-child\" data-id=\"0b7f0fe\" data-element_type=\"container\" data-e-type=\"container\">\n\t\t<div class=\"elementor-element elementor-element-9ab6f55 e-flex e-con-boxed e-con e-child\" data-id=\"9ab6f55\" data-element_type=\"container\" data-e-type=\"container\">\n\t\t\t\t\t<div class=\"e-con-inner\">\n\t\t\t\t<div class=\"elementor-element elementor-element-4b52f34 elementor-widget elementor-widget-text-editor\" data-id=\"4b52f34\" data-element_type=\"widget\" data-e-type=\"widget\" data-widget_type=\"text-editor.default\">\n\t\t\t\t<div class=\"elementor-widget-container\">\n\t\t\t\t\t\t\t\t\t<p>Mitgliedsbeitrag: 190\u20ac.<\/p>\n<p><strong>\u00dcberwinterung<\/strong><b><br \/><\/b>Winterausstellung: 600:-<br \/>Geb\u00fchr OHNE Liegeplatz: 2000:-.  <\/p>\n<p>Lagerung des Mastes: \u20ac125<br \/>Unterst\u00fctzt: 200:-\/Paar<\/p>\n<p><strong>Liegeplatzgeb\u00fchren<\/strong><br \/>Geb\u00fchren 1.350 &#8211; 3.550 \u20ac.<\/p>\n<p><b><i>Sie m\u00fcssen mindestens eine Haftpflichtversicherung haben  <br \/>einen Liegeplatz an den Stegen des Clubs zu haben.<\/i><\/b><\/p>\n<p>Sommerstrom an der Anlegestelle: 600:- \/Saison<\/p>\n\t\t\t\t\t\t\t\t<\/div>\n\t\t\t\t<\/div>\n\t\t\t\t<div class=\"elementor-element elementor-element-af382d9 elementor-widget elementor-widget-image\" data-id=\"af382d9\" data-element_type=\"widget\" data-e-type=\"widget\" data-widget_type=\"image.default\">\n\t\t\t\t<div class=\"elementor-widget-container\">\n\t\t\t\t\t\t\t\t\t\t\t\t\t\t\t<img fetchpriority=\"high\" decoding=\"async\" width=\"800\" height=\"450\" src=\"https:\/\/falkenbergs-batsallskap.se\/wp-content\/uploads\/2022\/08\/1E9A4E34-2ADF-4DBD-9B61-EB92E1D300E0-1024x576.jpeg\" class=\"attachment-large size-large wp-image-28600\" alt=\"\" srcset=\"https:\/\/falkenbergs-batsallskap.se\/wp-content\/uploads\/2022\/08\/1E9A4E34-2ADF-4DBD-9B61-EB92E1D300E0-1024x576.jpeg 1024w, https:\/\/falkenbergs-batsallskap.se\/wp-content\/uploads\/2022\/08\/1E9A4E34-2ADF-4DBD-9B61-EB92E1D300E0-300x169.jpeg 300w, https:\/\/falkenbergs-batsallskap.se\/wp-content\/uploads\/2022\/08\/1E9A4E34-2ADF-4DBD-9B61-EB92E1D300E0-768x432.jpeg 768w, https:\/\/falkenbergs-batsallskap.se\/wp-content\/uploads\/2022\/08\/1E9A4E34-2ADF-4DBD-9B61-EB92E1D300E0-1536x864.jpeg 1536w, https:\/\/falkenbergs-batsallskap.se\/wp-content\/uploads\/2022\/08\/1E9A4E34-2ADF-4DBD-9B61-EB92E1D300E0-700x394.jpeg 700w, https:\/\/falkenbergs-batsallskap.se\/wp-content\/uploads\/2022\/08\/1E9A4E34-2ADF-4DBD-9B61-EB92E1D300E0-539x303.jpeg 539w, https:\/\/falkenbergs-batsallskap.se\/wp-content\/uploads\/2022\/08\/1E9A4E34-2ADF-4DBD-9B61-EB92E1D300E0-1320x743.jpeg 1320w, https:\/\/falkenbergs-batsallskap.se\/wp-content\/uploads\/2022\/08\/1E9A4E34-2ADF-4DBD-9B61-EB92E1D300E0-600x338.jpeg 600w, https:\/\/falkenbergs-batsallskap.se\/wp-content\/uploads\/2022\/08\/1E9A4E34-2ADF-4DBD-9B61-EB92E1D300E0.jpeg 1920w\" sizes=\"(max-width: 800px) 100vw, 800px\" \/>\t\t\t\t\t\t\t\t\t\t\t\t\t\t\t<\/div>\n\t\t\t\t<\/div>\n\t\t\t\t<div class=\"elementor-element elementor-element-fe05c05 elementor-widget elementor-widget-image\" data-id=\"fe05c05\" data-element_type=\"widget\" data-e-type=\"widget\" data-widget_type=\"image.default\">\n\t\t\t\t<div class=\"elementor-widget-container\">\n\t\t\t\t\t\t\t\t\t\t\t\t\t\t\t<img decoding=\"async\" width=\"800\" height=\"676\" src=\"https:\/\/falkenbergs-batsallskap.se\/wp-content\/uploads\/2023\/03\/hamn-1024x865.jpg\" class=\"attachment-large size-large wp-image-28780\" alt=\"\" srcset=\"https:\/\/falkenbergs-batsallskap.se\/wp-content\/uploads\/2023\/03\/hamn-1024x865.jpg 1024w, https:\/\/falkenbergs-batsallskap.se\/wp-content\/uploads\/2023\/03\/hamn-300x253.jpg 300w, https:\/\/falkenbergs-batsallskap.se\/wp-content\/uploads\/2023\/03\/hamn-768x649.jpg 768w, https:\/\/falkenbergs-batsallskap.se\/wp-content\/uploads\/2023\/03\/hamn-1536x1297.jpg 1536w, https:\/\/falkenbergs-batsallskap.se\/wp-content\/uploads\/2023\/03\/hamn-2048x1729.jpg 2048w, https:\/\/falkenbergs-batsallskap.se\/wp-content\/uploads\/2023\/03\/hamn-1320x1115.jpg 1320w\" sizes=\"(max-width: 800px) 100vw, 800px\" \/>\t\t\t\t\t\t\t\t\t\t\t\t\t\t\t<\/div>\n\t\t\t\t<\/div>\n\t\t\t\t\t<\/div>\n\t\t\t\t<\/div>\n\t\t\t\t<\/div>\n\t\t\t\t\t<\/div>\n\t\t\t\t<\/div>\n\t\t\t\t\t<\/div>\n\t\t\t\t<\/div>\n\t\t<div class=\"elementor-element elementor-element-475123c e-con-full e-flex e-con e-parent\" data-id=\"475123c\" data-element_type=\"container\" data-e-type=\"container\" data-settings=\"{&quot;background_background&quot;:&quot;slideshow&quot;,&quot;shape_divider_bottom&quot;:&quot;waves&quot;,&quot;background_slideshow_gallery&quot;:[],&quot;background_slideshow_loop&quot;:&quot;yes&quot;,&quot;background_slideshow_slide_duration&quot;:5000,&quot;background_slideshow_slide_transition&quot;:&quot;fade&quot;,&quot;background_slideshow_transition_duration&quot;:500}\">\n\t\t\t\t<div class=\"elementor-shape elementor-shape-bottom\" aria-hidden=\"true\" data-negative=\"false\">\n\t\t\t<svg xmlns=\"http:\/\/www.w3.org\/2000\/svg\" viewBox=\"0 0 1000 100\" preserveAspectRatio=\"none\">\n\t<path class=\"elementor-shape-fill\" d=\"M421.9,6.5c22.6-2.5,51.5,0.4,75.5,5.3c23.6,4.9,70.9,23.5,100.5,35.7c75.8,32.2,133.7,44.5,192.6,49.7\n\tc23.6,2.1,48.7,3.5,103.4-2.5c54.7-6,106.2-25.6,106.2-25.6V0H0v30.3c0,0,72,32.6,158.4,30.5c39.2-0.7,92.8-6.7,134-22.4\n\tc21.2-8.1,52.2-18.2,79.7-24.2C399.3,7.9,411.6,7.5,421.9,6.5z\"\/>\n<\/svg>\t\t<\/div>\n\t\t\t\t<\/div>\n\t\t\t\t<\/div>\n\t\t","protected":false},"excerpt":{"rendered":"<p>GEB\u00dcHREN Sonstige KostenArbeitsverpflichtung: 20h\/Jahr. Mahngeb\u00fchr: \u20ac50 Zuwasserlassen und Abholen des Bootes: 800:- pro Sitzung Miete f\u00fcr Privatboxen: 600:- Miete Schuppen: 3300:-\/Jahr Waschen auf dem Schleuderteller: 50:-\/Gelegenheit Geb\u00fchr f\u00fcr Anh\u00e4ngerrampe: 50:-\/Gelegenheit Rampengeb\u00fchr inkl. Schl\u00fcssel: 600:-\/Jahr Schl\u00fcssel zum Clubhaus: 325:-\/einmalige Geb\u00fchr (Absetzung) Winterstrom: 3:-\/kwh (Ablesen bei der Inbetriebnahme) Mitgliedsbeitrag: 190\u20ac. \u00dcberwinterungWinterausstellung: 600:-Geb\u00fchr OHNE Liegeplatz: 2000:-. Lagerung des [&hellip;]<\/p>\n","protected":false},"author":409,"featured_media":0,"parent":0,"menu_order":0,"comment_status":"closed","ping_status":"closed","template":"","meta":{"_acf_changed":false,"footnotes":""},"class_list":["post-29285","page","type-page","status-publish","hentry"],"acf":[],"jetpack_sharing_enabled":true,"_links":{"self":[{"href":"https:\/\/falkenbergs-batsallskap.se\/de\/wp-json\/wp\/v2\/pages\/29285","targetHints":{"allow":["GET"]}}],"collection":[{"href":"https:\/\/falkenbergs-batsallskap.se\/de\/wp-json\/wp\/v2\/pages"}],"about":[{"href":"https:\/\/falkenbergs-batsallskap.se\/de\/wp-json\/wp\/v2\/types\/page"}],"author":[{"embeddable":true,"href":"https:\/\/falkenbergs-batsallskap.se\/de\/wp-json\/wp\/v2\/users\/409"}],"replies":[{"embeddable":true,"href":"https:\/\/falkenbergs-batsallskap.se\/de\/wp-json\/wp\/v2\/comments?post=29285"}],"version-history":[{"count":1,"href":"https:\/\/falkenbergs-batsallskap.se\/de\/wp-json\/wp\/v2\/pages\/29285\/revisions"}],"predecessor-version":[{"id":29287,"href":"https:\/\/falkenbergs-batsallskap.se\/de\/wp-json\/wp\/v2\/pages\/29285\/revisions\/29287"}],"wp:attachment":[{"href":"https:\/\/falkenbergs-batsallskap.se\/de\/wp-json\/wp\/v2\/media?parent=29285"}],"curies":[{"name":"wp","href":"https:\/\/api.w.org\/{rel}","templated":true}]}}