{"id":29243,"date":"2024-02-09T14:36:05","date_gmt":"2024-02-09T14:36:05","guid":{"rendered":"https:\/\/falkenbergs-batsallskap.se\/sublift"},"modified":"2024-04-13T08:46:36","modified_gmt":"2024-04-13T08:46:36","slug":"sublift","status":"publish","type":"page","link":"https:\/\/falkenbergs-batsallskap.se\/de\/sublift","title":{"rendered":"Sublift"},"content":{"rendered":"\t\t<div data-elementor-type=\"wp-page\" data-elementor-id=\"29243\" class=\"elementor elementor-29243 elementor-28043\" data-elementor-post-type=\"page\">\n\t\t\t\t<div class=\"elementor-element elementor-element-500b56d e-con-full e-flex e-con e-parent\" data-id=\"500b56d\" data-element_type=\"container\" data-e-type=\"container\" data-settings=\"{&quot;background_background&quot;:&quot;slideshow&quot;,&quot;background_slideshow_gallery&quot;:[],&quot;background_slideshow_loop&quot;:&quot;yes&quot;,&quot;background_slideshow_slide_duration&quot;:5000,&quot;background_slideshow_slide_transition&quot;:&quot;fade&quot;,&quot;background_slideshow_transition_duration&quot;:500}\">\n\t\t<div class=\"elementor-element elementor-element-5c24295 e-con-full e-flex e-con e-child\" data-id=\"5c24295\" data-element_type=\"container\" data-e-type=\"container\">\n\t\t<div class=\"elementor-element elementor-element-6323ef3 e-con-full e-flex e-con e-child\" data-id=\"6323ef3\" data-element_type=\"container\" data-e-type=\"container\" data-settings=\"{&quot;background_background&quot;:&quot;slideshow&quot;,&quot;background_slideshow_gallery&quot;:[{&quot;id&quot;:26584,&quot;url&quot;:&quot;https:\\\/\\\/falkenbergs-batsallskap.se\\\/wp-content\\\/uploads\\\/2023\\\/05\\\/IMG_3616-scaled.jpeg&quot;},{&quot;id&quot;:26069,&quot;url&quot;:&quot;https:\\\/\\\/falkenbergs-batsallskap.se\\\/wp-content\\\/uploads\\\/2023\\\/03\\\/IMG_9196-scaled.jpeg&quot;},{&quot;id&quot;:25028,&quot;url&quot;:&quot;https:\\\/\\\/falkenbergs-batsallskap.se\\\/wp-content\\\/uploads\\\/2022\\\/08\\\/1E9A4E34-2ADF-4DBD-9B61-EB92E1D300E0.jpeg&quot;},{&quot;id&quot;:29714,&quot;url&quot;:&quot;https:\\\/\\\/falkenbergs-batsallskap.se\\\/wp-content\\\/uploads\\\/2024\\\/04\\\/IMG_4580-scaled.jpeg&quot;}],&quot;background_slideshow_transition_duration&quot;:2000,&quot;shape_divider_bottom&quot;:&quot;waves&quot;,&quot;background_slideshow_loop&quot;:&quot;yes&quot;,&quot;background_slideshow_slide_duration&quot;:5000,&quot;background_slideshow_slide_transition&quot;:&quot;fade&quot;}\">\n\t\t\t\t<div class=\"elementor-shape elementor-shape-bottom\" aria-hidden=\"true\" data-negative=\"false\">\n\t\t\t<svg xmlns=\"http:\/\/www.w3.org\/2000\/svg\" viewBox=\"0 0 1000 100\" preserveAspectRatio=\"none\">\n\t<path class=\"elementor-shape-fill\" d=\"M421.9,6.5c22.6-2.5,51.5,0.4,75.5,5.3c23.6,4.9,70.9,23.5,100.5,35.7c75.8,32.2,133.7,44.5,192.6,49.7\n\tc23.6,2.1,48.7,3.5,103.4-2.5c54.7-6,106.2-25.6,106.2-25.6V0H0v30.3c0,0,72,32.6,158.4,30.5c39.2-0.7,92.8-6.7,134-22.4\n\tc21.2-8.1,52.2-18.2,79.7-24.2C399.3,7.9,411.6,7.5,421.9,6.5z\"\/>\n<\/svg>\t\t<\/div>\n\t\t\t\t<div class=\"elementor-element elementor-element-82dca53 elementor-widget-mobile__width-initial elementor-widget elementor-widget-heading\" data-id=\"82dca53\" data-element_type=\"widget\" data-e-type=\"widget\" data-widget_type=\"heading.default\">\n\t\t\t\t<div class=\"elementor-widget-container\">\n\t\t\t\t\t<h2 class=\"elementor-heading-title elementor-size-default\">LANCIERUNGSGRUPPE<\/h2>\t\t\t\t<\/div>\n\t\t\t\t<\/div>\n\t\t\t\t<\/div>\n\t\t\t\t<\/div>\n\t\t\t\t<\/div>\n\t\t<div class=\"elementor-element elementor-element-2904c4c e-flex e-con-boxed e-con e-parent\" data-id=\"2904c4c\" data-element_type=\"container\" data-e-type=\"container\">\n\t\t\t\t\t<div class=\"e-con-inner\">\n\t\t<div class=\"elementor-element elementor-element-404a7dc e-con-full e-flex e-con e-child\" data-id=\"404a7dc\" data-element_type=\"container\" data-e-type=\"container\">\n\t\t\t\t<div class=\"elementor-element elementor-element-02712dd elementor-widget elementor-widget-heading\" data-id=\"02712dd\" data-element_type=\"widget\" data-e-type=\"widget\" data-widget_type=\"heading.default\">\n\t\t\t\t<div class=\"elementor-widget-container\">\n\t\t\t\t\t<h2 class=\"elementor-heading-title elementor-size-default\">SUB-LIFT<\/h2>\t\t\t\t<\/div>\n\t\t\t\t<\/div>\n\t\t<div class=\"elementor-element elementor-element-806ae02 e-flex e-con-boxed e-con e-child\" data-id=\"806ae02\" data-element_type=\"container\" data-e-type=\"container\">\n\t\t\t\t\t<div class=\"e-con-inner\">\n\t\t\t\t<div class=\"elementor-element elementor-element-9b65b5f elementor-widget elementor-widget-text-editor\" data-id=\"9b65b5f\" data-element_type=\"widget\" data-e-type=\"widget\" data-widget_type=\"text-editor.default\">\n\t\t\t\t<div class=\"elementor-widget-container\">\n\t\t\t\t\t\t\t\t\t<div>\n<p>F\u00fcr das Aussetzen und Einholen verwendet Falkenbergs B\u00e5ts\u00e4llskap einen Sub-Lift, der sehr flexibel und wendig ist.&nbsp;<span style=\"text-align: var(--text-align);\">Damit k\u00f6nnen wir Boote bis zu einer L\u00e4nge von etwa 40 Fu\u00df und 10 Tonnen transportieren.&nbsp;<\/span>Das Aussetzen und Einholen erfolgt \u00fcber eine Rampe, die der Sub-Lift hinunterf\u00e4hrt und so sicher und kontrolliert ist.<\/p>\n<p><span style=\"text-align: var(--text-align);\">Es ist auch sehr praktisch im Falle von Sch\u00e4den und Pannen, da ein Boot schnell nach oben gebracht werden kann und das Boot f\u00fcr kleinere Reparaturen w\u00e4hrend der Saison im Sublift bleiben kann.&nbsp;<\/span><span style=\"text-align: var(--text-align);\">Saison.<\/span><br><span style=\"text-align: var(--text-align);\"><br><\/span><span style=\"text-align: var(--text-align);\">Der Sublift ist mit 6 Fahrern besetzt, die w\u00e4hrend der Be- und Entladezeiten von April bis Mai und von Oktober bis November nach einem Fahrplan arbeiten.<\/span><\/p>\n<\/div>\n<div>&nbsp;<\/div>\n<p><span style=\"text-align: var(--text-align);\">Wenn die Boote abgeholt werden, werden sie auf unserer Sp\u00fclplattform abgesp\u00fclt, wo das gesamte Wasser in IBC-Tanks gesammelt wird, die dann zum Depot transportiert werden.<\/span><\/p>\n<p><span style=\"text-align: var(--text-align);\">In den letzten Jahren sind immer mehr Mitglieder dazu \u00fcbergegangen, das Boot auf Rungen statt auf Karren und Wiegen zu stellen, was bedeutet, dass ein Lift etwa zwei Stunden dauert. 20-40 Minuten.&nbsp;<\/span><\/p>\n<p><span style=\"text-align: var(--text-align);\">Wenden Sie sich an die sublift-Gruppe, wenn Sie irgendwelche Fragen haben!<\/span><\/p>\n<p><\/p>\t\t\t\t\t\t\t\t<\/div>\n\t\t\t\t<\/div>\n\t\t\t\t<div class=\"elementor-element elementor-element-24a5f5b elementor-icon-list--layout-traditional elementor-list-item-link-full_width elementor-widget elementor-widget-icon-list\" data-id=\"24a5f5b\" data-element_type=\"widget\" data-e-type=\"widget\" data-widget_type=\"icon-list.default\">\n\t\t\t\t<div class=\"elementor-widget-container\">\n\t\t\t\t\t\t\t<ul class=\"elementor-icon-list-items\">\n\t\t\t\t\t\t\t<li class=\"elementor-icon-list-item\">\n\t\t\t\t\t\t\t\t\t\t\t<a href=\"mailto:sublift@falkenbergs-batsallskap.se\">\n\n\t\t\t\t\t\t\t\t\t\t\t\t<span class=\"elementor-icon-list-icon\">\n\t\t\t\t\t\t\t<svg aria-hidden=\"true\" class=\"e-font-icon-svg e-far-envelope\" viewBox=\"0 0 512 512\" xmlns=\"http:\/\/www.w3.org\/2000\/svg\"><path d=\"M464 64H48C21.49 64 0 85.49 0 112v288c0 26.51 21.49 48 48 48h416c26.51 0 48-21.49 48-48V112c0-26.51-21.49-48-48-48zm0 48v40.805c-22.422 18.259-58.168 46.651-134.587 106.49-16.841 13.247-50.201 45.072-73.413 44.701-23.208.375-56.579-31.459-73.413-44.701C106.18 199.465 70.425 171.067 48 152.805V112h416zM48 400V214.398c22.914 18.251 55.409 43.862 104.938 82.646 21.857 17.205 60.134 55.186 103.062 54.955 42.717.231 80.509-37.199 103.053-54.947 49.528-38.783 82.032-64.401 104.947-82.653V400H48z\"><\/path><\/svg>\t\t\t\t\t\t<\/span>\n\t\t\t\t\t\t\t\t\t\t<span class=\"elementor-icon-list-text\">sublift@falkenbergs-batsallskap.se<\/span>\n\t\t\t\t\t\t\t\t\t\t\t<\/a>\n\t\t\t\t\t\t\t\t\t<\/li>\n\t\t\t\t\t\t<\/ul>\n\t\t\t\t\t\t<\/div>\n\t\t\t\t<\/div>\n\t\t\t\t<div class=\"elementor-element elementor-element-743b07c elementor-widget elementor-widget-heading\" data-id=\"743b07c\" data-element_type=\"widget\" data-e-type=\"widget\" data-widget_type=\"heading.default\">\n\t\t\t\t<div class=\"elementor-widget-container\">\n\t\t\t\t\t<h2 class=\"elementor-heading-title elementor-size-default\">Regeln f\u00fcr den Start  \nund Absorption<\/h2>\t\t\t\t<\/div>\n\t\t\t\t<\/div>\n\t\t\t\t<div class=\"elementor-element elementor-element-59663da elementor-widget elementor-widget-text-editor\" data-id=\"59663da\" data-element_type=\"widget\" data-e-type=\"widget\" data-widget_type=\"text-editor.default\">\n\t\t\t\t<div class=\"elementor-widget-container\">\n\t\t\t\t\t\t\t\t\t<ul>\n<li>Keine Autos, die an der Sp\u00fclplatte geparkt sind, Recyclingzentrum,  <br \/>die Werkstatt und den Transportweg zur K-Ebene.\n<\/li>\n<li>Es d\u00fcrfen sich keine Personen im Boot oder auf der Rampe befinden.  <br \/>zum Zeitpunkt des Starts\/Startvorgangs.\n<\/li>\n<li>Festgelegte Geb\u00fchr f\u00fcr Starts\/Startvorg\u00e4nge  <br \/>muss vor dem Heben an den Bootsclub gezahlt werden.\n<\/li>\n<li>Alle Boote m\u00fcssen versichert sein.\n<\/li>\n<li>Boot: Max. Bruttogewicht: 10 Tonnen\n<\/li>\n<li>Maximaler Tiefgang: 1,9 Meter.\n<\/li>\n<li>Boote mit einem Mast an Land m\u00fcssen ohne Segel sein.\n<\/li>\n<li>Boote mit einer L\u00e4nge von mehr als 34 Fu\u00df sind nicht vert\u00e4ut.\n<\/li>\n<li>\u00dcberwinterte Boote mit Masten m\u00fcssen von mindestens 6 Rungen gest\u00fctzt werden. (Die St\u00fctzen werden in Verbindung mit der Inszenierung aufgestellt).\n<\/li>\n<li>Sub-Lift-Operatoren bestimmen immer, ob die \u00e4u\u00dferen Bedingungen  <br \/>wie Wind und Wasser usw. erm\u00f6glichen ein sicheres Anheben.\n<\/li>\n<li>Gehen Sie nicht unter schwebenden Lasten. Dies gilt auch f\u00fcr die Reinigung des Bootsbodens.\n<\/li>\n<li>Bitte nehmen Sie eine zus\u00e4tzliche Person mit, die Ihnen hilft.<br \/>Verlassen Sie sich nicht auf die Hilfe der Sublift-Fahrer.\n<\/li>\n<li>Bei Unf\u00e4llen\/Verletzungen im Zusammenhang mit dem Heben von Lasten muss der  <br \/>die Versicherung des Bootseigners gilt immer<\/li>\n<\/ul>\n\t\t\t\t\t\t\t\t<\/div>\n\t\t\t\t<\/div>\n\t\t\t\t\t<\/div>\n\t\t\t\t<\/div>\n\t\t\t\t<\/div>\n\t\t<div class=\"elementor-element elementor-element-e247631 e-con-full e-flex e-con e-child\" data-id=\"e247631\" data-element_type=\"container\" data-e-type=\"container\">\n\t\t\t\t<div class=\"elementor-element elementor-element-19905ae elementor-widget elementor-widget-image\" data-id=\"19905ae\" data-element_type=\"widget\" data-e-type=\"widget\" data-widget_type=\"image.default\">\n\t\t\t\t<div class=\"elementor-widget-container\">\n\t\t\t\t\t\t\t\t\t\t\t\t\t\t\t<img fetchpriority=\"high\" decoding=\"async\" width=\"800\" height=\"800\" src=\"https:\/\/falkenbergs-batsallskap.se\/wp-content\/uploads\/2023\/05\/IMG_3615-1024x1024.jpeg\" class=\"attachment-large size-large wp-image-28982\" alt=\"\" srcset=\"https:\/\/falkenbergs-batsallskap.se\/wp-content\/uploads\/2023\/05\/IMG_3615-1024x1024.jpeg 1024w, https:\/\/falkenbergs-batsallskap.se\/wp-content\/uploads\/2023\/05\/IMG_3615-300x300.jpeg 300w, https:\/\/falkenbergs-batsallskap.se\/wp-content\/uploads\/2023\/05\/IMG_3615-150x150.jpeg 150w, https:\/\/falkenbergs-batsallskap.se\/wp-content\/uploads\/2023\/05\/IMG_3615-768x768.jpeg 768w, https:\/\/falkenbergs-batsallskap.se\/wp-content\/uploads\/2023\/05\/IMG_3615-1536x1536.jpeg 1536w, https:\/\/falkenbergs-batsallskap.se\/wp-content\/uploads\/2023\/05\/IMG_3615-2048x2048.jpeg 2048w\" sizes=\"(max-width: 800px) 100vw, 800px\" \/>\t\t\t\t\t\t\t\t\t\t\t\t\t\t\t<\/div>\n\t\t\t\t<\/div>\n\t\t\t\t<div class=\"elementor-element elementor-element-53a1c6d elementor-widget elementor-widget-image\" data-id=\"53a1c6d\" data-element_type=\"widget\" data-e-type=\"widget\" data-widget_type=\"image.default\">\n\t\t\t\t<div class=\"elementor-widget-container\">\n\t\t\t\t\t\t\t\t\t\t\t\t\t\t\t<img decoding=\"async\" width=\"800\" height=\"548\" src=\"https:\/\/falkenbergs-batsallskap.se\/wp-content\/uploads\/2021\/02\/39EE5F98-6E19-4FF2-8EF6-EE7B7328819E-scaled-e1613995714886-1024x701.jpeg\" class=\"attachment-large size-large wp-image-28460\" alt=\"\" srcset=\"https:\/\/falkenbergs-batsallskap.se\/wp-content\/uploads\/2021\/02\/39EE5F98-6E19-4FF2-8EF6-EE7B7328819E-scaled-e1613995714886-1024x701.jpeg 1024w, https:\/\/falkenbergs-batsallskap.se\/wp-content\/uploads\/2021\/02\/39EE5F98-6E19-4FF2-8EF6-EE7B7328819E-scaled-e1613995714886-300x205.jpeg 300w, https:\/\/falkenbergs-batsallskap.se\/wp-content\/uploads\/2021\/02\/39EE5F98-6E19-4FF2-8EF6-EE7B7328819E-scaled-e1613995714886-768x526.jpeg 768w, https:\/\/falkenbergs-batsallskap.se\/wp-content\/uploads\/2021\/02\/39EE5F98-6E19-4FF2-8EF6-EE7B7328819E-scaled-e1613995714886-1536x1052.jpeg 1536w, https:\/\/falkenbergs-batsallskap.se\/wp-content\/uploads\/2021\/02\/39EE5F98-6E19-4FF2-8EF6-EE7B7328819E-scaled-e1613995714886-2048x1402.jpeg 2048w, https:\/\/falkenbergs-batsallskap.se\/wp-content\/uploads\/2021\/02\/39EE5F98-6E19-4FF2-8EF6-EE7B7328819E-scaled-e1613995714886-700x479.jpeg 700w, https:\/\/falkenbergs-batsallskap.se\/wp-content\/uploads\/2021\/02\/39EE5F98-6E19-4FF2-8EF6-EE7B7328819E-scaled-e1613995714886-1320x904.jpeg 1320w, https:\/\/falkenbergs-batsallskap.se\/wp-content\/uploads\/2021\/02\/39EE5F98-6E19-4FF2-8EF6-EE7B7328819E-scaled-e1613995714886-600x411.jpeg 600w\" sizes=\"(max-width: 800px) 100vw, 800px\" \/>\t\t\t\t\t\t\t\t\t\t\t\t\t\t\t<\/div>\n\t\t\t\t<\/div>\n\t\t\t\t<div class=\"elementor-element elementor-element-b9e4b13 elementor-widget elementor-widget-image\" data-id=\"b9e4b13\" data-element_type=\"widget\" data-e-type=\"widget\" data-widget_type=\"image.default\">\n\t\t\t\t<div class=\"elementor-widget-container\">\n\t\t\t\t\t\t\t\t\t\t\t\t\t\t\t<img decoding=\"async\" width=\"800\" height=\"800\" src=\"https:\/\/falkenbergs-batsallskap.se\/wp-content\/uploads\/2023\/05\/IMG_3347-1024x1024.jpeg\" class=\"attachment-large size-large wp-image-28986\" alt=\"\" srcset=\"https:\/\/falkenbergs-batsallskap.se\/wp-content\/uploads\/2023\/05\/IMG_3347-1024x1024.jpeg 1024w, https:\/\/falkenbergs-batsallskap.se\/wp-content\/uploads\/2023\/05\/IMG_3347-300x300.jpeg 300w, https:\/\/falkenbergs-batsallskap.se\/wp-content\/uploads\/2023\/05\/IMG_3347-150x150.jpeg 150w, https:\/\/falkenbergs-batsallskap.se\/wp-content\/uploads\/2023\/05\/IMG_3347-768x768.jpeg 768w, https:\/\/falkenbergs-batsallskap.se\/wp-content\/uploads\/2023\/05\/IMG_3347-1536x1536.jpeg 1536w, https:\/\/falkenbergs-batsallskap.se\/wp-content\/uploads\/2023\/05\/IMG_3347-2048x2048.jpeg 2048w\" sizes=\"(max-width: 800px) 100vw, 800px\" \/>\t\t\t\t\t\t\t\t\t\t\t\t\t\t\t<\/div>\n\t\t\t\t<\/div>\n\t\t\t\t<\/div>\n\t\t\t\t\t<\/div>\n\t\t\t\t<\/div>\n\t\t<div class=\"elementor-element elementor-element-8c1c30e e-flex e-con-boxed e-con e-parent\" data-id=\"8c1c30e\" data-element_type=\"container\" data-e-type=\"container\">\n\t\t\t\t\t<div class=\"e-con-inner\">\n\t\t<div class=\"elementor-element elementor-element-d41d872 e-con-full e-flex e-con e-child\" data-id=\"d41d872\" data-element_type=\"container\" data-e-type=\"container\">\n\t\t\t\t<div class=\"elementor-element elementor-element-af77ec2 elementor-widget elementor-widget-text-editor\" data-id=\"af77ec2\" data-element_type=\"widget\" data-e-type=\"widget\" data-widget_type=\"text-editor.default\">\n\t\t\t\t<div class=\"elementor-widget-container\">\n\t\t\t\t\t\t\t\t\t<p><span style=\"font-family: -apple-system, BlinkMacSystemFont, 'Segoe UI', Roboto, 'Helvetica Neue', Arial, 'Noto Sans', sans-serif, 'Apple Color Emoji', 'Segoe UI Emoji', 'Segoe UI Symbol', 'Noto Color Emoji'; font-size: 1rem; text-align: var(--text-align);\"><b>Verantwortung des Bootseigners:<\/b><\/span><\/p>\n<ul>\n<li>Anwesenheit und rechtzeitiges Erscheinen. (Mindestens 1,0 Stunde vor dem Heben)\n<\/li>\n<li><span style=\"text-align: var(--text-align); font-family: -apple-system, BlinkMacSystemFont, 'Segoe UI', Roboto, 'Helvetica Neue', Arial, 'Noto Sans', sans-serif, 'Apple Color Emoji', 'Segoe UI Emoji', 'Segoe UI Symbol', 'Noto Color Emoji'; font-size: 1rem;\">Beim Aufnehmen muss das Boot zur Mastkopfbr\u00fccke gefahren werden.  <br \/>Pads und Seile entwickelt.\n<p><\/span><\/li>\n<li><span style=\"text-align: var(--text-align); font-family: -apple-system, BlinkMacSystemFont, 'Segoe UI', Roboto, 'Helvetica Neue', Arial, 'Noto Sans', sans-serif, 'Apple Color Emoji', 'Segoe UI Emoji', 'Segoe UI Symbol', 'Noto Color Emoji'; font-size: 1rem;\">Dass es Schleifenmarkierungen gibt, und zwar an der richtigen Stelle.\n<p><\/span><\/li>\n<li><span style=\"text-align: var(--text-align); font-family: -apple-system, BlinkMacSystemFont, 'Segoe UI', Roboto, 'Helvetica Neue', Arial, 'Noto Sans', sans-serif, 'Apple Color Emoji', 'Segoe UI Emoji', 'Segoe UI Symbol', 'Noto Color Emoji'; font-size: 1rem;\">Vor dem Anheben m\u00fcssen die Hebegurtmarkierungen vorhanden und richtig positioniert sein.<br \/><\/span><span style=\"text-align: var(--text-align); font-family: -apple-system, BlinkMacSystemFont, 'Segoe UI', Roboto, 'Helvetica Neue', Arial, 'Noto Sans', sans-serif, 'Apple Color Emoji', 'Segoe UI Emoji', 'Segoe UI Symbol', 'Noto Color Emoji'; font-size: 1rem;\">M\u00f6gliche Unterlegscheiben f\u00fcr z.B. Gel\u00e4nderleisten.\n<p><\/span><\/li>\n<li><span style=\"text-align: var(--text-align); font-family: -apple-system, BlinkMacSystemFont, 'Segoe UI', Roboto, 'Helvetica Neue', Arial, 'Noto Sans', sans-serif, 'Apple Color Emoji', 'Segoe UI Emoji', 'Segoe UI Symbol', 'Noto Color Emoji'; font-size: 1rem;\">Das Boot ist in einem solchen Zustand, dass es ohne Unfallgefahr gehoben werden kann.\n<p><\/span><\/li>\n<li><span style=\"text-align: var(--text-align); font-family: -apple-system, BlinkMacSystemFont, 'Segoe UI', Roboto, 'Helvetica Neue', Arial, 'Noto Sans', sans-serif, 'Apple Color Emoji', 'Segoe UI Emoji', 'Segoe UI Symbol', 'Noto Color Emoji'; font-size: 1rem;\">Richtiges Einsetzen des Bootes in den Wagen\/die Wiege oder mit Hilfe von St\u00fctzen.\n<p><\/span><\/li>\n<li><span style=\"text-align: var(--text-align); font-family: -apple-system, BlinkMacSystemFont, 'Segoe UI', Roboto, 'Helvetica Neue', Arial, 'Noto Sans', sans-serif, 'Apple Color Emoji', 'Segoe UI Emoji', 'Segoe UI Symbol', 'Noto Color Emoji'; font-size: 1rem;\">Dass die Wagen \/ Karren an den Sub-Lift angepasst sind.\n<p><\/span><\/li>\n<li><span style=\"text-align: var(--text-align); font-family: -apple-system, BlinkMacSystemFont, 'Segoe UI', Roboto, 'Helvetica Neue', Arial, 'Noto Sans', sans-serif, 'Apple Color Emoji', 'Segoe UI Emoji', 'Segoe UI Symbol', 'Noto Color Emoji'; font-size: 1rem;\">Das Boot ist mit einer Markierung zu versehen, die angibt, wo sich der Hebegurt befindet.  <br \/>(Der Bootseigner ist f\u00fcr die Anbringung der B\u00e4nder verantwortlich).\n<p><\/span><\/li>\n<li><span style=\"text-align: var(--text-align); font-family: -apple-system, BlinkMacSystemFont, 'Segoe UI', Roboto, 'Helvetica Neue', Arial, 'Noto Sans', sans-serif, 'Apple Color Emoji', 'Segoe UI Emoji', 'Segoe UI Symbol', 'Noto Color Emoji'; font-size: 1rem;\">Karren, Waggons und Rangierger\u00e4te m\u00fcssen  <br \/>rechtzeitig und in guter Ordnung hergestellt werden.\n<p><\/span><\/li>\n<li><span style=\"text-align: var(--text-align); font-family: -apple-system, BlinkMacSystemFont, 'Segoe UI', Roboto, 'Helvetica Neue', Arial, 'Noto Sans', sans-serif, 'Apple Color Emoji', 'Segoe UI Emoji', 'Segoe UI Symbol', 'Noto Color Emoji'; font-size: 1rem;\">Die Mitglieder beschriften ihre Wiege mit ihrem Namen und ihrem Daf\u00fcr- oder Dagegen-Sein.\n<p><\/span><\/li>\n<li><span style=\"text-align: var(--text-align); font-family: -apple-system, BlinkMacSystemFont, 'Segoe UI', Roboto, 'Helvetica Neue', Arial, 'Noto Sans', sans-serif, 'Apple Color Emoji', 'Segoe UI Emoji', 'Segoe UI Symbol', 'Noto Color Emoji'; font-size: 1rem;\">Hochdruckreinigung von Bootsb\u00f6den.\n<p><\/span><\/li>\n<li><span style=\"text-align: var(--text-align); font-family: -apple-system, BlinkMacSystemFont, 'Segoe UI', Roboto, 'Helvetica Neue', Arial, 'Noto Sans', sans-serif, 'Apple Color Emoji', 'Segoe UI Emoji', 'Segoe UI Symbol', 'Noto Color Emoji'; font-size: 1rem;\">Der Bootseigner muss immer seine Zustimmung und Genehmigung geben  <br \/>vor dem Anheben bzw. die Position des Bootes im Schlitten \/ Wiege \/ St\u00fctze.<\/span><\/li>\n<\/ul>\n\t\t\t\t\t\t\t\t<\/div>\n\t\t\t\t<\/div>\n\t\t\t\t<\/div>\n\t\t<div class=\"elementor-element elementor-element-1768369 e-con-full e-flex e-con e-child\" data-id=\"1768369\" data-element_type=\"container\" data-e-type=\"container\">\n\t\t\t\t<div class=\"elementor-element elementor-element-790a13b elementor-widget elementor-widget-text-editor\" data-id=\"790a13b\" data-element_type=\"widget\" data-e-type=\"widget\" data-widget_type=\"text-editor.default\">\n\t\t\t\t<div class=\"elementor-widget-container\">\n\t\t\t\t\t\t\t\t\t<div><b>Das Engagement des Bootsclubs:<\/b><\/div>\n<div> <\/div>\n<ul>\n<li>Mitglieder mit einem Liegeplatz haben die M\u00f6glichkeit, zu \u00fcberwintern  <br \/>ein Boot gegen eine feste Geb\u00fchr an Land zu lagern. <\/li>\n<li>Auch Mitgliedern ohne Liegeplatz kann ein Winterangebot gemacht werden  <br \/>Parkpl\u00e4tze je nach Verf\u00fcgbarkeit gegen eine feste Geb\u00fchr. <\/li>\n<li>Vorbereitung und Aufbereitung von Hochdruckreinigern  <br \/>f\u00fcr die Reinigung unterhalb der Wasserlinie.\n<\/li>\n<li>Der Bootsclub bietet den Bootseigent\u00fcmern die M\u00f6glichkeit, auf Anfrage Requisiten zu mieten.\n<\/li>\n<li>Markierung aller Parkpl\u00e4tze (c\/c min 4 m.)  <br \/>sind deutlich zu kennzeichnen und den Bootseignern rechtzeitig mitzuteilen.<br \/> <span style=\"background-color: transparent; font-size: 1rem; text-align: var(--text-align); font-family: -apple-system, BlinkMacSystemFont, 'Segoe UI', Roboto, 'Helvetica Neue', Arial, 'Noto Sans', sans-serif, 'Apple Color Emoji', 'Segoe UI Emoji', 'Segoe UI Symbol', 'Noto Color Emoji';\"> <\/span><\/li>\n<li>\u00dcberwinterte Boote mit Masten m\u00fcssen von mindestens 6 Rungen gest\u00fctzt werden. (Die St\u00fctzen werden in Verbindung mit der Inszenierung aufgestellt).<\/li>\n<\/ul>\n\t\t\t\t\t\t\t\t<\/div>\n\t\t\t\t<\/div>\n\t\t\t\t<\/div>\n\t\t\t\t\t<\/div>\n\t\t\t\t<\/div>\n\t\t\t\t<\/div>\n\t\t","protected":false},"excerpt":{"rendered":"<p>LANCIERUNGSGRUPPE SUB-LIFT F\u00fcr das Aussetzen und Einholen verwendet Falkenbergs B\u00e5ts\u00e4llskap einen Sub-Lift, der sehr flexibel und wendig ist.&nbsp;Damit k\u00f6nnen wir Boote bis zu einer L\u00e4nge von etwa 40 Fu\u00df und 10 Tonnen transportieren.&nbsp;Das Aussetzen und Einholen erfolgt \u00fcber eine Rampe, die der Sub-Lift hinunterf\u00e4hrt und so sicher und kontrolliert ist. Es ist auch sehr praktisch [&hellip;]<\/p>\n","protected":false},"author":406,"featured_media":0,"parent":0,"menu_order":0,"comment_status":"closed","ping_status":"closed","template":"","meta":{"_acf_changed":false,"footnotes":""},"class_list":["post-29243","page","type-page","status-publish","hentry"],"acf":[],"jetpack_sharing_enabled":true,"_links":{"self":[{"href":"https:\/\/falkenbergs-batsallskap.se\/de\/wp-json\/wp\/v2\/pages\/29243","targetHints":{"allow":["GET"]}}],"collection":[{"href":"https:\/\/falkenbergs-batsallskap.se\/de\/wp-json\/wp\/v2\/pages"}],"about":[{"href":"https:\/\/falkenbergs-batsallskap.se\/de\/wp-json\/wp\/v2\/types\/page"}],"author":[{"embeddable":true,"href":"https:\/\/falkenbergs-batsallskap.se\/de\/wp-json\/wp\/v2\/users\/406"}],"replies":[{"embeddable":true,"href":"https:\/\/falkenbergs-batsallskap.se\/de\/wp-json\/wp\/v2\/comments?post=29243"}],"version-history":[{"count":3,"href":"https:\/\/falkenbergs-batsallskap.se\/de\/wp-json\/wp\/v2\/pages\/29243\/revisions"}],"predecessor-version":[{"id":29757,"href":"https:\/\/falkenbergs-batsallskap.se\/de\/wp-json\/wp\/v2\/pages\/29243\/revisions\/29757"}],"wp:attachment":[{"href":"https:\/\/falkenbergs-batsallskap.se\/de\/wp-json\/wp\/v2\/media?parent=29243"}],"curies":[{"name":"wp","href":"https:\/\/api.w.org\/{rel}","templated":true}]}}