{"id":29237,"date":"2023-04-19T04:36:06","date_gmt":"2023-04-19T04:36:06","guid":{"rendered":"https:\/\/falkenbergs-batsallskap.se\/links"},"modified":"2024-03-01T14:36:42","modified_gmt":"2024-03-01T14:36:42","slug":"links","status":"publish","type":"page","link":"https:\/\/falkenbergs-batsallskap.se\/de\/links","title":{"rendered":"Links"},"content":{"rendered":"\t\t<div data-elementor-type=\"wp-page\" data-elementor-id=\"29237\" class=\"elementor elementor-29237 elementor-26300\" data-elementor-post-type=\"page\">\n\t\t\t\t<div class=\"elementor-element elementor-element-0b7ed4a e-flex e-con-boxed e-con e-parent\" data-id=\"0b7ed4a\" data-element_type=\"container\" data-e-type=\"container\">\n\t\t\t\t\t<div class=\"e-con-inner\">\n\t\t\t\t<div class=\"elementor-element elementor-element-dc3067d elementor-widget elementor-widget-heading\" data-id=\"dc3067d\" data-element_type=\"widget\" data-e-type=\"widget\" data-widget_type=\"heading.default\">\n\t\t\t\t<div class=\"elementor-widget-container\">\n\t\t\t\t\t<h1 class=\"elementor-heading-title elementor-size-default\">N\u00fctzliche Links zu wichtigen Websites<\/h1>\t\t\t\t<\/div>\n\t\t\t\t<\/div>\n\t\t\t\t\t<\/div>\n\t\t\t\t<\/div>\n\t\t<div class=\"elementor-element elementor-element-5f8dc20 e-flex e-con-boxed e-con e-parent\" data-id=\"5f8dc20\" data-element_type=\"container\" data-e-type=\"container\">\n\t\t\t\t\t<div class=\"e-con-inner\">\n\t\t<div class=\"elementor-element elementor-element-45a9fca e-flex e-con-boxed e-con e-parent\" data-id=\"45a9fca\" data-element_type=\"container\" data-e-type=\"container\">\n\t\t\t\t\t<div class=\"e-con-inner\">\n\t\t<div class=\"elementor-element elementor-element-80fb6e1 e-flex e-con-boxed e-con e-parent\" data-id=\"80fb6e1\" data-element_type=\"container\" data-e-type=\"container\">\n\t\t\t\t\t<div class=\"e-con-inner\">\n\t\t\t\t<div class=\"elementor-element elementor-element-73b941d elementor-widget elementor-widget-text-editor\" data-id=\"73b941d\" data-element_type=\"widget\" data-e-type=\"widget\" data-widget_type=\"text-editor.default\">\n\t\t\t\t<div class=\"elementor-widget-container\">\n\t\t\t\t\t\t\t\t\t<p><span style=\"text-align: var(--text-align); font-family: -apple-system, BlinkMacSystemFont, 'Segoe UI', Roboto, 'Helvetica Neue', Arial, 'Noto Sans', sans-serif, 'Apple Color Emoji', 'Segoe UI Emoji', 'Segoe UI Symbol', 'Noto Color Emoji'; font-size: 1rem;\">&#8211; Schwedischer Bootsverband<\/span><\/p>\n<p>&#8211; Zeitschrift B\u00e5tliv<\/p>\n<p>&#8211; Gesellschaft zur Rettung des Meeres<\/p>\n<p>&#8211; Seenotrettung K\u00fcstenwetter<\/p>\n<p>&#8211; Schwedische Schifffahrtsverwaltung<\/p>\n<p>&#8211; Stiftung Sch\u00e4rengarten B\u00e5tmilj\u00f6<\/p>\n<p>&#8211; Ausschuss f\u00fcr Bootsfahrerausbildung, NFB<\/p>\n<p>Einige n\u00fctzliche Links zum Thema Sicherheit:<\/p>\n<p>&#8211; Selbst\u00fcberwachung von H\u00e4fen und Sportbooten.<\/p>\n<p><span style=\"text-align: var(--text-align); font-family: -apple-system, BlinkMacSystemFont, 'Segoe UI', Roboto, 'Helvetica Neue', Arial, 'Noto Sans', sans-serif, 'Apple Color Emoji', 'Segoe UI Emoji', 'Segoe UI Symbol', 'Noto Color Emoji'; font-size: 1rem;\">&#8211; Festmachen von Sportbooten<\/span><\/p>\n<p>&#8211; Das IF-Sicherheitshandbuch<\/p>\n<p>&#8211; Elektrische Sicherheit in Jachth\u00e4fen<\/p>\n<p>&#8211; Landstromanlagen in Sportbooten<\/p>\n<\/p>\n<p>&#8211; Schwedisches Meer<\/p>\n<p>&#8211; Zeitschrift B\u00e5tliv<\/p>\n<p>&#8211; Gesellschaft zur Rettung der Meere<\/p>\n<p>&#8211; Seenotrettung K\u00fcstenwetter<\/p>\n<p>&#8211; Schwedische Schifffahrtsbeh\u00f6rde<\/p>\n<p>&#8211; Stiftung Sch\u00e4rengarten B\u00e5tmilj\u00f6<\/p>\n<p>&#8211; Ausschuss f\u00fcr Bootsfahrerausbildung, NFB<\/p>\n<p>Einige n\u00fctzliche Links zum Thema Sicherheit:<\/p>\n<p>&#8211; Selbst\u00fcberwachung von H\u00e4fen und Sportbooten.<\/p>\n<p><span style=\"text-align: var(--text-align); font-family: -apple-system, BlinkMacSystemFont, 'Segoe UI', Roboto, 'Helvetica Neue', Arial, 'Noto Sans', sans-serif, 'Apple Color Emoji', 'Segoe UI Emoji', 'Segoe UI Symbol', 'Noto Color Emoji'; font-size: 1rem;\">&#8211; Festmachen von Sportbooten<\/span><\/p>\n<p>&#8211; Das IF-Sicherheitshandbuch<\/p>\n<p>&#8211; Elektrische Sicherheit in Jachth\u00e4fen<\/p>\n<p>&#8211; Landstromanlagen in Sportbooten<\/p>\n\t\t\t\t\t\t\t\t<\/div>\n\t\t\t\t<\/div>\n\t\t\t\t\t<\/div>\n\t\t\t\t<\/div>\n\t\t<div class=\"elementor-element elementor-element-9d94bd5 e-flex e-con-boxed e-con e-parent\" data-id=\"9d94bd5\" data-element_type=\"container\" data-e-type=\"container\">\n\t\t\t\t\t<div class=\"e-con-inner\">\n\t\t\t\t\t<\/div>\n\t\t\t\t<\/div>\n\t\t\t\t\t<\/div>\n\t\t\t\t<\/div>\n\t\t\t\t\t<\/div>\n\t\t\t\t<\/div>\n\t\t\t\t<\/div>\n\t\t","protected":false},"excerpt":{"rendered":"<p>N\u00fctzliche Links zu wichtigen Websites &#8211; Schwedischer Bootsverband &#8211; Zeitschrift B\u00e5tliv &#8211; Gesellschaft zur Rettung des Meeres &#8211; Seenotrettung K\u00fcstenwetter &#8211; Schwedische Schifffahrtsverwaltung &#8211; Stiftung Sch\u00e4rengarten B\u00e5tmilj\u00f6 &#8211; Ausschuss f\u00fcr Bootsfahrerausbildung, NFB Einige n\u00fctzliche Links zum Thema Sicherheit: &#8211; Selbst\u00fcberwachung von H\u00e4fen und Sportbooten. &#8211; Festmachen von Sportbooten &#8211; Das IF-Sicherheitshandbuch &#8211; Elektrische Sicherheit in [&hellip;]<\/p>\n","protected":false},"author":409,"featured_media":0,"parent":0,"menu_order":0,"comment_status":"closed","ping_status":"closed","template":"","meta":{"_acf_changed":false,"footnotes":""},"class_list":["post-29237","page","type-page","status-publish","hentry"],"acf":[],"jetpack_sharing_enabled":true,"_links":{"self":[{"href":"https:\/\/falkenbergs-batsallskap.se\/de\/wp-json\/wp\/v2\/pages\/29237","targetHints":{"allow":["GET"]}}],"collection":[{"href":"https:\/\/falkenbergs-batsallskap.se\/de\/wp-json\/wp\/v2\/pages"}],"about":[{"href":"https:\/\/falkenbergs-batsallskap.se\/de\/wp-json\/wp\/v2\/types\/page"}],"author":[{"embeddable":true,"href":"https:\/\/falkenbergs-batsallskap.se\/de\/wp-json\/wp\/v2\/users\/409"}],"replies":[{"embeddable":true,"href":"https:\/\/falkenbergs-batsallskap.se\/de\/wp-json\/wp\/v2\/comments?post=29237"}],"version-history":[{"count":1,"href":"https:\/\/falkenbergs-batsallskap.se\/de\/wp-json\/wp\/v2\/pages\/29237\/revisions"}],"predecessor-version":[{"id":29238,"href":"https:\/\/falkenbergs-batsallskap.se\/de\/wp-json\/wp\/v2\/pages\/29237\/revisions\/29238"}],"wp:attachment":[{"href":"https:\/\/falkenbergs-batsallskap.se\/de\/wp-json\/wp\/v2\/media?parent=29237"}],"curies":[{"name":"wp","href":"https:\/\/api.w.org\/{rel}","templated":true}]}}