{"id":29189,"date":"2023-05-05T05:31:20","date_gmt":"2023-05-05T05:31:20","guid":{"rendered":"https:\/\/falkenbergs-batsallskap.se\/gdpr"},"modified":"2024-03-01T14:36:41","modified_gmt":"2024-03-01T14:36:41","slug":"gdpr","status":"publish","type":"page","link":"https:\/\/falkenbergs-batsallskap.se\/de\/gdpr","title":{"rendered":"GDPR"},"content":{"rendered":"\t\t<div data-elementor-type=\"wp-page\" data-elementor-id=\"29189\" class=\"elementor elementor-29189 elementor-26374\" data-elementor-post-type=\"page\">\n\t\t\t\t<div class=\"elementor-element elementor-element-9909159 e-flex e-con-boxed e-con e-parent\" data-id=\"9909159\" data-element_type=\"container\" data-e-type=\"container\">\n\t\t\t\t\t<div class=\"e-con-inner\">\n\t\t<div class=\"elementor-element elementor-element-f1426f0 e-flex e-con-boxed e-con e-parent\" data-id=\"f1426f0\" data-element_type=\"container\" data-e-type=\"container\">\n\t\t\t\t\t<div class=\"e-con-inner\">\n\t\t\t\t<div class=\"elementor-element elementor-element-dc1ef1b elementor-widget elementor-widget-image\" data-id=\"dc1ef1b\" data-element_type=\"widget\" data-e-type=\"widget\" data-widget_type=\"image.default\">\n\t\t\t\t<div class=\"elementor-widget-container\">\n\t\t\t\t\t\t\t\t\t\t\t\t\t\t\t<img fetchpriority=\"high\" decoding=\"async\" width=\"2500\" height=\"938\" src=\"https:\/\/falkenbergs-batsallskap.se\/wp-content\/uploads\/2023\/03\/Banner1.jpg\" class=\"attachment-full size-full wp-image-28802\" alt=\"\" srcset=\"https:\/\/falkenbergs-batsallskap.se\/wp-content\/uploads\/2023\/03\/Banner1.jpg 2500w, https:\/\/falkenbergs-batsallskap.se\/wp-content\/uploads\/2023\/03\/Banner1-300x113.jpg 300w, https:\/\/falkenbergs-batsallskap.se\/wp-content\/uploads\/2023\/03\/Banner1-1024x384.jpg 1024w, https:\/\/falkenbergs-batsallskap.se\/wp-content\/uploads\/2023\/03\/Banner1-768x288.jpg 768w, https:\/\/falkenbergs-batsallskap.se\/wp-content\/uploads\/2023\/03\/Banner1-1536x576.jpg 1536w, https:\/\/falkenbergs-batsallskap.se\/wp-content\/uploads\/2023\/03\/Banner1-2048x768.jpg 2048w\" sizes=\"(max-width: 2500px) 100vw, 2500px\" \/>\t\t\t\t\t\t\t\t\t\t\t\t\t\t\t<\/div>\n\t\t\t\t<\/div>\n\t\t\t\t<div class=\"elementor-element elementor-element-1df0754 elementor-widget__width-initial elementor-widget elementor-widget-heading\" data-id=\"1df0754\" data-element_type=\"widget\" data-e-type=\"widget\" data-widget_type=\"heading.default\">\n\t\t\t\t<div class=\"elementor-widget-container\">\n\t\t\t\t\t<h2 class=\"elementor-heading-title elementor-size-default\">Verwaltung von personenbezogenen Daten<\/h2>\t\t\t\t<\/div>\n\t\t\t\t<\/div>\n\t\t\t\t<div class=\"elementor-element elementor-element-02c16bd elementor-widget elementor-widget-text-editor\" data-id=\"02c16bd\" data-element_type=\"widget\" data-e-type=\"widget\" data-widget_type=\"text-editor.default\">\n\t\t\t\t<div class=\"elementor-widget-container\">\n\t\t\t\t\t\t\t\t\t<p><b>Falkenbergs B\u00e5ts\u00e4llskap ist eine gemeinn\u00fctzige Organisation mit Sitz in Falkenberg. Wir k\u00fcmmern uns um Ihre pers\u00f6nlichen Daten und behandeln sie in \u00dcbereinstimmung mit der neuen Allgemeinen Datenschutzverordnung. Mehr dar\u00fcber k\u00f6nnen Sie hier lesen.<\/b><\/p>\n\t\t\t\t\t\t\t\t<\/div>\n\t\t\t\t<\/div>\n\t\t\t\t<div class=\"elementor-element elementor-element-2531d52 elementor-widget elementor-widget-text-editor\" data-id=\"2531d52\" data-element_type=\"widget\" data-e-type=\"widget\" data-widget_type=\"text-editor.default\">\n\t\t\t\t<div class=\"elementor-widget-container\">\n\t\t\t\t\t\t\t\t\t<p><em>Die Allgemeine Datenschutzverordnung (GDPR) soll verhindern, dass Ihre Privatsph\u00e4re durch die Verarbeitung personenbezogener Daten verletzt wird. Ihre personenbezogenen Daten d\u00fcrfen nur dann verarbeitet werden, wenn Sie dazu Ihre Zustimmung gegeben haben oder wenn dies durch die Allgemeine Datenschutzverordnung oder andere Gesetze unterst\u00fctzt wird.<\/em><\/p>\n\t\t\t\t\t\t\t\t<\/div>\n\t\t\t\t<\/div>\n\t\t\t\t\t<\/div>\n\t\t\t\t<\/div>\n\t\t\t\t\t<\/div>\n\t\t\t\t<\/div>\n\t\t<div class=\"elementor-element elementor-element-7f3ecab e-flex e-con-boxed e-con e-parent\" data-id=\"7f3ecab\" data-element_type=\"container\" data-e-type=\"container\">\n\t\t\t\t\t<div class=\"e-con-inner\">\n\t\t<div class=\"elementor-element elementor-element-ecfb950 e-con-full e-flex e-con e-parent\" data-id=\"ecfb950\" data-element_type=\"container\" data-e-type=\"container\">\n\t\t\t\t<div class=\"elementor-element elementor-element-4c9aaca elementor-widget elementor-widget-text-editor\" data-id=\"4c9aaca\" data-element_type=\"widget\" data-e-type=\"widget\" data-widget_type=\"text-editor.default\">\n\t\t\t\t<div class=\"elementor-widget-container\">\n\t\t\t\t\t\t\t\t\t<p><b style=\"text-align: var(--text-align);\">Was sind personenbezogene Daten?<\/b><\/p>\n<p>Personenbezogene Daten sind Daten, die auf die eine oder andere Weise mit Ihrer Person in Verbindung gebracht werden k\u00f6nnen. Das kann Ihr Name oder Ihre Sozialversicherungsnummer sein, aber auch Ihre Hausnummer oder Telefonnummer. Wenn Sie auf einem Bild oder in einem Film zu sehen sind und es eindeutig ist, dass es sich um Sie handelt, dann handelt es sich auch um eine Art personenbezogener Daten.<\/p>\n<p><b>Warum verarbeiten wir Ihre personenbezogenen Daten?<br \/><\/b>Wir verarbeiten Ihre personenbezogenen Daten nur f\u00fcr bestimmte, ausdr\u00fccklich genannte Zwecke, z. B. f\u00fcr die Zusendung von Newslettern mit Informationen \u00fcber das Geschehen in Falkenberg. Bei der Sammlung von Informationen stellen wir immer sicher, dass wir Ihre Zustimmung haben oder durch eine der gesetzlichen Anforderungen der General Data Protection Regulation (GDPR) Link zu einer anderen Website unterst\u00fctzt werden.<\/p>\n<p>In den allermeisten F\u00e4llen verarbeiten wir Ihre personenbezogenen Daten, nachdem wir Sie um Ihre Zustimmung gebeten und somit die Genehmigung zur Verarbeitung Ihrer personenbezogenen Daten erhalten haben.<\/p>\n<p>Sie kann auch auf einem Vertrag beruhen oder aufgrund von Anforderungen in anderen Rechtsvorschriften wie dem Rechnungslegungsgesetz oder dem Steuergesetz erfolgen.<\/p>\n<p>Verarbeitung <b>personenbezogener Daten<br \/><\/b>&#8222;Verarbeitung&#8220; ist ein weit gefasster Begriff. Nach den Rechtsvorschriften sind die Erhebung, Speicherung, Verbreitung und Verarbeitung einige Beispiele f\u00fcr die Verarbeitung personenbezogener Daten. Das Reiseziel Falkenberg verarbeitet Ihre personenbezogenen Daten rechtm\u00e4\u00dfig. In F\u00e4llen, in denen wir Sie um Ihre Zustimmung bitten, k\u00f6nnen Sie diese widerrufen. Die Verarbeitung personenbezogener Daten, die f\u00fcr die Erf\u00fcllung eines Vertrags mit Ihnen oder die Erf\u00fcllung einer rechtlichen Verpflichtung erforderlich ist, ist ohne Einwilligung zul\u00e4ssig. Wir bewahren Ihre personenbezogenen Daten so lange auf, wie es f\u00fcr den Zweck der Verarbeitung erforderlich ist. In einigen F\u00e4llen m\u00fcssen wir Archivierungs- oder andere Gesetze einhalten, was bedeutet, dass wir Daten nicht l\u00f6schen k\u00f6nnen. Dies kann bedeuten, dass Daten, die aus einem System gel\u00f6scht wurden, weil sie nicht mehr ben\u00f6tigt werden, in einem anderen System verbleiben k\u00f6nnen, in dem die personenbezogenen Daten noch ben\u00f6tigt werden.<\/p>\n<p><b>Wie verarbeiten wir Ihre personenbezogenen Daten?<br \/><\/b>Ihre pers\u00f6nlichen Daten stehen denjenigen zur Verf\u00fcgung, die sie ben\u00f6tigen, um Aufgaben oder Dienstleistungen innerhalb oder f\u00fcr die Organisation zu erbringen.<\/p>\n<p>Wir k\u00f6nnen Ihre personenbezogenen Daten auch an einen Antragsteller f\u00fcr \u00f6ffentliche Dokumente weitergeben. Wir tun dies auf der Grundlage von Kapitel 2 des Gesetzes \u00fcber die Pressefreiheit.<\/p>\n<p>In einigen F\u00e4llen beauftragen wir einen Datenverarbeiter mit der Verarbeitung Ihrer personenbezogenen Daten. Ein Datenverarbeiter k\u00f6nnte zum Beispiel ein Systemanbieter sein, der zur Unterst\u00fctzung Zugang zu unseren Systemen ben\u00f6tigt. Der Assistent verarbeitet Ihre Daten zu denselben Bedingungen wie wir bei Falkenbergs B\u00e5ts\u00e4llskap.<\/p>\n<p>Wir werden Ihre personenbezogenen Daten nicht f\u00fcr einen anderen als den urspr\u00fcnglichen Zweck verwenden, ohne Sie vorher dar\u00fcber zu informieren.<\/p>\n\t\t\t\t\t\t\t\t<\/div>\n\t\t\t\t<\/div>\n\t\t\t\t<\/div>\n\t\t<div class=\"elementor-element elementor-element-ef284af e-con-full e-flex e-con e-parent\" data-id=\"ef284af\" data-element_type=\"container\" data-e-type=\"container\">\n\t\t\t\t<div class=\"elementor-element elementor-element-3e49b1f elementor-widget elementor-widget-text-editor\" data-id=\"3e49b1f\" data-element_type=\"widget\" data-e-type=\"widget\" data-widget_type=\"text-editor.default\">\n\t\t\t\t<div class=\"elementor-widget-container\">\n\t\t\t\t\t\t\t\t\t<p><b>Wer ist f\u00fcr Ihre personenbezogenen Daten verantwortlich?<br \/><\/b>Der Verwaltungsrat ist f\u00fcr Angelegenheiten zust\u00e4ndig, die in den T\u00e4tigkeitsbereich des Unternehmens fallen. Sobald Falkenbergs B\u00e5ts\u00e4llskap Ihre pers\u00f6nlichen Daten registriert hat, ist der Vorstand des Vereins daf\u00fcr verantwortlich, dass Ihre Daten auf legale, korrekte und transparente Weise verarbeitet werden.<\/p>\n<p><b>Wie k\u00f6nnen wir auf Ihre pers\u00f6nlichen Daten zugreifen?<br \/><\/b>Wir greifen auf Ihre personenbezogenen Daten zu, wenn:<\/p>\n<p>Sie stellen uns Informationen zur Verf\u00fcgung und wir sammeln Informationen \u00fcber Sie, wenn Sie uns beispielsweise eine E-Mail senden, einen Newsletter abonnieren oder in unseren sozialen Medien interagieren.<\/p>\n<p>In einigen F\u00e4llen m\u00fcssen wir Ihre personenbezogenen Daten erfassen, um gesetzlich vorgeschriebene Verpflichtungen zu erf\u00fcllen. Das bedeutet, dass wir Daten z. B. aus dem Bev\u00f6lkerungsregister der schwedischen Steuerbeh\u00f6rde sammeln.<\/p>\n<p><b>Wie lange bewahren wir Ihre personenbezogenen Daten auf?<br \/><\/b>Wir bewahren Ihre personenbezogenen Daten so lange auf, wie wir sie zur Erf\u00fcllung des vorgesehenen Zwecks ben\u00f6tigen. In einigen F\u00e4llen kann es sein, dass wir Ihre Daten l\u00e4nger aufbewahren m\u00fcssen. Wir tun dies in \u00dcbereinstimmung mit den Vorschriften \u00fcber \u00f6ffentliche Dokumente im Pressefreiheitsgesetz, dem Gesetz \u00fcber den Zugang der \u00d6ffentlichkeit zu Informationen und die Geheimhaltung oder dem Archivgesetz. Wie lange wir Ihre personenbezogenen Daten aufbewahren, h\u00e4ngt von dem Zweck ab, f\u00fcr den die Daten erhoben wurden.<\/p>\n<p><b>Ihre Rechte<br \/><\/b>In den meisten F\u00e4llen haben Sie das Recht, dar\u00fcber informiert zu werden, dass wir mit der Verarbeitung Ihrer personenbezogenen Daten begonnen haben und warum wir dies tun. Sie haben au\u00dferdem das Recht, kostenlos Auskunft dar\u00fcber zu erhalten, ob und welche Ihrer personenbezogenen Daten von uns verarbeitet werden. Sie m\u00fcssen uns selbst anschreiben und um diese Informationen bitten. Sie haben das Recht, innerhalb eines Monats eine Antwort zu erhalten. Wir m\u00fcssen auch \u00fcberpr\u00fcfen, ob Sie derjenige sind, der Sie vorgeben zu sein.<\/p>\n<p>Sie haben das Recht, die L\u00f6schung, Erg\u00e4nzung oder Berichtigung Ihrer Daten zu verlangen.<\/p>\n<p>Kontaktieren Sie uns:<br \/><i>E-Mail: webadmin@falkenbergs-batsallskap.se<br \/>Tel: 0346-84124<\/i><\/p>\n<p>Auch wenn Sie Ihre Einwilligung widerrufen und die auf der Einwilligung beruhende Verarbeitung eingestellt wird, k\u00f6nnen die personenbezogenen Daten von uns f\u00fcr andere Zwecke aufbewahrt werden, z. B. zur Einhaltung anderer Gesetze, zu deren Einhaltung wir verpflichtet sind. Jeder, der der Meinung ist, dass ein Unternehmen gegen die Allgemeine Datenschutzverordnung oder andere Datenschutzvorschriften verst\u00f6\u00dft, kann sich an die schwedische Datenschutzbeh\u00f6rde wenden.<\/p>\n<p><b>Wenn Sie der Meinung sind, dass wir<\/b>gegen die Vorschriften versto\u00dfen <b><br \/> Wenn Sie der Meinung sind, dass Falkenbergs B\u00e5ts\u00e4llskap gegen die Vorschriften f\u00fcr die Verarbeitung personenbezogener Daten verst\u00f6\u00dft, wenden Sie sich bitte in erster Instanz an den Vorstand: fbgbs1@gmail.com.<\/b><\/p>\n<p>Wenn Sie nach der Kontaktaufnahme mit der Organisation immer noch der Meinung sind, dass wir Ihre Daten nicht ordnungsgem\u00e4\u00df verarbeiten, k\u00f6nnen Sie sich an die schwedische Datenschutzbeh\u00f6rde wenden. Sie k\u00f6nnen die Datenschutzbeh\u00f6rde unter 08-657 61 00 erreichen.<\/p>\n\t\t\t\t\t\t\t\t<\/div>\n\t\t\t\t<\/div>\n\t\t\t\t<\/div>\n\t\t\t\t\t<\/div>\n\t\t\t\t<\/div>\n\t\t\t\t<\/div>\n\t\t","protected":false},"excerpt":{"rendered":"<p>Verwaltung von personenbezogenen Daten Falkenbergs B\u00e5ts\u00e4llskap ist eine gemeinn\u00fctzige Organisation mit Sitz in Falkenberg. Wir k\u00fcmmern uns um Ihre pers\u00f6nlichen Daten und behandeln sie in \u00dcbereinstimmung mit der neuen Allgemeinen Datenschutzverordnung. Mehr dar\u00fcber k\u00f6nnen Sie hier lesen. Die Allgemeine Datenschutzverordnung (GDPR) soll verhindern, dass Ihre Privatsph\u00e4re durch die Verarbeitung personenbezogener Daten verletzt wird. Ihre personenbezogenen [&hellip;]<\/p>\n","protected":false},"author":409,"featured_media":0,"parent":0,"menu_order":0,"comment_status":"closed","ping_status":"closed","template":"","meta":{"_acf_changed":false,"footnotes":""},"class_list":["post-29189","page","type-page","status-publish","hentry"],"acf":[],"jetpack_sharing_enabled":true,"_links":{"self":[{"href":"https:\/\/falkenbergs-batsallskap.se\/de\/wp-json\/wp\/v2\/pages\/29189","targetHints":{"allow":["GET"]}}],"collection":[{"href":"https:\/\/falkenbergs-batsallskap.se\/de\/wp-json\/wp\/v2\/pages"}],"about":[{"href":"https:\/\/falkenbergs-batsallskap.se\/de\/wp-json\/wp\/v2\/types\/page"}],"author":[{"embeddable":true,"href":"https:\/\/falkenbergs-batsallskap.se\/de\/wp-json\/wp\/v2\/users\/409"}],"replies":[{"embeddable":true,"href":"https:\/\/falkenbergs-batsallskap.se\/de\/wp-json\/wp\/v2\/comments?post=29189"}],"version-history":[{"count":2,"href":"https:\/\/falkenbergs-batsallskap.se\/de\/wp-json\/wp\/v2\/pages\/29189\/revisions"}],"predecessor-version":[{"id":29210,"href":"https:\/\/falkenbergs-batsallskap.se\/de\/wp-json\/wp\/v2\/pages\/29189\/revisions\/29210"}],"wp:attachment":[{"href":"https:\/\/falkenbergs-batsallskap.se\/de\/wp-json\/wp\/v2\/media?parent=29189"}],"curies":[{"name":"wp","href":"https:\/\/api.w.org\/{rel}","templated":true}]}}